{"id":16705,"date":"2025-10-20T09:57:42","date_gmt":"2025-10-20T09:57:42","guid":{"rendered":"https:\/\/www.damac.it\/non%20class\u00e9\/jcb-1cx-hf\/"},"modified":"2025-11-27T04:13:54","modified_gmt":"2025-11-27T04:13:54","slug":"jcb-1cx-hf","status":"publish","type":"product","link":"https:\/\/www.damac.it\/fr\/chargeuses-pelleteuses\/jcb-1cx-hf-foggia\/","title":{"rendered":"JCB 1CX-HF"},"content":{"rendered":"\n<p>Compacte, polyvalente et fiable, cette <strong>JCB 1CX-HF 2005<\/strong> est une chargeuse-pelleteuse rigide id\u00e9ale pour les travaux d&#8217;entretien, de creusement et de manutention dans les espaces confin\u00e9s. Avec <strong>4 000 heures de travail<\/strong>, elle est en bon \u00e9tat g\u00e9n\u00e9ral et parfaitement fonctionnelle. <\/p>\n\n<p><strong>HF (High Flow)<\/strong> indique l&#8217;<strong>augmentation du d\u00e9bit d&#8217;huile<\/strong>, ce qui permet d&#8217;utiliser des accessoires hydrauliques de haute performance, rendant la machine extr\u00eamement polyvalente. Elle est \u00e9quip\u00e9e d&#8217;un <strong>godet avant<\/strong> <strong>standard<\/strong> et d&#8217;un <strong>godet d&#8217;excavation<\/strong> arri\u00e8re, avec un <strong>bras<\/strong> arri\u00e8re <strong>standard<\/strong> pour la pr\u00e9cision et la stabilit\u00e9 pendant les op\u00e9rations. <\/p>\n\n<p>La machine est \u00e9quip\u00e9e de pneus <strong>10&#215;16,5<\/strong>, a un <strong>poids op\u00e9rationnel de 2,8 tonnes<\/strong> et des dimensions compactes : <strong>3,4 m de long<\/strong>, <strong>1,55 m de large<\/strong> et <strong>2,25 m de haut<\/strong>, des caract\u00e9ristiques qui la rendent facile \u00e0 transporter et parfaite pour travailler sur des chantiers de petite et moyenne taille.<\/p>\n\n<p>Aliment\u00e9 par un moteur <strong>Perkins 104.22<\/strong> fiable et efficace, le JCB 1CX HF allie puissance, agilit\u00e9 et pr\u00e9cision.<\/p>\n\n<p><\/p>\n","protected":false},"excerpt":{"rendered":"<p class=\"p1\">JCB 1CX HF de 2005, 4 000 heures, poids en ordre de marche 2 800 kg. Moteur Perkins 104.22 33 kW, godet avant et arri\u00e8re, syst\u00e8me de marteau, pneus 10&#215;16.5, fl\u00e8che arri\u00e8re standard. <\/p>\n","protected":false},"featured_media":16710,"template":"","meta":{"_acf_changed":false},"ubicazione_acf":[],"product_brand":[607],"product_cat":[406],"false":[757],"proprietario":[],"class_list":{"0":"post-16705","1":"product","2":"type-product","3":"status-publish","4":"has-post-thumbnail","6":"product_brand-jcb","7":"product_cat-chargeuses-pelleteuses","8":"product_tag-fr","9":"pa_brand-jcb","11":"first","12":"outofstock","13":"sold-individually","14":"shipping-taxable","15":"purchasable","16":"product-type-simple"},"acf":[],"_links":{"self":[{"href":"https:\/\/www.damac.it\/fr\/wp-json\/wp\/v2\/product\/16705","targetHints":{"allow":["GET"]}}],"collection":[{"href":"https:\/\/www.damac.it\/fr\/wp-json\/wp\/v2\/product"}],"about":[{"href":"https:\/\/www.damac.it\/fr\/wp-json\/wp\/v2\/types\/product"}],"wp:featuredmedia":[{"embeddable":true,"href":"https:\/\/www.damac.it\/fr\/wp-json\/wp\/v2\/media\/16710"}],"wp:attachment":[{"href":"https:\/\/www.damac.it\/fr\/wp-json\/wp\/v2\/media?parent=16705"}],"wp:term":[{"taxonomy":"ubicazione_acf","embeddable":true,"href":"https:\/\/www.damac.it\/fr\/wp-json\/wp\/v2\/ubicazione_acf?post=16705"},{"taxonomy":"product_brand","embeddable":true,"href":"https:\/\/www.damac.it\/fr\/wp-json\/wp\/v2\/product_brand?post=16705"},{"taxonomy":"product_cat","embeddable":true,"href":"https:\/\/www.damac.it\/fr\/wp-json\/wp\/v2\/product_cat?post=16705"},{"taxonomy":"product_tag","embeddable":true,"href":"https:\/\/www.damac.it\/fr\/wp-json\/wp\/v2\/false?post=16705"},{"taxonomy":"proprietario","embeddable":true,"href":"https:\/\/www.damac.it\/fr\/wp-json\/wp\/v2\/proprietario?post=16705"}],"curies":[{"name":"wp","href":"https:\/\/api.w.org\/{rel}","templated":true}]}}