{"id":16753,"date":"2025-10-20T10:16:42","date_gmt":"2025-10-20T10:16:42","guid":{"rendered":"https:\/\/www.damac.it\/non%20class\u00e9\/jcb-js130\/"},"modified":"2026-02-02T15:46:22","modified_gmt":"2026-02-02T15:46:22","slug":"jcb-js130","status":"publish","type":"product","link":"https:\/\/www.damac.it\/fr\/pelles-sur-chenilles\/jcb-js130-foggia\/","title":{"rendered":"JCB JS130"},"content":{"rendered":"\n<p>Fiable, puissante et polyvalente, cette <strong>JCB JS130 2005<\/strong> est une pelle sur chenilles id\u00e9ale pour les travaux d&#8217;excavation, de manutention et d&#8217;entretien sur les chantiers. Avec <strong>7000 heures de travail<\/strong>, elle est en bon \u00e9tat g\u00e9n\u00e9ral et enti\u00e8rement fonctionnelle. <\/p>\n\n<p>La machine est \u00e9quip\u00e9e de <strong>chenilles en fer<\/strong>, qui assurent une traction et une stabilit\u00e9 maximales m\u00eame sur les terrains les plus difficiles, et d&#8217;une <strong>lame avant<\/strong>, utile pour niveler et d\u00e9placer le sol.<br\/>La <strong>triple fl\u00e8che<\/strong> garantit une grande pr\u00e9cision et une grande amplitude de mouvement, tandis que le<strong>syst\u00e8me de marteaux<\/strong> et l&#8217;<strong>attache rapide<\/strong> rendent la machine extr\u00eamement flexible dans l&#8217;utilisation de diff\u00e9rents accessoires.<\/p>\n\n<p>Un <strong>godet de curage de foss\u00e9<\/strong> et <strong>deux godets de creusement<\/strong> compl\u00e8tent l&#8217;\u00e9quipement, rendant la pelle imm\u00e9diatement pr\u00eate \u00e0 travailler. La <strong>cabine ferm\u00e9e<\/strong> offre confort et s\u00e9curit\u00e9. <\/p>\n\n<p>\u00c9quip\u00e9 d&#8217;un moteur <strong>Isuzu A-4BG1TS1<\/strong> de <strong>70 kW<\/strong>, ce JCB allie puissance et efficacit\u00e9, offrant des performances constantes et une faible consommation de carburant.<\/p>\n","protected":false},"excerpt":{"rendered":"<p class=\"p1\">JCB JS130 de 2005, 7 000 heures, poids en ordre de marche 13 470 kg. Moteur Isuzu 70 kW, triple fl\u00e8che, chenilles en fer, syst\u00e8me de marteau, attache rapide, lame avant et trois godets inclus. <\/p>\n","protected":false},"featured_media":16754,"template":"","meta":{"_acf_changed":false},"ubicazione_acf":[],"product_brand":[607],"product_cat":[436],"false":[757],"proprietario":[],"class_list":{"0":"post-16753","1":"product","2":"type-product","3":"status-publish","4":"has-post-thumbnail","6":"product_brand-jcb","7":"product_cat-pelles-sur-chenilles","8":"product_tag-fr","9":"pa_brand-jcb","11":"first","12":"outofstock","13":"sold-individually","14":"shipping-taxable","15":"purchasable","16":"product-type-simple"},"acf":[],"_links":{"self":[{"href":"https:\/\/www.damac.it\/fr\/wp-json\/wp\/v2\/product\/16753","targetHints":{"allow":["GET"]}}],"collection":[{"href":"https:\/\/www.damac.it\/fr\/wp-json\/wp\/v2\/product"}],"about":[{"href":"https:\/\/www.damac.it\/fr\/wp-json\/wp\/v2\/types\/product"}],"wp:featuredmedia":[{"embeddable":true,"href":"https:\/\/www.damac.it\/fr\/wp-json\/wp\/v2\/media\/16754"}],"wp:attachment":[{"href":"https:\/\/www.damac.it\/fr\/wp-json\/wp\/v2\/media?parent=16753"}],"wp:term":[{"taxonomy":"ubicazione_acf","embeddable":true,"href":"https:\/\/www.damac.it\/fr\/wp-json\/wp\/v2\/ubicazione_acf?post=16753"},{"taxonomy":"product_brand","embeddable":true,"href":"https:\/\/www.damac.it\/fr\/wp-json\/wp\/v2\/product_brand?post=16753"},{"taxonomy":"product_cat","embeddable":true,"href":"https:\/\/www.damac.it\/fr\/wp-json\/wp\/v2\/product_cat?post=16753"},{"taxonomy":"product_tag","embeddable":true,"href":"https:\/\/www.damac.it\/fr\/wp-json\/wp\/v2\/false?post=16753"},{"taxonomy":"proprietario","embeddable":true,"href":"https:\/\/www.damac.it\/fr\/wp-json\/wp\/v2\/proprietario?post=16753"}],"curies":[{"name":"wp","href":"https:\/\/api.w.org\/{rel}","templated":true}]}}