{"id":16909,"date":"2025-10-20T15:58:34","date_gmt":"2025-10-20T15:58:34","guid":{"rendered":"https:\/\/www.damac.it\/non%20class\u00e9\/volvo-ec140blc\/"},"modified":"2026-04-08T07:57:01","modified_gmt":"2026-04-08T07:57:01","slug":"volvo-ec140blc","status":"publish","type":"product","link":"https:\/\/www.damac.it\/fr\/pelles-sur-chenilles\/volvo-ec140blc-foggia\/","title":{"rendered":"VOLVO EC140BLC"},"content":{"rendered":"\n<p>Robuste, fiable et puissante, cette <strong>Volvo EC140BLC 2000<\/strong> est une pelle sur chenilles con\u00e7ue pour des performances \u00e9lev\u00e9es et une grande pr\u00e9cision dans tous les types de travaux. Avec <strong>7 000 heures de travail<\/strong>, elle est en bon \u00e9tat g\u00e9n\u00e9ral et pr\u00eate \u00e0 \u00eatre utilis\u00e9e sur le chantier. <\/p>\n\n<p>La machine est \u00e9quip\u00e9e d&#8217;une <strong>fl\u00e8che monolithique<\/strong> dot\u00e9e d&#8217;un <strong>marteau, d&#8217;un grappin et d&#8217;un syst\u00e8me de rotation<\/strong>, ce qui accro\u00eet sa polyvalence op\u00e9rationnelle. Elle est \u00e9galement \u00e9quip\u00e9e de <strong>vannes de verrouillage<\/strong> pour une s\u00e9curit\u00e9 accrue lors des op\u00e9rations de levage et de manutention de charges. <\/p>\n\n<p>La pelle est \u00e9quip\u00e9e d&#8217;une <strong>attache rapide<\/strong> et d&#8217;un <strong>godet de creusement<\/strong>, pr\u00eat \u00e0 \u00eatre utilis\u00e9 imm\u00e9diatement. La <strong>cabine ferm\u00e9e<\/strong> offre confort et protection \u00e0 l&#8217;op\u00e9rateur, garantissant un environnement de travail s\u00fbr et silencieux, m\u00eame dans les conditions les plus exigeantes. <\/p>\n\n<p>Avec un <strong>poids op\u00e9rationnel de 14,8 tonnes<\/strong> et des dimensions de <strong>7,63 m de longueur<\/strong>, <strong>2,59 m de largeur<\/strong> et <strong>2,83 m de hauteur<\/strong>, le Volvo EC140BLC allie puissance et stabilit\u00e9, tout en restant facile \u00e0 man\u0153uvrer, m\u00eame dans des espaces de taille moyenne.<br\/>Il est propuls\u00e9 par un moteur <strong>Volvo D4D-EAE1<\/strong> fiable de <strong>69 kW<\/strong>, synonyme d&#8217;efficacit\u00e9, de durabilit\u00e9 et de faible consommation de carburant.<\/p>\n\n<p>Solide et performante, cette <strong>Volvo EC140BLC<\/strong> est un choix id\u00e9al pour ceux qui recherchent une pelle de milieu de gamme capable de fournir fiabilit\u00e9, puissance et pr\u00e9cision sur n&#8217;importe quel chantier.<\/p>\n\n<p><\/p>\n","protected":false},"excerpt":{"rendered":"<p class=\"p1\">Pelle sur chenilles VOLVO EC140BLC de 2000 avec 7 000 heures de travail. Poids 14 800 kg, cabine ferm\u00e9e, fl\u00e8che monolithique, syst\u00e8me de marteau et attache rapide inclus. Moteur VOLVO D4D-EAE1 de 69 kW.  <\/p>\n","protected":false},"featured_media":16910,"template":"","meta":{"_acf_changed":false},"ubicazione_acf":[],"product_brand":[659],"product_cat":[436],"false":[757],"proprietario":[],"class_list":{"0":"post-16909","1":"product","2":"type-product","3":"status-publish","4":"has-post-thumbnail","6":"product_brand-volvo","7":"product_cat-pelles-sur-chenilles","8":"product_tag-fr","9":"pa_brand-volvo","11":"first","12":"instock","13":"sold-individually","14":"shipping-taxable","15":"purchasable","16":"product-type-simple"},"acf":[],"_links":{"self":[{"href":"https:\/\/www.damac.it\/fr\/wp-json\/wp\/v2\/product\/16909","targetHints":{"allow":["GET"]}}],"collection":[{"href":"https:\/\/www.damac.it\/fr\/wp-json\/wp\/v2\/product"}],"about":[{"href":"https:\/\/www.damac.it\/fr\/wp-json\/wp\/v2\/types\/product"}],"wp:featuredmedia":[{"embeddable":true,"href":"https:\/\/www.damac.it\/fr\/wp-json\/wp\/v2\/media\/16910"}],"wp:attachment":[{"href":"https:\/\/www.damac.it\/fr\/wp-json\/wp\/v2\/media?parent=16909"}],"wp:term":[{"taxonomy":"ubicazione_acf","embeddable":true,"href":"https:\/\/www.damac.it\/fr\/wp-json\/wp\/v2\/ubicazione_acf?post=16909"},{"taxonomy":"product_brand","embeddable":true,"href":"https:\/\/www.damac.it\/fr\/wp-json\/wp\/v2\/product_brand?post=16909"},{"taxonomy":"product_cat","embeddable":true,"href":"https:\/\/www.damac.it\/fr\/wp-json\/wp\/v2\/product_cat?post=16909"},{"taxonomy":"product_tag","embeddable":true,"href":"https:\/\/www.damac.it\/fr\/wp-json\/wp\/v2\/false?post=16909"},{"taxonomy":"proprietario","embeddable":true,"href":"https:\/\/www.damac.it\/fr\/wp-json\/wp\/v2\/proprietario?post=16909"}],"curies":[{"name":"wp","href":"https:\/\/api.w.org\/{rel}","templated":true}]}}