{"id":16991,"date":"2025-10-20T16:05:39","date_gmt":"2025-10-20T16:05:39","guid":{"rendered":"https:\/\/www.damac.it\/non%20class\u00e9\/kubota-u17\/"},"modified":"2026-02-06T15:49:52","modified_gmt":"2026-02-06T15:49:52","slug":"kubota-u17","status":"publish","type":"product","link":"https:\/\/www.damac.it\/fr\/mini-pelles\/kubota-u17-foggia\/","title":{"rendered":"KUBOTA U17"},"content":{"rendered":"\n<p>Compacte, pr\u00e9cise et maniable, cette <strong>Kubota U17-3\u03b1 2017<\/strong> est la mini-pelle id\u00e9ale pour travailler dans les espaces confin\u00e9s tout en assurant puissance et stabilit\u00e9. Avec <strong>2 000 heures de travail<\/strong>, elle est en excellent \u00e9tat et pr\u00eate \u00e0 \u00eatre utilis\u00e9e imm\u00e9diatement. <\/p>\n\n<p>La machine est \u00e9quip\u00e9e de <strong>nouvelles chenilles en caoutchouc<\/strong>, d&#8217;un <strong>train de roulement variable<\/strong> et d&#8217;une <strong>lame frontale<\/strong>, caract\u00e9ristiques qui garantissent une excellente adh\u00e9rence, stabilit\u00e9 et polyvalence, m\u00eame sur les chantiers les plus \u00e9troits. Le <strong>syst\u00e8me de<\/strong> pivotement permet \u00e0 la tourelle de pivoter compl\u00e8tement sans que le contrepoids ne d\u00e9passe, ce qui permet des op\u00e9rations s\u00fbres et pr\u00e9cises dans les espaces confin\u00e9s. <\/p>\n\n<p>La mini-pelle est \u00e9quip\u00e9e de <strong>deux godets \u00e0 attache rapide Cangini<\/strong>, qui permettent de changer d&#8217;accessoire rapidement et facilement. Elle est \u00e9galement \u00e9quip\u00e9e d&#8217;un <strong>toit de protection<\/strong>, confortable et l\u00e9ger, id\u00e9al pour travailler \u00e0 l&#8217;ext\u00e9rieur tout en conservant une excellente visibilit\u00e9. <\/p>\n\n<p>Avec un <strong>poids en ordre de marche de 1,65 tonnes<\/strong> et des dimensions compactes : <strong>3,545 m de long<\/strong>, <strong>1,24 m de large<\/strong> et <strong>2,34 m de haut<\/strong>, la Kubota U17-3\u03b1 est facile \u00e0 transporter et parfaite pour les travaux d&#8217;entretien, de construction et de jardinage professionnel.<br\/>Le moteur <strong>Kubota D902 de<\/strong> <strong>11,8 kW<\/strong> garantit l&#8217;efficacit\u00e9, une faible consommation de carburant et une grande fiabilit\u00e9.<\/p>\n\n<p><\/p>\n","protected":false},"excerpt":{"rendered":"<p class=\"p1\">2017 Minipelle KUBOTA U17-3\u03b1 avec 2 000 heures de travail. Poids 1 650 kg, d\u00e9port arri\u00e8re nul, train de roulement variable, nouvelles chenilles, lame avant et deux godets Cangini en attache rapide. Moteur Kubota D902 de 11,8 kW.  <\/p>\n","protected":false},"featured_media":16992,"template":"","meta":{"_acf_changed":false},"ubicazione_acf":[],"product_brand":[604],"product_cat":[412],"false":[757],"proprietario":[],"class_list":{"0":"post-16991","1":"product","2":"type-product","3":"status-publish","4":"has-post-thumbnail","6":"product_brand-kubota","7":"product_cat-mini-pelles","8":"product_tag-fr","9":"pa_brand-kubota","11":"first","12":"outofstock","13":"sold-individually","14":"shipping-taxable","15":"purchasable","16":"product-type-simple"},"acf":[],"_links":{"self":[{"href":"https:\/\/www.damac.it\/fr\/wp-json\/wp\/v2\/product\/16991","targetHints":{"allow":["GET"]}}],"collection":[{"href":"https:\/\/www.damac.it\/fr\/wp-json\/wp\/v2\/product"}],"about":[{"href":"https:\/\/www.damac.it\/fr\/wp-json\/wp\/v2\/types\/product"}],"wp:featuredmedia":[{"embeddable":true,"href":"https:\/\/www.damac.it\/fr\/wp-json\/wp\/v2\/media\/16992"}],"wp:attachment":[{"href":"https:\/\/www.damac.it\/fr\/wp-json\/wp\/v2\/media?parent=16991"}],"wp:term":[{"taxonomy":"ubicazione_acf","embeddable":true,"href":"https:\/\/www.damac.it\/fr\/wp-json\/wp\/v2\/ubicazione_acf?post=16991"},{"taxonomy":"product_brand","embeddable":true,"href":"https:\/\/www.damac.it\/fr\/wp-json\/wp\/v2\/product_brand?post=16991"},{"taxonomy":"product_cat","embeddable":true,"href":"https:\/\/www.damac.it\/fr\/wp-json\/wp\/v2\/product_cat?post=16991"},{"taxonomy":"product_tag","embeddable":true,"href":"https:\/\/www.damac.it\/fr\/wp-json\/wp\/v2\/false?post=16991"},{"taxonomy":"proprietario","embeddable":true,"href":"https:\/\/www.damac.it\/fr\/wp-json\/wp\/v2\/proprietario?post=16991"}],"curies":[{"name":"wp","href":"https:\/\/api.w.org\/{rel}","templated":true}]}}