{"id":17046,"date":"2025-10-21T07:37:25","date_gmt":"2025-10-21T07:37:25","guid":{"rendered":"https:\/\/www.damac.it\/non%20class\u00e9\/jcb-8030zts\/"},"modified":"2026-01-12T09:18:29","modified_gmt":"2026-01-12T09:18:29","slug":"jcb-8030zts","status":"publish","type":"product","link":"https:\/\/www.damac.it\/fr\/mini-pelles\/jcb-8030zts-foggia\/","title":{"rendered":"JCB 8030 ZTS"},"content":{"rendered":"\n<p>Fiable, compacte et maniable, cette <strong>JCB 8030 ZTS 2008<\/strong> est une mini-pelle \u00e0 d\u00e9port nul id\u00e9ale pour les travaux d&#8217;excavation, d&#8217;entretien et de construction dans les espaces confin\u00e9s. Avec <strong>5 000 heures de travail<\/strong>, elle est en bon \u00e9tat g\u00e9n\u00e9ral et imm\u00e9diatement op\u00e9rationnelle. <\/p>\n\n<p>La machine est \u00e9quip\u00e9e de <strong>nouvelles chenilles en caoutchouc<\/strong>, qui garantissent une excellente adh\u00e9rence et une usure r\u00e9duite des surfaces, et d&#8217;une <strong>lame frontale<\/strong>, parfaite pour niveler et d\u00e9placer le sol. La <strong>fl\u00e8che monolithique<\/strong> avec <strong>syst\u00e8me de marteau<\/strong> garantit la robustesse et la pr\u00e9cision des op\u00e9rations, tandis que la <strong>cabine ferm\u00e9e<\/strong> offre confort et s\u00e9curit\u00e9 \u00e0 l&#8217;op\u00e9rateur dans toutes les conditions de travail. <\/p>\n\n<p>\u00c9quip\u00e9e de <strong>deux godets de creusement<\/strong>, la JCB 8030 ZTS est un v\u00e9ritable alli\u00e9 pour ceux qui recherchent une machine polyvalente et pr\u00eate \u00e0 l&#8217;emploi. La technologie &#8220;zero-tail <strong>swing<\/strong> &#8221; vous permet de travailler dans des espaces restreints, en \u00e9vitant les saillies du contrepoids pendant la rotation. <\/p>\n\n<p>Avec un <strong>poids op\u00e9rationnel de 3,22 tonnes<\/strong> et des dimensions de <strong>4,29 m de longueur<\/strong>, <strong>1,65 m de largeur<\/strong> et <strong>2,43 m de hauteur<\/strong>, cette machine allie compacit\u00e9 et stabilit\u00e9.<br\/>Elle est \u00e9quip\u00e9e d&#8217;un moteur <strong>Perkins 403D-15<\/strong> fiable de <strong>20 kW<\/strong>, synonyme d&#8217;efficacit\u00e9 et de durabilit\u00e9.<\/p>\n\n<p>Solide et performante, la <strong>JCB 8030 ZTS<\/strong> est le choix id\u00e9al pour ceux qui veulent une mini-pelle de qualit\u00e9, pr\u00eate \u00e0 fournir productivit\u00e9 et fiabilit\u00e9 sur n&#8217;importe quel chantier.<\/p>\n\n<p><\/p>\n","protected":false},"excerpt":{"rendered":"<p class=\"p1\">Mini-pelle JCB 8030 ZTS de 2008 avec 5 000 heures de travail. Poids en ordre de marche 3.220 kg, cabine ferm\u00e9e, rotation arri\u00e8re nulle, syst\u00e8me de marteau et lame frontale. Chenilles neuves, deux godets de creusement inclus. Moteur Perkins 403D-15 20 kW.   <\/p>\n","protected":false},"featured_media":17093,"template":"","meta":{"_acf_changed":false},"ubicazione_acf":[],"product_brand":[607],"product_cat":[412],"false":[757],"proprietario":[],"class_list":{"0":"post-17046","1":"product","2":"type-product","3":"status-publish","4":"has-post-thumbnail","6":"product_brand-jcb","7":"product_cat-mini-pelles","8":"product_tag-fr","9":"pa_brand-jcb","11":"first","12":"outofstock","13":"sold-individually","14":"shipping-taxable","15":"purchasable","16":"product-type-simple"},"acf":[],"_links":{"self":[{"href":"https:\/\/www.damac.it\/fr\/wp-json\/wp\/v2\/product\/17046","targetHints":{"allow":["GET"]}}],"collection":[{"href":"https:\/\/www.damac.it\/fr\/wp-json\/wp\/v2\/product"}],"about":[{"href":"https:\/\/www.damac.it\/fr\/wp-json\/wp\/v2\/types\/product"}],"wp:featuredmedia":[{"embeddable":true,"href":"https:\/\/www.damac.it\/fr\/wp-json\/wp\/v2\/media\/17093"}],"wp:attachment":[{"href":"https:\/\/www.damac.it\/fr\/wp-json\/wp\/v2\/media?parent=17046"}],"wp:term":[{"taxonomy":"ubicazione_acf","embeddable":true,"href":"https:\/\/www.damac.it\/fr\/wp-json\/wp\/v2\/ubicazione_acf?post=17046"},{"taxonomy":"product_brand","embeddable":true,"href":"https:\/\/www.damac.it\/fr\/wp-json\/wp\/v2\/product_brand?post=17046"},{"taxonomy":"product_cat","embeddable":true,"href":"https:\/\/www.damac.it\/fr\/wp-json\/wp\/v2\/product_cat?post=17046"},{"taxonomy":"product_tag","embeddable":true,"href":"https:\/\/www.damac.it\/fr\/wp-json\/wp\/v2\/false?post=17046"},{"taxonomy":"proprietario","embeddable":true,"href":"https:\/\/www.damac.it\/fr\/wp-json\/wp\/v2\/proprietario?post=17046"}],"curies":[{"name":"wp","href":"https:\/\/api.w.org\/{rel}","templated":true}]}}