{"id":17187,"date":"2025-10-21T07:50:48","date_gmt":"2025-10-21T07:50:48","guid":{"rendered":"https:\/\/www.damac.it\/non%20class\u00e9\/yanmar-vio30\/"},"modified":"2026-01-12T09:18:27","modified_gmt":"2026-01-12T09:18:27","slug":"yanmar-vio30","status":"publish","type":"product","link":"https:\/\/www.damac.it\/fr\/mini-pelles\/yanmar-vio30-foggia\/","title":{"rendered":"YANMAR VIO30"},"content":{"rendered":"\n<p>Compacte, pr\u00e9cise et fiable, cette <strong>Yanmar VIO30 2008<\/strong> est une mini-excavatrice \u00e0 oscillation sans queue, id\u00e9ale pour travailler dans des espaces confin\u00e9s sans sacrifier la puissance et la stabilit\u00e9. Avec <strong>3 700 heures de travail<\/strong>, elle est en excellent \u00e9tat et pr\u00eate \u00e0 l&#8217;emploi. <\/p>\n\n<p>La machine est \u00e9quip\u00e9e de <strong>chenilles en caoutchouc<\/strong>, qui offrent une excellente adh\u00e9rence et une moindre usure sur les surfaces d\u00e9licates, et d&#8217;une <strong>lame frontale<\/strong> pour le nivellement et le d\u00e9placement du sol. La <strong>fl\u00e8che monolithique<\/strong> avec <strong>syst\u00e8me de marteau<\/strong> assure polyvalence et pr\u00e9cision dans tous les types d&#8217;op\u00e9rations, tandis que la <strong>cabine ferm\u00e9e<\/strong> offre confort et s\u00e9curit\u00e9 \u00e0 l&#8217;op\u00e9rateur. <\/p>\n\n<p>La ViO30 est livr\u00e9e avec <strong>deux godets mont\u00e9s sur pivot<\/strong>, pr\u00eats \u00e0 \u00eatre utilis\u00e9s imm\u00e9diatement. Gr\u00e2ce \u00e0 son <strong>syst\u00e8me d&#8217;oscillation<\/strong> sans queue, l&#8217;arri\u00e8re de la machine ne d\u00e9passe pas pendant la rotation, ce qui permet de travailler en toute s\u00e9curit\u00e9, m\u00eame dans les espaces restreints. <\/p>\n\n<p>Avec un <strong>poids op\u00e9rationnel de 3,27 tonnes<\/strong> et des dimensions de <strong>4,32 m de longueur<\/strong>, <strong>1,55 m de largeur<\/strong> et <strong>2,53 m de hauteur<\/strong>, la mini-pelle est facile \u00e0 transporter et \u00e0 man\u0153uvrer.<br\/>Elle est \u00e9quip\u00e9e d&#8217;un moteur <strong>Yanmar 3TNV82A<\/strong>, synonyme d&#8217;efficacit\u00e9 et de fiabilit\u00e9, offrant puissance et faible consommation de carburant.<\/p>\n\n<p>Solide, compacte et pr\u00eate \u00e0 travailler, cette <strong>Yanmar VIO30<\/strong> est le choix id\u00e9al pour ceux qui recherchent une pelle polyvalente et performante, parfaite pour les chantiers urbains et les travaux de pr\u00e9cision.<\/p>\n\n<p><\/p>\n","protected":false},"excerpt":{"rendered":"<p class=\"p1\">Mini-excavatrice YANMAR VIO30 de 2008 avec 3 700 heures de travail. Poids en ordre de marche 3 270 kg, pas de d\u00e9port arri\u00e8re, cabine ferm\u00e9e, lame avant, syst\u00e8me de marteau et deux godets. Chenilles en caoutchouc, moteur Yanmar 3TNV82A 18 kW.  <\/p>\n","protected":false},"featured_media":17192,"template":"","meta":{"_acf_changed":false},"ubicazione_acf":[],"product_brand":[699],"product_cat":[412],"false":[757],"proprietario":[],"class_list":{"0":"post-17187","1":"product","2":"type-product","3":"status-publish","4":"has-post-thumbnail","6":"product_brand-yanmar","7":"product_cat-mini-pelles","8":"product_tag-fr","9":"pa_brand-yanmar","11":"first","12":"outofstock","13":"sold-individually","14":"shipping-taxable","15":"purchasable","16":"product-type-simple"},"acf":[],"_links":{"self":[{"href":"https:\/\/www.damac.it\/fr\/wp-json\/wp\/v2\/product\/17187","targetHints":{"allow":["GET"]}}],"collection":[{"href":"https:\/\/www.damac.it\/fr\/wp-json\/wp\/v2\/product"}],"about":[{"href":"https:\/\/www.damac.it\/fr\/wp-json\/wp\/v2\/types\/product"}],"wp:featuredmedia":[{"embeddable":true,"href":"https:\/\/www.damac.it\/fr\/wp-json\/wp\/v2\/media\/17192"}],"wp:attachment":[{"href":"https:\/\/www.damac.it\/fr\/wp-json\/wp\/v2\/media?parent=17187"}],"wp:term":[{"taxonomy":"ubicazione_acf","embeddable":true,"href":"https:\/\/www.damac.it\/fr\/wp-json\/wp\/v2\/ubicazione_acf?post=17187"},{"taxonomy":"product_brand","embeddable":true,"href":"https:\/\/www.damac.it\/fr\/wp-json\/wp\/v2\/product_brand?post=17187"},{"taxonomy":"product_cat","embeddable":true,"href":"https:\/\/www.damac.it\/fr\/wp-json\/wp\/v2\/product_cat?post=17187"},{"taxonomy":"product_tag","embeddable":true,"href":"https:\/\/www.damac.it\/fr\/wp-json\/wp\/v2\/false?post=17187"},{"taxonomy":"proprietario","embeddable":true,"href":"https:\/\/www.damac.it\/fr\/wp-json\/wp\/v2\/proprietario?post=17187"}],"curies":[{"name":"wp","href":"https:\/\/api.w.org\/{rel}","templated":true}]}}