{"id":17524,"date":"2025-10-23T09:55:13","date_gmt":"2025-10-23T09:55:13","guid":{"rendered":"https:\/\/www.damac.it\/non%20class\u00e9\/jcb-225\/"},"modified":"2026-04-10T09:10:21","modified_gmt":"2026-04-10T09:10:21","slug":"jcb-225","status":"publish","type":"product","link":"https:\/\/www.damac.it\/fr\/mini-chargeuses\/jcb-225-anguillara-sabazia\/","title":{"rendered":"JCB 225"},"content":{"rendered":"\n<p>Compacte, puissante et fiable, cette <strong>JCB 225 de 2012<\/strong> est une <strong><a href=\"https:\/\/www.damac.it\/fr\/mini-chargeuses\/\">mini-chargeuse<\/a> sur pneus haute performance<\/strong>, id\u00e9ale pour les travaux de terrassement, le chargement de mat\u00e9riaux et la maintenance dans les espaces restreints.<\/p>\n\n<p>Avec <strong>3 455 heures de travail<\/strong>, elle se pr\u00e9sente en <strong>excellent \u00e9tat g\u00e9n\u00e9ral<\/strong> et imm\u00e9diatement op\u00e9rationnelle. La machine est \u00e9quip\u00e9e d&#8217;un <strong>syst\u00e8me brise-roche<\/strong>, d&#8217;un <strong><a href=\"https:\/\/www.damac.it\/fr\/accessoires\/\">godet<\/a> de chargement<\/strong> et d&#8217;une <strong>cabine ferm\u00e9e<\/strong> (sans la porte), qui garantit n\u00e9anmoins confort et protection \u00e0 l&#8217;op\u00e9rateur. <\/p>\n\n<p>Le <strong>moteur JCB TC55 de 52 kW<\/strong> garantit une puissance constante, une faible consommation de carburant et une grande fiabilit\u00e9.<\/p>\n\n<p>Avec un <strong>poids en ordre de marche de 3 930 kg<\/strong> et des dimensions de <strong>3,69 m de long, 1,82 m de large et 2,09 m de haut<\/strong>, le JCB 225 allie <strong>stabilit\u00e9 et maniabilit\u00e9<\/strong>, ce qui le rend id\u00e9al pour les exploitations agricoles, les chantiers de construction et les travaux d&#8217;entretien des routes.<\/p>\n\n<p>La <strong>certification CE<\/strong> et la <strong>fiche technique disponible<\/strong> garantissent la transparence et la s\u00e9curit\u00e9, ce qui en fait un choix judicieux pour ceux qui recherchent une <strong>machine pr\u00eate \u00e0 l&#8217;emploi \u00e0 un prix comp\u00e9titif.<\/strong><\/p>\n\n<p>Solide, polyvalente et facile \u00e0 entretenir, cette <strong>JCB 225<\/strong> repr\u00e9sente un excellent investissement dans le segment des chargeuses sur pneus professionnelles.<\/p>\n\n<div class=\"wp-block-webfactory-map\"><div class=\"wp-block-webfactory-map\"><iframe title=\"Carte\" width=\"100%\" height=\"380px\" src=\"https:\/\/www.google.com\/maps\/embed\/v1\/place?q=anguillara%20sabazia&amp;maptype=roadmap&amp;zoom=7&amp;key=AIzaSyCbpj9Ji_jwudUhfVpTXiPB79zpZZSDW8c\" frameborder=\"0\"><\/iframe><\/div><\/div>\n","protected":false},"excerpt":{"rendered":"<p>Chargeuse compacte JCB 225 de 2012 avec 3 455 heures de travail, cabine ferm\u00e9e (porte manquante), syst\u00e8me de marteau et godet de chargement inclus. Moteur JCB TC55 de 52 kW, poids op\u00e9rationnel de 3 930 kg, en bon \u00e9tat et pr\u00eat \u00e0 travailler. <\/p>\n","protected":false},"featured_media":17525,"template":"","meta":{"_acf_changed":false},"ubicazione_acf":[],"product_brand":[607],"product_cat":[426],"false":[757],"proprietario":[],"class_list":{"0":"post-17524","1":"product","2":"type-product","3":"status-publish","4":"has-post-thumbnail","6":"product_brand-jcb","7":"product_cat-mini-chargeuses","8":"product_tag-fr","9":"pa_brand-jcb","11":"first","12":"outofstock","13":"sale","14":"sold-individually","15":"shipping-taxable","16":"purchasable","17":"product-type-simple"},"acf":[],"_links":{"self":[{"href":"https:\/\/www.damac.it\/fr\/wp-json\/wp\/v2\/product\/17524","targetHints":{"allow":["GET"]}}],"collection":[{"href":"https:\/\/www.damac.it\/fr\/wp-json\/wp\/v2\/product"}],"about":[{"href":"https:\/\/www.damac.it\/fr\/wp-json\/wp\/v2\/types\/product"}],"wp:featuredmedia":[{"embeddable":true,"href":"https:\/\/www.damac.it\/fr\/wp-json\/wp\/v2\/media\/17525"}],"wp:attachment":[{"href":"https:\/\/www.damac.it\/fr\/wp-json\/wp\/v2\/media?parent=17524"}],"wp:term":[{"taxonomy":"ubicazione_acf","embeddable":true,"href":"https:\/\/www.damac.it\/fr\/wp-json\/wp\/v2\/ubicazione_acf?post=17524"},{"taxonomy":"product_brand","embeddable":true,"href":"https:\/\/www.damac.it\/fr\/wp-json\/wp\/v2\/product_brand?post=17524"},{"taxonomy":"product_cat","embeddable":true,"href":"https:\/\/www.damac.it\/fr\/wp-json\/wp\/v2\/product_cat?post=17524"},{"taxonomy":"product_tag","embeddable":true,"href":"https:\/\/www.damac.it\/fr\/wp-json\/wp\/v2\/false?post=17524"},{"taxonomy":"proprietario","embeddable":true,"href":"https:\/\/www.damac.it\/fr\/wp-json\/wp\/v2\/proprietario?post=17524"}],"curies":[{"name":"wp","href":"https:\/\/api.w.org\/{rel}","templated":true}]}}