{"id":18447,"date":"2025-11-14T08:48:32","date_gmt":"2025-11-14T08:48:32","guid":{"rendered":"https:\/\/www.damac.it\/non%20class\u00e9\/gf-gordini-swc168\/"},"modified":"2026-04-08T08:43:31","modified_gmt":"2026-04-08T08:43:31","slug":"gf-gordini-swc168","status":"publish","type":"product","link":"https:\/\/www.damac.it\/fr\/seaux-de-balayage\/gf-gordini-swc168-anguillara-sabazia\/","title":{"rendered":"GF GORDINI SX168"},"content":{"rendered":"\n<p>La balayeuse professionnelle <strong>GF Gordini SX168<\/strong> est con\u00e7ue pour des performances \u00e9lev\u00e9es dans le nettoyage des cours, des entrep\u00f4ts, des zones industrielles et des surfaces ext\u00e9rieures. Gr\u00e2ce \u00e0 sa construction robuste et \u00e0 son syst\u00e8me de collecte int\u00e9gr\u00e9, elle offre une grande capacit\u00e9 de travail m\u00eame dans des contextes intensifs. <\/p>\n\n<p>Compatible avec les principales chargeuses <strong>compactes<\/strong>, cette balayeuse garantit un attelage rapide, un entretien simplifi\u00e9 et un r\u00e9sultat de nettoyage uniforme. Le poids de <strong>380 kg<\/strong> garantit la stabilit\u00e9 op\u00e9rationnelle, tandis que les mat\u00e9riaux \u00e0 haute r\u00e9sistance contribuent \u00e0 une longue dur\u00e9e de vie. <\/p>\n\n<p>La machine est <strong>certifi\u00e9e CE<\/strong>, \u00e9quip\u00e9e d&#8217;une <strong>fiche technique<\/strong> et pr\u00eate \u00e0 l&#8217;emploi. Elle est id\u00e9ale pour les entreprises de construction, la logistique, les exploitations agricoles, l&#8217;entretien des routes et les services de nettoyage professionnels. <\/p>\n\n<p>Disponible dans nos locaux \u00e0 <strong>Anguillara Sabazia (Rome)<\/strong>. Possibilit\u00e9 de transport dans toute l&#8217;Italie avec des courriers sp\u00e9cialis\u00e9s. <\/p>\n\n<div class=\"wp-block-webfactory-map\"><div class=\"wp-block-webfactory-map\"><iframe title=\"Carte\" width=\"100%\" height=\"380px\" src=\"https:\/\/www.google.com\/maps\/embed\/v1\/place?q=anguillara%20sabazia&amp;maptype=roadmap&amp;zoom=7&amp;key=AIzaSyCbpj9Ji_jwudUhfVpTXiPB79zpZZSDW8c\" frameborder=\"0\"><\/iframe><\/div><\/div>\n","protected":false},"excerpt":{"rendered":"<p class=\"p1\">Balayeuse \u00e0 godet Gordini SX168 de 2025, compatible avec les chargeurs compacts, 380 kg, certifi\u00e9e CE et en excellent \u00e9tat. Id\u00e9ale pour le nettoyage professionnel des cours, des hangars et des zones industrielles. Disponible \u00e0 Anguillara Sabazia, livraison rapide.  <\/p>\n","protected":false},"featured_media":18453,"template":"","meta":{"_acf_changed":false},"ubicazione_acf":[],"product_brand":[743],"product_cat":[744],"false":[757],"proprietario":[],"class_list":{"0":"post-18447","1":"product","2":"type-product","3":"status-publish","4":"has-post-thumbnail","6":"product_brand-gf-gordini","7":"product_cat-seaux-de-balayage","8":"product_tag-fr","9":"pa_brand-gf-gordini","11":"first","12":"instock","13":"sale","14":"sold-individually","15":"shipping-taxable","16":"purchasable","17":"product-type-simple"},"acf":[],"_links":{"self":[{"href":"https:\/\/www.damac.it\/fr\/wp-json\/wp\/v2\/product\/18447","targetHints":{"allow":["GET"]}}],"collection":[{"href":"https:\/\/www.damac.it\/fr\/wp-json\/wp\/v2\/product"}],"about":[{"href":"https:\/\/www.damac.it\/fr\/wp-json\/wp\/v2\/types\/product"}],"wp:featuredmedia":[{"embeddable":true,"href":"https:\/\/www.damac.it\/fr\/wp-json\/wp\/v2\/media\/18453"}],"wp:attachment":[{"href":"https:\/\/www.damac.it\/fr\/wp-json\/wp\/v2\/media?parent=18447"}],"wp:term":[{"taxonomy":"ubicazione_acf","embeddable":true,"href":"https:\/\/www.damac.it\/fr\/wp-json\/wp\/v2\/ubicazione_acf?post=18447"},{"taxonomy":"product_brand","embeddable":true,"href":"https:\/\/www.damac.it\/fr\/wp-json\/wp\/v2\/product_brand?post=18447"},{"taxonomy":"product_cat","embeddable":true,"href":"https:\/\/www.damac.it\/fr\/wp-json\/wp\/v2\/product_cat?post=18447"},{"taxonomy":"product_tag","embeddable":true,"href":"https:\/\/www.damac.it\/fr\/wp-json\/wp\/v2\/false?post=18447"},{"taxonomy":"proprietario","embeddable":true,"href":"https:\/\/www.damac.it\/fr\/wp-json\/wp\/v2\/proprietario?post=18447"}],"curies":[{"name":"wp","href":"https:\/\/api.w.org\/{rel}","templated":true}]}}