{"id":18823,"date":"2025-11-21T15:15:08","date_gmt":"2025-11-21T15:15:08","guid":{"rendered":"https:\/\/www.damac.it\/non%20class\u00e9\/ihimer-40jx-2006\/"},"modified":"2026-04-08T08:44:56","modified_gmt":"2026-04-08T08:44:56","slug":"ihimer-40jx-2006","status":"publish","type":"product","link":"https:\/\/www.damac.it\/fr\/mini-pelles\/ihimer-40jx-2006-anguillara-sabazia\/","title":{"rendered":"IHIMER 40JX"},"content":{"rendered":"\n<p>La <a href=\"https:\/\/www.damac.it\/fr\/mini-pelles\/\">minipelle<\/a> <strong>IHIMER 40JX<\/strong> est une machine compacte et fiable, con\u00e7ue pour offrir d\u2019excellentes performances sur les chantiers routiers, de construction et agricoles. Avec un poids op\u00e9rationnel de <strong>4 390 kg<\/strong> et une structure robuste, elle garantit stabilit\u00e9, pr\u00e9cision et productivit\u00e9 m\u00eame pour les travaux les plus exigeants. <\/p>\n\n<p>Ce mod\u00e8le de <strong>2006<\/strong> est en bon \u00e9tat g\u00e9n\u00e9ral, avec <strong>5 542 heures de travail<\/strong>, une cabine ferm\u00e9e pour un confort optimal, des <strong>chenilles en caoutchouc neuves \u00e0 100 %<\/strong>, une ligne marteau d\u00e9j\u00e0 install\u00e9e et un <a href=\"https:\/\/www.damac.it\/fr\/accessoires\/\">godet<\/a> de terrassement inclus. La fl\u00e8che monobloc assure force et pr\u00e9cision dans les mouvements, tandis que la lame frontale le rend id\u00e9al pour les op\u00e9rations de nivellement et de nettoyage. <\/p>\n\n<p>Nous exp\u00e9dions dans toute l&#8217;Italie et \u00e0 l&#8217;\u00e9tranger avec des transporteurs sp\u00e9cialis\u00e9s et nous offrons une assistance technique avant et apr\u00e8s-vente. Comme toutes les machines DAMAC, cette IHIMER 40JX a \u00e9t\u00e9 contr\u00f4l\u00e9e et test\u00e9e avant d&#8217;\u00eatre mise en circulation afin de garantir sa fiabilit\u00e9 et sa s\u00e9curit\u00e9. <\/p>\n\n<div class=\"wp-block-webfactory-map\"><div class=\"wp-block-webfactory-map\"><iframe title=\"Carte\" width=\"100%\" height=\"380px\" src=\"https:\/\/www.google.com\/maps\/embed\/v1\/place?q=anguillara%20sabazia&amp;maptype=roadmap&amp;zoom=7&amp;key=AIzaSyCbpj9Ji_jwudUhfVpTXiPB79zpZZSDW8c\" frameborder=\"0\"><\/iframe><\/div><\/div>\n","protected":false},"excerpt":{"rendered":"<p>Miniexcavator IHIMER 40JX de 2006, 4,390 kg, syst\u00e8me de marteau, lame, cabine ferm\u00e9e et chenilles en caoutchouc 100% neuves. Machine test\u00e9e et pr\u00eate \u00e0 l&#8217;emploi. <\/p>\n","protected":false},"featured_media":18824,"template":"","meta":{"_acf_changed":false},"ubicazione_acf":[],"product_brand":[769],"product_cat":[412],"false":[757],"proprietario":[],"class_list":{"0":"post-18823","1":"product","2":"type-product","3":"status-publish","4":"has-post-thumbnail","6":"product_brand-ihimer","7":"product_cat-mini-pelles","8":"product_tag-fr","9":"pa_brand-ihimer","11":"first","12":"instock","13":"sale","14":"sold-individually","15":"shipping-taxable","16":"purchasable","17":"product-type-simple"},"acf":[],"_links":{"self":[{"href":"https:\/\/www.damac.it\/fr\/wp-json\/wp\/v2\/product\/18823","targetHints":{"allow":["GET"]}}],"collection":[{"href":"https:\/\/www.damac.it\/fr\/wp-json\/wp\/v2\/product"}],"about":[{"href":"https:\/\/www.damac.it\/fr\/wp-json\/wp\/v2\/types\/product"}],"wp:featuredmedia":[{"embeddable":true,"href":"https:\/\/www.damac.it\/fr\/wp-json\/wp\/v2\/media\/18824"}],"wp:attachment":[{"href":"https:\/\/www.damac.it\/fr\/wp-json\/wp\/v2\/media?parent=18823"}],"wp:term":[{"taxonomy":"ubicazione_acf","embeddable":true,"href":"https:\/\/www.damac.it\/fr\/wp-json\/wp\/v2\/ubicazione_acf?post=18823"},{"taxonomy":"product_brand","embeddable":true,"href":"https:\/\/www.damac.it\/fr\/wp-json\/wp\/v2\/product_brand?post=18823"},{"taxonomy":"product_cat","embeddable":true,"href":"https:\/\/www.damac.it\/fr\/wp-json\/wp\/v2\/product_cat?post=18823"},{"taxonomy":"product_tag","embeddable":true,"href":"https:\/\/www.damac.it\/fr\/wp-json\/wp\/v2\/false?post=18823"},{"taxonomy":"proprietario","embeddable":true,"href":"https:\/\/www.damac.it\/fr\/wp-json\/wp\/v2\/proprietario?post=18823"}],"curies":[{"name":"wp","href":"https:\/\/api.w.org\/{rel}","templated":true}]}}