{"id":19589,"date":"2025-11-25T17:15:04","date_gmt":"2025-11-25T17:15:04","guid":{"rendered":"https:\/\/www.damac.it\/non%20class\u00e9\/rampe-ra-150x40\/"},"modified":"2026-04-08T08:38:32","modified_gmt":"2026-04-08T08:38:32","slug":"rampe-ra-150x40","status":"publish","type":"product","link":"https:\/\/www.damac.it\/fr\/rampes\/rampe-ra-150x40-anguillara-sabazia\/","title":{"rendered":"Rampes de chargement 150&#215;40"},"content":{"rendered":"\n<p><strong>Rampes de chargement en aluminium 150X40<\/strong>, id\u00e9ales pour le chargement et le d\u00e9chargement d\u2019engins sur pneus tels que les <a href=\"https:\/\/www.damac.it\/fr\/mini-chargeuses\/\">mini-chargeuses<\/a>, les <a href=\"https:\/\/www.damac.it\/fr\/mini-pelles\/\">mini-pelles<\/a> compactes et les petits transporteurs.<\/p>\n\n<p>Fabriqu\u00e9s en alliage l\u00e9ger \u00e0 haute r\u00e9sistance, ils garantissent <strong>stabilit\u00e9, s\u00e9curit\u00e9 et longue dur\u00e9e de vie<\/strong>.<\/p>\n\n<p><strong>Principales caract\u00e9ristiques techniques :<\/strong><\/p>\n\n<ul class=\"wp-block-list\">\n<li><strong>Longueur totale :<\/strong> 4 000 mm<\/li>\n\n\n\n<li><strong>Poids de la paire :<\/strong> 110 kg<\/li>\n\n\n\n<li><strong>Apporter \u00e0 la paire :<\/strong>\n<ul class=\"wp-block-list\">\n<li>Empattement 1 500 mm \u2192 <strong>5 020 kg<\/strong><\/li>\n\n\n\n<li>Empattement 2 000 mm \u2192 <strong>5 800 kg<\/strong><\/li>\n<\/ul>\n<\/li>\n\n\n\n<li><strong>Largeur int\u00e9rieure :<\/strong> 400 mm<\/li>\n\n\n\n<li><strong>Largeur ext\u00e9rieure :<\/strong> 462 mm<\/li>\n\n\n\n<li><strong>Hauteur du bord lat\u00e9ral :<\/strong> 40 mm<\/li>\n\n\n\n<li><strong>Num\u00e9ro de s\u00e9rie :<\/strong> 28720<\/li>\n\n\n\n<li><strong>Ann\u00e9e de production :<\/strong> 2025<\/li>\n\n\n\n<li><strong>Certification CE :<\/strong> Oui<\/li>\n<\/ul>\n\n<p><strong>Avertissements pour l&#8217;utilisation<\/strong>:<\/p>\n\n<p>Toute modification structurelle des rampes est interdite.<br\/>Ne pas utiliser pour charger des machines avec des chenilles en fer ou des roues en m\u00e9tal.<br\/>\u00c9viter l&#8217;utilisation dans des conditions de froid extr\u00eame avec des charges proches de la limite maximale.<\/p>\n\n<div class=\"wp-block-webfactory-map\"><div class=\"wp-block-webfactory-map\"><iframe title=\"Carte\" width=\"100%\" height=\"380px\" src=\"https:\/\/www.google.com\/maps\/embed\/v1\/place?q=anguillara%20sabazia&amp;maptype=roadmap&amp;zoom=7&amp;key=AIzaSyCbpj9Ji_jwudUhfVpTXiPB79zpZZSDW8c\" frameborder=\"0\"><\/iframe><\/div><\/div>\n","protected":false},"excerpt":{"rendered":"<p>Rampes de chargement en aluminium 150\u00d740, longueur 4 m, capacit\u00e9 de charge jusqu&#8217;\u00e0 5 800 kg. L\u00e9g\u00e8res, robustes et certifi\u00e9es CE, id\u00e9ales pour les chargeuses compactes, les pelles compactes et les v\u00e9hicules sur roues. Pr\u00eate \u00e0 l&#8217;emploi.  <\/p>\n","protected":false},"featured_media":18345,"template":"","meta":{"_acf_changed":false},"ubicazione_acf":[],"product_brand":[725],"product_cat":[726],"false":[757],"proprietario":[],"class_list":{"0":"post-19589","1":"product","2":"type-product","3":"status-publish","4":"has-post-thumbnail","6":"product_brand-damac","7":"product_cat-rampes","8":"product_tag-fr","9":"pa_brand-damac","11":"first","12":"instock","13":"sale","14":"sold-individually","15":"shipping-taxable","16":"purchasable","17":"product-type-simple"},"acf":[],"_links":{"self":[{"href":"https:\/\/www.damac.it\/fr\/wp-json\/wp\/v2\/product\/19589","targetHints":{"allow":["GET"]}}],"collection":[{"href":"https:\/\/www.damac.it\/fr\/wp-json\/wp\/v2\/product"}],"about":[{"href":"https:\/\/www.damac.it\/fr\/wp-json\/wp\/v2\/types\/product"}],"wp:featuredmedia":[{"embeddable":true,"href":"https:\/\/www.damac.it\/fr\/wp-json\/wp\/v2\/media\/18345"}],"wp:attachment":[{"href":"https:\/\/www.damac.it\/fr\/wp-json\/wp\/v2\/media?parent=19589"}],"wp:term":[{"taxonomy":"ubicazione_acf","embeddable":true,"href":"https:\/\/www.damac.it\/fr\/wp-json\/wp\/v2\/ubicazione_acf?post=19589"},{"taxonomy":"product_brand","embeddable":true,"href":"https:\/\/www.damac.it\/fr\/wp-json\/wp\/v2\/product_brand?post=19589"},{"taxonomy":"product_cat","embeddable":true,"href":"https:\/\/www.damac.it\/fr\/wp-json\/wp\/v2\/product_cat?post=19589"},{"taxonomy":"product_tag","embeddable":true,"href":"https:\/\/www.damac.it\/fr\/wp-json\/wp\/v2\/false?post=19589"},{"taxonomy":"proprietario","embeddable":true,"href":"https:\/\/www.damac.it\/fr\/wp-json\/wp\/v2\/proprietario?post=19589"}],"curies":[{"name":"wp","href":"https:\/\/api.w.org\/{rel}","templated":true}]}}