{"id":19649,"date":"2025-11-25T17:52:30","date_gmt":"2025-11-25T17:52:30","guid":{"rendered":"https:\/\/www.damac.it\/non%20class\u00e9\/gf-gordini-bc250sk\/"},"modified":"2026-04-08T08:35:18","modified_gmt":"2026-04-08T08:35:18","slug":"gf-gordini-bc250sk","status":"publish","type":"product","link":"https:\/\/www.damac.it\/fr\/seaux-de-melange\/gf-gordini-bc250sk-anguillara-sabazia\/","title":{"rendered":"GF GORDINI BC250SK"},"content":{"rendered":"\n<p>La <strong>benne \u00e0<\/strong> b\u00e9ton <strong>GF GORDINI BC250SK<\/strong> est con\u00e7ue pour produire du b\u00e9ton sur le chantier de mani\u00e8re rapide et fiable, en optimisant les temps d&#8217;utilisation et en r\u00e9duisant les co\u00fbts des mat\u00e9riaux. Avec une <strong>capacit\u00e9 de 250 litres<\/strong> et une vis sans fin qui pousse le m\u00e9lange vers le centre, la machine garantit un m\u00e9lange homog\u00e8ne et constant. Sa <strong>largeur de godet de 1250 mm<\/strong> et sa <strong>largeur totale de 1390 mm<\/strong> la rendent compatible avec une large gamme de chargeuses compactes, offrant une productivit\u00e9 \u00e9lev\u00e9e m\u00eame dans les espaces restreints et sur les chantiers urbains.  <\/p>\n\n<p>Le syst\u00e8me de <strong>d\u00e9charge central \u00e0 ouverture hydraulique<\/strong> permet un travail propre et pr\u00e9cis, en dirigeant la pulv\u00e9risation via le tuyau fourni. La structure est compos\u00e9e de mat\u00e9riaux de premi\u00e8re qualit\u00e9 : la vis sans fin <strong>Hardox 450<\/strong> garantit la r\u00e9sistance \u00e0 l&#8217;usure, tandis que la <strong>base Strenx 700<\/strong> maintient la rigidit\u00e9 et la durabilit\u00e9, m\u00eame en cas de cycles de travail intenses. Avec un d\u00e9bit d&#8217;huile recommand\u00e9 de <strong>25-40 l\/min<\/strong> et une pression de <strong>170-200 bar<\/strong>, le BC 250 SK travaille en continu et n\u00e9cessite peu d&#8217;entretien gr\u00e2ce au syst\u00e8me de tension de la cha\u00eene.  <\/p>\n\n<p>Un poids \u00e0 vide de <strong>325<\/strong> <strong>kg<\/strong> et un poids total de <strong>925 kg<\/strong> \u00e0 la capacit\u00e9 maximale garantissent la solidit\u00e9 structurelle et la stabilit\u00e9 pendant l&#8217;utilisation. Les <strong>godets boulonn\u00e9s et interchangeables<\/strong>, ainsi que la plaque de fixation rempla\u00e7able, rendent le mod\u00e8le particuli\u00e8rement polyvalent pour les flottes d&#8217;entreprises et les soci\u00e9t\u00e9s de location. La BC 250 SK est une benne id\u00e9ale pour les entreprises de construction, d&#8217;urbanisme, d&#8217;entretien et de travaux routiers qui ont besoin d&#8217;une machine efficace et durable pour produire du b\u00e9ton directement sur le chantier.  <\/p>\n\n<div class=\"wp-block-webfactory-map\"><div class=\"wp-block-webfactory-map\"><iframe title=\"Carte\" width=\"100%\" height=\"380px\" src=\"https:\/\/www.google.com\/maps\/embed\/v1\/place?q=anguillara%20sabazia&amp;maptype=roadmap&amp;zoom=7&amp;key=AIzaSyCbpj9Ji_jwudUhfVpTXiPB79zpZZSDW8c\" frameborder=\"0\"><\/iframe><\/div><\/div>\n","protected":false},"excerpt":{"rendered":"<p>BC 250 SK Godet m\u00e9langeur de 250 litres avec d\u00e9chargement central hydraulique, fond Hardox 450 et Strenx 700. Id\u00e9al pour les chargeurs compacts, durable et pr\u00e9cis pour la production de ciment sur site. <\/p>\n","protected":false},"featured_media":19650,"template":"","meta":{"_acf_changed":false},"ubicazione_acf":[],"product_brand":[743],"product_cat":[786],"false":[757],"proprietario":[],"class_list":{"0":"post-19649","1":"product","2":"type-product","3":"status-publish","4":"has-post-thumbnail","6":"product_brand-gf-gordini","7":"product_cat-seaux-de-melange","8":"product_tag-fr","9":"pa_brand-gf-gordini","11":"first","12":"instock","13":"sold-individually","14":"shipping-taxable","15":"purchasable","16":"product-type-simple"},"acf":[],"_links":{"self":[{"href":"https:\/\/www.damac.it\/fr\/wp-json\/wp\/v2\/product\/19649","targetHints":{"allow":["GET"]}}],"collection":[{"href":"https:\/\/www.damac.it\/fr\/wp-json\/wp\/v2\/product"}],"about":[{"href":"https:\/\/www.damac.it\/fr\/wp-json\/wp\/v2\/types\/product"}],"wp:featuredmedia":[{"embeddable":true,"href":"https:\/\/www.damac.it\/fr\/wp-json\/wp\/v2\/media\/19650"}],"wp:attachment":[{"href":"https:\/\/www.damac.it\/fr\/wp-json\/wp\/v2\/media?parent=19649"}],"wp:term":[{"taxonomy":"ubicazione_acf","embeddable":true,"href":"https:\/\/www.damac.it\/fr\/wp-json\/wp\/v2\/ubicazione_acf?post=19649"},{"taxonomy":"product_brand","embeddable":true,"href":"https:\/\/www.damac.it\/fr\/wp-json\/wp\/v2\/product_brand?post=19649"},{"taxonomy":"product_cat","embeddable":true,"href":"https:\/\/www.damac.it\/fr\/wp-json\/wp\/v2\/product_cat?post=19649"},{"taxonomy":"product_tag","embeddable":true,"href":"https:\/\/www.damac.it\/fr\/wp-json\/wp\/v2\/false?post=19649"},{"taxonomy":"proprietario","embeddable":true,"href":"https:\/\/www.damac.it\/fr\/wp-json\/wp\/v2\/proprietario?post=19649"}],"curies":[{"name":"wp","href":"https:\/\/api.w.org\/{rel}","templated":true}]}}