{"id":20218,"date":"2025-11-26T19:04:58","date_gmt":"2025-11-26T19:04:58","guid":{"rendered":"https:\/\/www.damac.it\/non%20class\u00e9\/container-lux\/"},"modified":"2026-03-21T13:59:35","modified_gmt":"2026-03-21T13:59:35","slug":"container-lux","status":"publish","type":"product","link":"https:\/\/www.damac.it\/fr\/conteneur\/container-lux\/","title":{"rendered":"LUX CONTAINER 6M"},"content":{"rendered":"\n<p>Le <strong>LUX CONTAINER<\/strong> est une solution moderne et multifonctionnelle con\u00e7ue pour ceux qui ont besoin d&#8217;espaces polyvalents et imm\u00e9diatement op\u00e9rationnels. Gr\u00e2ce \u00e0 des technologies de conception avanc\u00e9es et \u00e0 la capacit\u00e9 de s&#8217;adapter \u00e0 diff\u00e9rents contextes professionnels, ce conteneur mobile peut \u00eatre utilis\u00e9 comme salle d&#8217;exposition, cabinet m\u00e9dical, bureau temporaire, point de rafra\u00eechissement ou espace d&#8217;enseignement. La structure est compos\u00e9e de mat\u00e9riaux de haute qualit\u00e9 qui offrent une <strong>isolation thermique et acoustique \u00e9lev\u00e9e<\/strong>, garantissant le confort en toute saison et une exp\u00e9rience professionnelle pour l&#8217;utilisateur. L&#8217;int\u00e9rieur est con\u00e7u en mettant l&#8217;accent sur l&#8217;ergonomie et la fonctionnalit\u00e9, combinant un design moderne, la praticit\u00e9 et des espaces bien distribu\u00e9s con\u00e7us pour le travail de tous les jours.   <\/p>\n\n<p>La production du LUX CONTAINER commence par une analyse d\u00e9taill\u00e9e des besoins du client. Chaque projet est d\u00e9velopp\u00e9 de mani\u00e8re personnalis\u00e9e, en d\u00e9finissant les configurations, les \u00e9quipements et les caract\u00e9ristiques techniques en fonction de l&#8217;utilisation pr\u00e9vue. La structure en acier est assembl\u00e9e dans des conditions contr\u00f4l\u00e9es, ce qui garantit la <strong>pr\u00e9cision, la durabilit\u00e9 et des normes de qualit\u00e9 \u00e9lev\u00e9es.<\/strong> Les murs, les sols et les plafonds sont fabriqu\u00e9s de mani\u00e8re \u00e0 garantir la solidit\u00e9, l&#8217;isolation et une parfaite gestion de l&#8217;espace.   <\/p>\n\n<p>Chaque conteneur est soumis \u00e0 des tests techniques et \u00e0 des contr\u00f4les de qualit\u00e9 avant d&#8217;\u00eatre livr\u00e9. La production sur mesure permet de personnaliser les fen\u00eatres, les portes, les syst\u00e8mes \u00e9lectriques, les finitions int\u00e9rieures et le rev\u00eatement ext\u00e9rieur, offrant ainsi au client un produit unique repr\u00e9sentatif de sa marque. La conception modulaire du conteneur LUX CONTAINER permet \u00e9galement une \u00e9ventuelle <strong>expansion future<\/strong>, ce qui en fait la solution id\u00e9ale pour ceux qui souhaitent une solution \u00e9volutive convenant \u00e0 la fois \u00e0 une utilisation temporaire et \u00e0 une utilisation permanente.  <\/p>\n\n<p><\/p>\n","protected":false},"excerpt":{"rendered":"<p>Conteneurs modulaires polyvalents con\u00e7us pour les espaces de travail, les salles d&#8217;exposition, les cabinets m\u00e9dicaux, la restauration et l&#8217;enseignement. Mat\u00e9riaux de qualit\u00e9, isolation thermique et acoustique, am\u00e9nagements personnalisables et fabrication sur mesure. Pr\u00eat pour une utilisation temporaire ou permanente.  <\/p>\n","protected":false},"featured_media":20228,"template":"","meta":{"_acf_changed":false},"ubicazione_acf":[],"product_brand":[803],"product_cat":[804],"false":[757],"proprietario":[],"class_list":{"0":"post-20218","1":"product","2":"type-product","3":"status-publish","4":"has-post-thumbnail","6":"product_brand-conteneur-lux","7":"product_cat-conteneur","8":"product_tag-fr","9":"pa_brand-container-lux","11":"first","12":"instock","13":"shipping-taxable","14":"product-type-simple"},"acf":[],"_links":{"self":[{"href":"https:\/\/www.damac.it\/fr\/wp-json\/wp\/v2\/product\/20218","targetHints":{"allow":["GET"]}}],"collection":[{"href":"https:\/\/www.damac.it\/fr\/wp-json\/wp\/v2\/product"}],"about":[{"href":"https:\/\/www.damac.it\/fr\/wp-json\/wp\/v2\/types\/product"}],"wp:featuredmedia":[{"embeddable":true,"href":"https:\/\/www.damac.it\/fr\/wp-json\/wp\/v2\/media\/20228"}],"wp:attachment":[{"href":"https:\/\/www.damac.it\/fr\/wp-json\/wp\/v2\/media?parent=20218"}],"wp:term":[{"taxonomy":"ubicazione_acf","embeddable":true,"href":"https:\/\/www.damac.it\/fr\/wp-json\/wp\/v2\/ubicazione_acf?post=20218"},{"taxonomy":"product_brand","embeddable":true,"href":"https:\/\/www.damac.it\/fr\/wp-json\/wp\/v2\/product_brand?post=20218"},{"taxonomy":"product_cat","embeddable":true,"href":"https:\/\/www.damac.it\/fr\/wp-json\/wp\/v2\/product_cat?post=20218"},{"taxonomy":"product_tag","embeddable":true,"href":"https:\/\/www.damac.it\/fr\/wp-json\/wp\/v2\/false?post=20218"},{"taxonomy":"proprietario","embeddable":true,"href":"https:\/\/www.damac.it\/fr\/wp-json\/wp\/v2\/proprietario?post=20218"}],"curies":[{"name":"wp","href":"https:\/\/api.w.org\/{rel}","templated":true}]}}