{"id":20720,"date":"2025-11-28T09:46:18","date_gmt":"2025-11-28T09:46:18","guid":{"rendered":"https:\/\/www.damac.it\/non%20class\u00e9\/c4-b110\/"},"modified":"2026-03-25T11:08:24","modified_gmt":"2026-03-25T11:08:24","slug":"c4-b110","status":"publish","type":"product","link":"https:\/\/www.damac.it\/fr\/debroussailleuses\/c4-b110-anguillara-sabazia\/","title":{"rendered":"C4 B110"},"content":{"rendered":"\n<p>La <strong>C4 B110<\/strong> est une d\u00e9broussailleuse professionnelle con\u00e7ue pour des <a href=\"https:\/\/www.damac.it\/fr\/mini-pelles\/\">mini-pelles<\/a> de <strong>3,5 \u00e0 5 tonnes<\/strong>, id\u00e9ale pour l\u2019entretien des espaces verts, le nettoyage de talus, les accotements routiers et les zones agricoles. La largeur de coupe de <strong>1 070 mm<\/strong> permet une productivit\u00e9 \u00e9lev\u00e9e m\u00eame sur de grandes surfaces, tandis que le poids r\u00e9duit de <strong>235 kg<\/strong> assure \u00e9quilibre et stabilit\u00e9 sans surcharger le bras de la machine. Le rotor peut \u00eatre \u00e9quip\u00e9 de <strong>48 couteaux<\/strong> pour une meilleure capacit\u00e9 de broyage et une consommation r\u00e9duite, ou de <strong>16 marteaux<\/strong> pour traiter des arbustes et des branches jusqu\u2019\u00e0 <strong>50 mm de diam\u00e8tre<\/strong>, garantissant une polyvalence selon les besoins op\u00e9rationnels.  <\/p>\n\n<p>L&#8217;entra\u00eenement direct avec moteur interne prot\u00e8ge les composants des chocs et des collisions, tandis que le joint d&#8217;huile haute pression assure la durabilit\u00e9 de la machine, m\u00eame dans des conditions de travail difficiles. Le syst\u00e8me <strong>Fluidbox<\/strong>, avec soupape de d\u00e9charge et d&#8217;anticavitation, permet de g\u00e9rer le flux d&#8217;huile en toute s\u00e9curit\u00e9, de maintenir une vitesse de rotor constante et de pr\u00e9server la dur\u00e9e de vie de la machine. La conception du <strong>carter \u00e0 double fond<\/strong> accro\u00eet la robustesse et am\u00e9liore le volume de coupe, ce qui rend la B110 fiable m\u00eame en cas d&#8217;utilisation intensive.  <\/p>\n\n<p>Les glissi\u00e8res anti-usure rempla\u00e7ables et la protection de la cha\u00eene arri\u00e8re r\u00e9duisent l&#8217;impact sur le sol et les mat\u00e9riaux projet\u00e9s, augmentant ainsi la s\u00e9curit\u00e9 des op\u00e9rations. Le support \u00e0 <strong>7 positions<\/strong> permet un montage rapide sur diff\u00e9rentes machines, faisant de la d\u00e9broussailleuse C4 B110 une solution pratique et pr\u00eate \u00e0 l&#8217;emploi, <strong>certifi\u00e9e CE<\/strong> et compl\u00e8te avec les flexibles. <\/p>\n\n<div class=\"wp-block-webfactory-map\"><div class=\"wp-block-webfactory-map\"><iframe title=\"Carte\" width=\"100%\" height=\"380px\" src=\"https:\/\/www.google.com\/maps\/embed\/v1\/place?q=anguillara%20sabazia&amp;maptype=roadmap&amp;zoom=7&amp;key=AIzaSyCbpj9Ji_jwudUhfVpTXiPB79zpZZSDW8c\" frameborder=\"0\"><\/iframe><\/div><\/div>\n","protected":false},"excerpt":{"rendered":"<p>D\u00e9broussailleuse C4 B110 pour mini-pelles de 3,5 \u00e0 5 tonnes, largeur 1070 mm, rotor \u00e0 marteaux. Moteur interne prot\u00e9g\u00e9, Fluidbox et bo\u00eetier renforc\u00e9. Coupe les branches jusqu&#8217;\u00e0 50 mm. Certifi\u00e9e CE.  <\/p>\n","protected":false},"featured_media":22073,"template":"","meta":{"_acf_changed":false},"ubicazione_acf":[],"product_brand":[817],"product_cat":[818],"false":[757],"proprietario":[],"class_list":{"0":"post-20720","1":"product","2":"type-product","3":"status-publish","4":"has-post-thumbnail","6":"product_brand-c4","7":"product_cat-debroussailleuses","8":"product_tag-fr","9":"pa_brand-c4","11":"first","12":"instock","13":"sale","14":"sold-individually","15":"shipping-taxable","16":"purchasable","17":"product-type-simple"},"acf":[],"_links":{"self":[{"href":"https:\/\/www.damac.it\/fr\/wp-json\/wp\/v2\/product\/20720","targetHints":{"allow":["GET"]}}],"collection":[{"href":"https:\/\/www.damac.it\/fr\/wp-json\/wp\/v2\/product"}],"about":[{"href":"https:\/\/www.damac.it\/fr\/wp-json\/wp\/v2\/types\/product"}],"wp:featuredmedia":[{"embeddable":true,"href":"https:\/\/www.damac.it\/fr\/wp-json\/wp\/v2\/media\/22073"}],"wp:attachment":[{"href":"https:\/\/www.damac.it\/fr\/wp-json\/wp\/v2\/media?parent=20720"}],"wp:term":[{"taxonomy":"ubicazione_acf","embeddable":true,"href":"https:\/\/www.damac.it\/fr\/wp-json\/wp\/v2\/ubicazione_acf?post=20720"},{"taxonomy":"product_brand","embeddable":true,"href":"https:\/\/www.damac.it\/fr\/wp-json\/wp\/v2\/product_brand?post=20720"},{"taxonomy":"product_cat","embeddable":true,"href":"https:\/\/www.damac.it\/fr\/wp-json\/wp\/v2\/product_cat?post=20720"},{"taxonomy":"product_tag","embeddable":true,"href":"https:\/\/www.damac.it\/fr\/wp-json\/wp\/v2\/false?post=20720"},{"taxonomy":"proprietario","embeddable":true,"href":"https:\/\/www.damac.it\/fr\/wp-json\/wp\/v2\/proprietario?post=20720"}],"curies":[{"name":"wp","href":"https:\/\/api.w.org\/{rel}","templated":true}]}}