{"id":20830,"date":"2025-11-28T10:12:00","date_gmt":"2025-11-28T10:12:00","guid":{"rendered":"https:\/\/www.damac.it\/non%20class\u00e9\/c4-b90\/"},"modified":"2026-03-25T11:07:52","modified_gmt":"2026-03-25T11:07:52","slug":"c4-b90","status":"publish","type":"product","link":"https:\/\/www.damac.it\/fr\/debroussailleuses\/c4-b90-anguillara-sabazia\/","title":{"rendered":"C4 B90"},"content":{"rendered":"\n<p>La <strong>C4 B90<\/strong> est une d\u00e9broussailleuse professionnelle con\u00e7ue pour offrir des performances \u00e9lev\u00e9es sur des <strong><a href=\"https:\/\/www.damac.it\/fr\/mini-pelles\/\">mini-pelles<\/a> de 3 \u00e0 4 tonnes<\/strong>, id\u00e9ale pour les secteurs forestier, agricole et l\u2019entretien des espaces verts urbains. Gr\u00e2ce \u00e0 sa <strong>largeur de coupe de 890 mm<\/strong> et \u00e0 sa structure robuste, elle est parfaite pour l\u2019entretien des haies, des ronces et des arbustes de taille moyenne, garantissant un travail constant sans vibrations excessives, m\u00eame dans des conditions complexes. La transmission directe avec <strong>moteur interne prot\u00e9g\u00e9 contre les chocs et les collisions<\/strong> augmente la fiabilit\u00e9 de la machine, tandis que le <strong>joint d\u2019\u00e9tanch\u00e9it\u00e9 haute pression<\/strong> r\u00e9duit les fuites et garantit une longue dur\u00e9e de vie.  <\/p>\n\n<p>La <strong>bo\u00eete \u00e0 huile int\u00e9gr\u00e9e<\/strong> g\u00e8re en toute s\u00e9curit\u00e9 le flux d&#8217;huile provenant de la pelle, avec un syst\u00e8me anti-cavitation, un clapet de d\u00e9charge et une r\u00e9gulation du d\u00e9bit pour r\u00e9gler correctement la vitesse du rotor. Des <strong>patins anti-usure rempla\u00e7ables<\/strong> et un <strong>carter \u00e0 double fond<\/strong> garantissent une plus grande robustesse et un meilleur volume de coupe, maximisant ainsi les performances op\u00e9rationnelles, en particulier sur les terrains accident\u00e9s. <\/p>\n\n<p>Le rotor du C4 B90 peut \u00eatre \u00e9quip\u00e9 de <strong>lames trilames<\/strong> pour un broyage plus fin et une puissance moindre, ou de <strong>marteaux professionnels<\/strong>, id\u00e9aux pour traiter les <strong>branches et les arbustes jusqu&#8217;\u00e0 50 mm de diam\u00e8tre.<\/strong> La<strong>fixation de la selle \u00e0 7 positions<\/strong> permet un montage adaptable aux diff\u00e9rentes configurations de travail. La qualit\u00e9 de fabrication et le service du r\u00e9seau <strong>DAMAC<\/strong> font du B90 une solution compl\u00e8te, pr\u00eate pour une utilisation professionnelle imm\u00e9diate.  <\/p>\n\n<div class=\"wp-block-webfactory-map\"><div class=\"wp-block-webfactory-map\"><iframe title=\"Carte\" width=\"100%\" height=\"380px\" src=\"https:\/\/www.google.com\/maps\/embed\/v1\/place?q=anguillara%20sabazia&amp;maptype=roadmap&amp;zoom=7&amp;key=AIzaSyCbpj9Ji_jwudUhfVpTXiPB79zpZZSDW8c\" frameborder=\"0\"><\/iframe><\/div><\/div>\n","protected":false},"excerpt":{"rendered":"<p>La <strong data-start=\"1838\" data-end=\"1848\">C4 B90<\/strong> est une d\u00e9broussailleuse professionnelle pour mini-pelles de 3-4 t, pr\u00e9par\u00e9e pour les marteaux. Largeur de coupe 890 mm, rotor haute performance et protection contre l&#8217;usure. Id\u00e9ale pour l&#8217;entretien des espaces verts, les ronces et les arbustes jusqu&#8217;\u00e0 50 mm. Complet avec selle et tubes.  <\/p>\n","protected":false},"featured_media":22027,"template":"","meta":{"_acf_changed":false},"ubicazione_acf":[],"product_brand":[817],"product_cat":[818],"false":[757],"proprietario":[],"class_list":{"0":"post-20830","1":"product","2":"type-product","3":"status-publish","4":"has-post-thumbnail","6":"product_brand-c4","7":"product_cat-debroussailleuses","8":"product_tag-fr","9":"pa_brand-c4","11":"first","12":"instock","13":"sale","14":"sold-individually","15":"shipping-taxable","16":"purchasable","17":"product-type-simple"},"acf":[],"_links":{"self":[{"href":"https:\/\/www.damac.it\/fr\/wp-json\/wp\/v2\/product\/20830","targetHints":{"allow":["GET"]}}],"collection":[{"href":"https:\/\/www.damac.it\/fr\/wp-json\/wp\/v2\/product"}],"about":[{"href":"https:\/\/www.damac.it\/fr\/wp-json\/wp\/v2\/types\/product"}],"wp:featuredmedia":[{"embeddable":true,"href":"https:\/\/www.damac.it\/fr\/wp-json\/wp\/v2\/media\/22027"}],"wp:attachment":[{"href":"https:\/\/www.damac.it\/fr\/wp-json\/wp\/v2\/media?parent=20830"}],"wp:term":[{"taxonomy":"ubicazione_acf","embeddable":true,"href":"https:\/\/www.damac.it\/fr\/wp-json\/wp\/v2\/ubicazione_acf?post=20830"},{"taxonomy":"product_brand","embeddable":true,"href":"https:\/\/www.damac.it\/fr\/wp-json\/wp\/v2\/product_brand?post=20830"},{"taxonomy":"product_cat","embeddable":true,"href":"https:\/\/www.damac.it\/fr\/wp-json\/wp\/v2\/product_cat?post=20830"},{"taxonomy":"product_tag","embeddable":true,"href":"https:\/\/www.damac.it\/fr\/wp-json\/wp\/v2\/false?post=20830"},{"taxonomy":"proprietario","embeddable":true,"href":"https:\/\/www.damac.it\/fr\/wp-json\/wp\/v2\/proprietario?post=20830"}],"curies":[{"name":"wp","href":"https:\/\/api.w.org\/{rel}","templated":true}]}}