{"id":21108,"date":"2025-11-28T16:30:34","date_gmt":"2025-11-28T16:30:34","guid":{"rendered":"https:\/\/www.damac.it\/non%20class\u00e9\/jcb-8008cts\/"},"modified":"2026-04-08T09:14:20","modified_gmt":"2026-04-08T09:14:20","slug":"jcb-8008cts","status":"publish","type":"product","link":"https:\/\/www.damac.it\/fr\/mini-pelles\/jcb-8008cts-foggia\/","title":{"rendered":"JCB 8008CTS"},"content":{"rendered":"\n<p>Le <strong>JCB 8008CTS<\/strong> est une <a href=\"https:\/\/www.damac.it\/fr\/mini-pelles\/\">mini-pelle<\/a> compacte con\u00e7ue pour ceux qui ont besoin d&#8217;une efficacit\u00e9 maximale dans des espaces restreints sans renoncer \u00e0 la puissance. Avec un poids op\u00e9rationnel de seulement <strong>870 kg<\/strong>, une structure robuste et un <em>ch\u00e2ssis variable<\/em>, elle s&#8217;ins\u00e8re facilement dans les chantiers urbains, les int\u00e9rieurs d&#8217;\u00e9tablissements, les travaux de jardinage professionnel ou les entretiens routiers. La grande capacit\u00e9 de travail est soutenue par le <strong>bras monolithique<\/strong> et la <strong>lame avant<\/strong>, qui garantissent stabilit\u00e9 et pr\u00e9cision lors des op\u00e9rations de terrassement et de nivellement.  <\/p>\n\n<p>Le moteur efficace offre des performances constantes, tandis que le syst\u00e8me hydraulique facilite le travail de l&#8217;op\u00e9rateur. Les <strong>chenilles en caoutchouc<\/strong> permettent de travailler sur des terrains d\u00e9licats sans endommager les surfaces, ce qui est id\u00e9al pour les travaux dans les cours, les espaces priv\u00e9s ou le pavage. La <strong>cabine ouverte<\/strong> offre une visibilit\u00e9 totale et une facilit\u00e9 de contr\u00f4le, augmentant ainsi la s\u00e9curit\u00e9 pendant le travail.  <\/p>\n\n<p>Questo esemplare del 2015 presenta\u00a0<strong>1200 ore di lavoro<\/strong>, condizioni generali buone e include\u00a0<strong><a href=\"https:\/\/www.damac.it\/fr\/accessoires\/\">benna<\/a> da scavo<\/strong>\u00a0e\u00a0<strong>impianto martello<\/strong>, accessori fondamentali per allargare il range di operativit\u00e0. \u00c8 certificato CE e disponibile presso DAMAC a\u00a0<strong>Foggia<\/strong>, pronto per lavorare da subito. Chi sceglie un JCB 8008CTS investe in una macchina affidabile, facile da trasportare e ideale per imprese, artigiani e professionisti che puntano su prestazioni concrete e costi contenuti.<\/p>\n","protected":false},"excerpt":{"rendered":"<p>2015 <strong data-start=\"1613\" data-end=\"1628\">JCB 8008CTS<\/strong> mini excavateur avec 1200 heures, ch\u00e2ssis variable, fl\u00e8che monolithique et syst\u00e8me de marteau. Chenilles en caoutchouc et godet de fouille inclus. L\u00e9g\u00e8re, compacte et certifi\u00e9e CE, id\u00e9ale pour les chantiers \u00e9troits et la maintenance. Disponible \u00e0 Foggia, pr\u00eate \u00e0 l&#8217;emploi.   <\/p>\n","protected":false},"featured_media":21120,"template":"","meta":{"_acf_changed":false},"ubicazione_acf":[],"product_brand":[607],"product_cat":[412],"false":[757],"proprietario":[],"class_list":{"0":"post-21108","1":"product","2":"type-product","3":"status-publish","4":"has-post-thumbnail","6":"product_brand-jcb","7":"product_cat-mini-pelles","8":"product_tag-fr","9":"pa_brand-jcb","11":"first","12":"instock","13":"sold-individually","14":"shipping-taxable","15":"purchasable","16":"product-type-simple"},"acf":[],"_links":{"self":[{"href":"https:\/\/www.damac.it\/fr\/wp-json\/wp\/v2\/product\/21108","targetHints":{"allow":["GET"]}}],"collection":[{"href":"https:\/\/www.damac.it\/fr\/wp-json\/wp\/v2\/product"}],"about":[{"href":"https:\/\/www.damac.it\/fr\/wp-json\/wp\/v2\/types\/product"}],"wp:featuredmedia":[{"embeddable":true,"href":"https:\/\/www.damac.it\/fr\/wp-json\/wp\/v2\/media\/21120"}],"wp:attachment":[{"href":"https:\/\/www.damac.it\/fr\/wp-json\/wp\/v2\/media?parent=21108"}],"wp:term":[{"taxonomy":"ubicazione_acf","embeddable":true,"href":"https:\/\/www.damac.it\/fr\/wp-json\/wp\/v2\/ubicazione_acf?post=21108"},{"taxonomy":"product_brand","embeddable":true,"href":"https:\/\/www.damac.it\/fr\/wp-json\/wp\/v2\/product_brand?post=21108"},{"taxonomy":"product_cat","embeddable":true,"href":"https:\/\/www.damac.it\/fr\/wp-json\/wp\/v2\/product_cat?post=21108"},{"taxonomy":"product_tag","embeddable":true,"href":"https:\/\/www.damac.it\/fr\/wp-json\/wp\/v2\/false?post=21108"},{"taxonomy":"proprietario","embeddable":true,"href":"https:\/\/www.damac.it\/fr\/wp-json\/wp\/v2\/proprietario?post=21108"}],"curies":[{"name":"wp","href":"https:\/\/api.w.org\/{rel}","templated":true}]}}