{"id":21851,"date":"2025-12-01T17:46:07","date_gmt":"2025-12-01T17:46:07","guid":{"rendered":"https:\/\/www.damac.it\/non%20class\u00e9\/jcb-803-super\/"},"modified":"2026-01-05T14:55:48","modified_gmt":"2026-01-05T14:55:48","slug":"jcb-803-super","status":"publish","type":"product","link":"https:\/\/www.damac.it\/fr\/mini-pelles\/jcb-803-super-foggia\/","title":{"rendered":"JCB 803 SUPER"},"content":{"rendered":"\n<p>La <strong>JCB 803 SUPER<\/strong> est une mini-pelle compacte con\u00e7ue pour offrir de hautes performances avec de faibles co\u00fbts d&#8217;exploitation. Avec un poids en ordre de marche de <strong>2975 kg<\/strong>, elle est parfaitement adapt\u00e9e \u00e0 la construction urbaine, \u00e0 la r\u00e9novation, \u00e0 l&#8217;entretien des routes et aux travaux agricoles. Le ch\u00e2ssis fixe et les <strong>chenilles en caoutchouc<\/strong> avec une usure de 40 % assurent la stabilit\u00e9 et l&#8217;adh\u00e9rence, r\u00e9duisent les vibrations et prot\u00e8gent les surfaces sensibles. La <strong>cabine ferm\u00e9e<\/strong> offre un environnement de travail prot\u00e9g\u00e9 et confortable, avec une excellente visibilit\u00e9 qui facilite les op\u00e9rations de pr\u00e9cision et les longues p\u00e9riodes de travail dans des conditions m\u00e9t\u00e9orologiques variables. La <strong>fl\u00e8che monolithique<\/strong> garantit la rigidit\u00e9 structurelle, le contr\u00f4le et la durabilit\u00e9, ce qui rend la machine extr\u00eamement fiable, m\u00eame en cas d&#8217;excavation profonde ou de travaux intensifs.    <\/p>\n\n<p>Le moteur <strong>Perkins 103-15 de 19,8 kW<\/strong> assure une puissance r\u00e9guli\u00e8re et une faible consommation de carburant, ce qui rend la 803 SUPER tr\u00e8s appr\u00e9ci\u00e9e par les entrepreneurs qui recherchent une machine productive et facile \u00e0 entretenir. Le<strong>syst\u00e8me de brise-roche<\/strong> d\u00e9j\u00e0 install\u00e9 \u00e9largit les possibilit\u00e9s op\u00e9rationnelles, permettant la d\u00e9molition l\u00e9g\u00e8re, l&#8217;enl\u00e8vement de l&#8217;asphalte et les travaux d&#8217;entretien des sols. Le <strong>godet de creusement inclus<\/strong> vous permet de commencer \u00e0 travailler imm\u00e9diatement, tandis que la lame avant facilite le nivellement et la pr\u00e9paration du sol. Avec <strong>3529 heures r\u00e9elles<\/strong> et la certification CE, cette JCB est une solution pratique pour ceux qui recherchent une mini-pelle pr\u00eate \u00e0 l&#8217;emploi qui peut augmenter la productivit\u00e9 sur le site.   <\/p>\n\n<p><\/p>\n","protected":false},"excerpt":{"rendered":"<p><strong data-start=\"1845\" data-end=\"1862\">JCB 803 SUPER<\/strong> de 2005 : 2975 kg, moteur Perkins 19,8 kW, cabine ferm\u00e9e, chenilles en caoutchouc, syst\u00e8me de marteau et godet de fouille inclus. Parfaite pour les chantiers compacts et les travaux professionnels. <\/p>\n","protected":false},"featured_media":21895,"template":"","meta":{"_acf_changed":false},"ubicazione_acf":[],"product_brand":[607],"product_cat":[412],"false":[757],"proprietario":[],"class_list":{"0":"post-21851","1":"product","2":"type-product","3":"status-publish","4":"has-post-thumbnail","6":"product_brand-jcb","7":"product_cat-mini-pelles","8":"product_tag-fr","9":"pa_brand-jcb","11":"first","12":"outofstock","13":"sold-individually","14":"shipping-taxable","15":"purchasable","16":"product-type-simple"},"acf":[],"_links":{"self":[{"href":"https:\/\/www.damac.it\/fr\/wp-json\/wp\/v2\/product\/21851","targetHints":{"allow":["GET"]}}],"collection":[{"href":"https:\/\/www.damac.it\/fr\/wp-json\/wp\/v2\/product"}],"about":[{"href":"https:\/\/www.damac.it\/fr\/wp-json\/wp\/v2\/types\/product"}],"wp:featuredmedia":[{"embeddable":true,"href":"https:\/\/www.damac.it\/fr\/wp-json\/wp\/v2\/media\/21895"}],"wp:attachment":[{"href":"https:\/\/www.damac.it\/fr\/wp-json\/wp\/v2\/media?parent=21851"}],"wp:term":[{"taxonomy":"ubicazione_acf","embeddable":true,"href":"https:\/\/www.damac.it\/fr\/wp-json\/wp\/v2\/ubicazione_acf?post=21851"},{"taxonomy":"product_brand","embeddable":true,"href":"https:\/\/www.damac.it\/fr\/wp-json\/wp\/v2\/product_brand?post=21851"},{"taxonomy":"product_cat","embeddable":true,"href":"https:\/\/www.damac.it\/fr\/wp-json\/wp\/v2\/product_cat?post=21851"},{"taxonomy":"product_tag","embeddable":true,"href":"https:\/\/www.damac.it\/fr\/wp-json\/wp\/v2\/false?post=21851"},{"taxonomy":"proprietario","embeddable":true,"href":"https:\/\/www.damac.it\/fr\/wp-json\/wp\/v2\/proprietario?post=21851"}],"curies":[{"name":"wp","href":"https:\/\/api.w.org\/{rel}","templated":true}]}}