{"id":22557,"date":"2025-12-04T18:23:38","date_gmt":"2025-12-04T18:23:38","guid":{"rendered":"https:\/\/www.damac.it\/non%20class\u00e9\/bomag-bf600-p-2\/"},"modified":"2026-04-08T09:09:09","modified_gmt":"2026-04-08T09:09:09","slug":"bomag-bf600-p-2","status":"publish","type":"product","link":"https:\/\/www.damac.it\/fr\/paves-routiers\/bomag-bf600-p-2-rome\/","title":{"rendered":"BOMAG BF600 P-2"},"content":{"rendered":"\n<p>Le finisseur sur roues <strong>BOMAG BF600 P-2<\/strong> est con\u00e7u pour offrir pr\u00e9cision, continuit\u00e9 op\u00e9rationnelle et qualit\u00e9 de pose optimale, m\u00eame sur les chantiers les plus exigeants. Gr\u00e2ce \u00e0 sa <strong>table chauff\u00e9e \u00e9lectriquement<\/strong>, il garantit une temp\u00e9rature uniforme et constante, permettant une distribution plus homog\u00e8ne de l&#8217;asphalte et minimisant le risque de collage ou d&#8217;imperfections. Cette caract\u00e9ristique rend la machine id\u00e9ale pour les travaux routiers exigeant une norme finale \u00e9lev\u00e9e et des temps de production fiables.  <\/p>\n\n<p>L&#8217;absence d&#8217;\u00e9pandeurs le rend plus compact, plus maniable et parfait pour les op\u00e9rations dans les espaces confin\u00e9s ou sur les routes urbaines, tout en maintenant une productivit\u00e9 \u00e9lev\u00e9e gr\u00e2ce \u00e0 la structure robuste et stable du mod\u00e8le. Le syst\u00e8me \u00e0 <strong>six pneus<\/strong> offre une traction, un confort et une man\u0153uvrabilit\u00e9 sup\u00e9rieurs, r\u00e9duisant les vibrations et am\u00e9liorant l&#8217;efficacit\u00e9 lors des d\u00e9placements sur route. <\/p>\n\n<p>\u00c9quip\u00e9 d&#8217;un moteur <strong>MTU 4R1000 de 128 kW<\/strong>, le finisseur offre une puissance constante et une consommation de carburant optimis\u00e9e, ce qui garantit sa fiabilit\u00e9 m\u00eame lors de travaux prolong\u00e9s. Chaque composant est con\u00e7u pour faciliter la t\u00e2che de l&#8217;op\u00e9rateur, depuis le poste de conduite ergonomique jusqu&#8217;au contr\u00f4le pr\u00e9cis de la table. <\/p>\n\n<p>Disponible \u00e0 <strong>Rome<\/strong>, le BF600 P-2 est la solution id\u00e9ale pour les entreprises \u00e0 la recherche d&#8217;un finisseur solide, certifi\u00e9 CE, pr\u00eat \u00e0 travailler d\u00e8s sa sortie de l&#8217;usine avec des performances constantes et des r\u00e9sultats irr\u00e9prochables.<\/p>\n\n<p><\/p>\n","protected":false},"excerpt":{"rendered":"<p>Finisseur sur roues <strong data-start=\"1748\" data-end=\"1767\">BOMAG BF600 P-2<\/strong> de 2015, compact et puissant, avec table chauff\u00e9e \u00e9lectriquement et sans \u00e9pandeur. Id\u00e9al pour les travaux routiers de haute pr\u00e9cision. Moteur MTU de 128 kW et 6 pneus. Disponible \u00e0 Rome, certifi\u00e9 CE et pr\u00eat \u00e0 l&#8217;emploi.   <\/p>\n","protected":false},"featured_media":22576,"template":"","meta":{"_acf_changed":false},"ubicazione_acf":[],"product_brand":[840],"product_cat":[548],"false":[757],"proprietario":[],"class_list":{"0":"post-22557","1":"product","2":"type-product","3":"status-publish","4":"has-post-thumbnail","6":"product_brand-bomag","7":"product_cat-paves-routiers","8":"product_tag-fr","9":"pa_brand-bomag","11":"first","12":"instock","13":"sale","14":"sold-individually","15":"shipping-taxable","16":"purchasable","17":"product-type-simple"},"acf":[],"_links":{"self":[{"href":"https:\/\/www.damac.it\/fr\/wp-json\/wp\/v2\/product\/22557","targetHints":{"allow":["GET"]}}],"collection":[{"href":"https:\/\/www.damac.it\/fr\/wp-json\/wp\/v2\/product"}],"about":[{"href":"https:\/\/www.damac.it\/fr\/wp-json\/wp\/v2\/types\/product"}],"wp:featuredmedia":[{"embeddable":true,"href":"https:\/\/www.damac.it\/fr\/wp-json\/wp\/v2\/media\/22576"}],"wp:attachment":[{"href":"https:\/\/www.damac.it\/fr\/wp-json\/wp\/v2\/media?parent=22557"}],"wp:term":[{"taxonomy":"ubicazione_acf","embeddable":true,"href":"https:\/\/www.damac.it\/fr\/wp-json\/wp\/v2\/ubicazione_acf?post=22557"},{"taxonomy":"product_brand","embeddable":true,"href":"https:\/\/www.damac.it\/fr\/wp-json\/wp\/v2\/product_brand?post=22557"},{"taxonomy":"product_cat","embeddable":true,"href":"https:\/\/www.damac.it\/fr\/wp-json\/wp\/v2\/product_cat?post=22557"},{"taxonomy":"product_tag","embeddable":true,"href":"https:\/\/www.damac.it\/fr\/wp-json\/wp\/v2\/false?post=22557"},{"taxonomy":"proprietario","embeddable":true,"href":"https:\/\/www.damac.it\/fr\/wp-json\/wp\/v2\/proprietario?post=22557"}],"curies":[{"name":"wp","href":"https:\/\/api.w.org\/{rel}","templated":true}]}}