{"id":23039,"date":"2025-12-10T09:07:32","date_gmt":"2025-12-10T09:07:32","guid":{"rendered":"https:\/\/www.damac.it\/non%20class\u00e9\/case-sv340\/"},"modified":"2026-01-22T15:48:36","modified_gmt":"2026-01-22T15:48:36","slug":"case-sv340","status":"publish","type":"product","link":"https:\/\/www.damac.it\/fr\/mini-chargeuses\/case-sv340-rome\/","title":{"rendered":"CASE SV340"},"content":{"rendered":"\n<p>La <strong>CASE SV340<\/strong> est une chargeuse compacte haute performance con\u00e7ue pour offrir un maximum de puissance, de fiabilit\u00e9 et de productivit\u00e9, m\u00eame sur les chantiers les plus exigeants. Avec un poids en ordre de marche de <strong>3 940 kg<\/strong> et une puissance de <strong>67 kW<\/strong>, cette machine garantit une puissance de pouss\u00e9e, une vitesse de travail et une stabilit\u00e9 sur tous les terrains. La cabine ferm\u00e9e et <strong>climatis\u00e9e<\/strong> offre un environnement de travail confortable en toutes saisons, am\u00e9liorant la productivit\u00e9 et la s\u00e9curit\u00e9 de l&#8217;op\u00e9rateur pendant les longues journ\u00e9es de travail.  <\/p>\n\n<p>Avec le godet standard inclus, la CASE SV340 permet une utilisation imm\u00e9diate pour la manutention, le chargement, le nivellement et une multitude d&#8217;op\u00e9rations quotidiennes sur les chantiers de construction, les exploitations agricoles et les sites industriels. La conception compacte, avec une largeur de seulement <strong>1 800 mm<\/strong>, permet un fonctionnement agile m\u00eame dans les espaces restreints, sans sacrifier la robustesse typique des machines CASE. <\/p>\n\n<p>Le moteur <strong>FPT F5H<\/strong> garantit une faible consommation de carburant, un couple \u00e9lev\u00e9 et une grande fiabilit\u00e9 dans le temps, des caract\u00e9ristiques fondamentales pour ceux qui recherchent une machine d&#8217;occasion en excellent \u00e9tat. Avec <strong>3767 heures de travail<\/strong>, la chargeuse compacte est pr\u00eate pour une utilisation imm\u00e9diate, avec une documentation compl\u00e8te et la <strong>certification CE<\/strong>, une garantie de s\u00e9curit\u00e9 et de conformit\u00e9 aux r\u00e9glementations europ\u00e9ennes. <\/p>\n\n<p>La CASE SV340 est la solution id\u00e9ale pour les professionnels qui ont besoin d&#8217;une machine polyvalente, robuste et performante, adapt\u00e9e \u00e0 un large \u00e9ventail d&#8217;applications.<\/p>\n\n<p><\/p>\n","protected":false},"excerpt":{"rendered":"<p>La <strong data-start=\"1764\" data-end=\"1778\">CASE SV340<\/strong> 2019 est une chargeuse sur pneus puissante et fiable, dot\u00e9e d&#8217;une cabine ferm\u00e9e et de l&#8217;air conditionn\u00e9. Avec 3767 heures, un godet standard et la certification CE, elle est id\u00e9ale pour les travaux lourds et la manutention. Disponible \u00e0 Rome, pr\u00eat \u00e0 l&#8217;emploi.<\/p>\n","protected":false},"featured_media":23055,"template":"","meta":{"_acf_changed":false},"ubicazione_acf":[],"product_brand":[680],"product_cat":[426],"false":[757],"proprietario":[],"class_list":{"0":"post-23039","1":"product","2":"type-product","3":"status-publish","4":"has-post-thumbnail","6":"product_brand-case","7":"product_cat-mini-chargeuses","8":"product_tag-fr","9":"pa_brand-case","11":"first","12":"outofstock","13":"sold-individually","14":"shipping-taxable","15":"purchasable","16":"product-type-simple"},"acf":[],"_links":{"self":[{"href":"https:\/\/www.damac.it\/fr\/wp-json\/wp\/v2\/product\/23039","targetHints":{"allow":["GET"]}}],"collection":[{"href":"https:\/\/www.damac.it\/fr\/wp-json\/wp\/v2\/product"}],"about":[{"href":"https:\/\/www.damac.it\/fr\/wp-json\/wp\/v2\/types\/product"}],"wp:featuredmedia":[{"embeddable":true,"href":"https:\/\/www.damac.it\/fr\/wp-json\/wp\/v2\/media\/23055"}],"wp:attachment":[{"href":"https:\/\/www.damac.it\/fr\/wp-json\/wp\/v2\/media?parent=23039"}],"wp:term":[{"taxonomy":"ubicazione_acf","embeddable":true,"href":"https:\/\/www.damac.it\/fr\/wp-json\/wp\/v2\/ubicazione_acf?post=23039"},{"taxonomy":"product_brand","embeddable":true,"href":"https:\/\/www.damac.it\/fr\/wp-json\/wp\/v2\/product_brand?post=23039"},{"taxonomy":"product_cat","embeddable":true,"href":"https:\/\/www.damac.it\/fr\/wp-json\/wp\/v2\/product_cat?post=23039"},{"taxonomy":"product_tag","embeddable":true,"href":"https:\/\/www.damac.it\/fr\/wp-json\/wp\/v2\/false?post=23039"},{"taxonomy":"proprietario","embeddable":true,"href":"https:\/\/www.damac.it\/fr\/wp-json\/wp\/v2\/proprietario?post=23039"}],"curies":[{"name":"wp","href":"https:\/\/api.w.org\/{rel}","templated":true}]}}