{"id":23271,"date":"2025-12-10T10:17:20","date_gmt":"2025-12-10T10:17:20","guid":{"rendered":"https:\/\/www.damac.it\/non%20class\u00e9\/jcb-85z-1\/"},"modified":"2026-04-08T09:09:10","modified_gmt":"2026-04-08T09:09:10","slug":"jcb-85z-1","status":"publish","type":"product","link":"https:\/\/www.damac.it\/fr\/mini-pelles\/jcb-85z-1-anguillara-sabazia\/","title":{"rendered":"JCB 85Z-1"},"content":{"rendered":"\n<p>Le <strong>JCB 85Z-1<\/strong> est une <a href=\"https:\/\/www.damac.it\/fr\/mini-pelles\/\">mini-pelle<\/a> compacte et puissante con\u00e7ue pour offrir des performances \u00e9lev\u00e9es sur les chantiers les plus exigeants. Avec un poids op\u00e9rationnel de <strong>8 227 kg<\/strong>, ce mod\u00e8le combine stabilit\u00e9 et rapidit\u00e9 de mouvement, garantissant une productivit\u00e9 \u00e9lev\u00e9e pour les travaux d&#8217;excavation, de maintenance, de construction et d&#8217;infrastructures. La structure \u00e0 rayon de rotation r\u00e9duit permet d&#8217;op\u00e9rer dans des espaces restreints avec une extr\u00eame pr\u00e9cision, tandis que le bras monobloc assure une force de levage et un contr\u00f4le total durant chaque phase de travail.  <\/p>\n\n<p>La cabine ferm\u00e9e offre un environnement prot\u00e9g\u00e9 et confortable, id\u00e9al pour les longues journ\u00e9es de travail et les conditions m\u00e9t\u00e9orologiques d\u00e9favorables. \u00c9quip\u00e9e de <strong>chenilles en caoutchouc \u00e0 60 %<\/strong>, d&#8217;une lame frontale et d&#8217;un <strong>syst\u00e8me de marteau<\/strong>, cette pelle est particuli\u00e8rement polyvalente et pr\u00eate pour les travaux de d\u00e9molition l\u00e9g\u00e8re, d&#8217;excavation profonde, de creusement de tranch\u00e9es et de manutention de mat\u00e9riaux. Le moteur <strong>Kohler 2504 TCR de 48 kW<\/strong> garantit une faible consommation de carburant, un couple \u00e9lev\u00e9 et une grande fiabilit\u00e9 dans le temps.  <\/p>\n\n<p>Con\u00a0<strong>4400 ore di utilizzo<\/strong>\u00a0e tagliandato, il JCB 85Z-1 \u00e8 immediatamente operativo. La presenza della\u00a0<strong><a href=\"https:\/\/www.damac.it\/accessori\/\">benna<\/a> da scavo<\/strong>\u00a0e della\u00a0<strong>certificazione CE<\/strong>\u00a0completa il pacchetto, offrendo una macchina controllata, sicura e conforme alle normative europee. Disponibile ad Anguillara Sabazia, rappresenta una soluzione solida per aziende che cercano un miniescavatore performante e resistente.<\/p>\n\n<div class=\"wp-block-webfactory-map\"><div class=\"wp-block-webfactory-map\"><iframe title=\"Carte\" width=\"100%\" height=\"380px\" src=\"https:\/\/www.google.com\/maps\/embed\/v1\/place?q=anguillara%20sabazia&amp;maptype=roadmap&amp;zoom=7&amp;key=AIzaSyCbpj9Ji_jwudUhfVpTXiPB79zpZZSDW8c\" frameborder=\"0\"><\/iframe><\/div><\/div>\n","protected":false},"excerpt":{"rendered":"<p>La <strong data-start=\"1566\" data-end=\"1579\">JCB 85Z-1<\/strong> 2017 est une puissante et fiable mini-pelle \u00e0 oscillation sans queue avec 4400 heures, cabine ferm\u00e9e, syst\u00e8me de marteau et godet de creusement. 60% de chenilles en caoutchouc, machine r\u00e9vis\u00e9e et certifi\u00e9e CE. Disponible \u00e0 Anguillara Sabazia.  <\/p>\n","protected":false},"featured_media":23273,"template":"","meta":{"_acf_changed":false},"ubicazione_acf":[],"product_brand":[607],"product_cat":[412],"false":[757],"proprietario":[],"class_list":{"0":"post-23271","1":"product","2":"type-product","3":"status-publish","4":"has-post-thumbnail","6":"product_brand-jcb","7":"product_cat-mini-pelles","8":"product_tag-fr","9":"pa_brand-jcb","11":"first","12":"instock","13":"sale","14":"sold-individually","15":"shipping-taxable","16":"purchasable","17":"product-type-simple"},"acf":[],"_links":{"self":[{"href":"https:\/\/www.damac.it\/fr\/wp-json\/wp\/v2\/product\/23271","targetHints":{"allow":["GET"]}}],"collection":[{"href":"https:\/\/www.damac.it\/fr\/wp-json\/wp\/v2\/product"}],"about":[{"href":"https:\/\/www.damac.it\/fr\/wp-json\/wp\/v2\/types\/product"}],"wp:featuredmedia":[{"embeddable":true,"href":"https:\/\/www.damac.it\/fr\/wp-json\/wp\/v2\/media\/23273"}],"wp:attachment":[{"href":"https:\/\/www.damac.it\/fr\/wp-json\/wp\/v2\/media?parent=23271"}],"wp:term":[{"taxonomy":"ubicazione_acf","embeddable":true,"href":"https:\/\/www.damac.it\/fr\/wp-json\/wp\/v2\/ubicazione_acf?post=23271"},{"taxonomy":"product_brand","embeddable":true,"href":"https:\/\/www.damac.it\/fr\/wp-json\/wp\/v2\/product_brand?post=23271"},{"taxonomy":"product_cat","embeddable":true,"href":"https:\/\/www.damac.it\/fr\/wp-json\/wp\/v2\/product_cat?post=23271"},{"taxonomy":"product_tag","embeddable":true,"href":"https:\/\/www.damac.it\/fr\/wp-json\/wp\/v2\/false?post=23271"},{"taxonomy":"proprietario","embeddable":true,"href":"https:\/\/www.damac.it\/fr\/wp-json\/wp\/v2\/proprietario?post=23271"}],"curies":[{"name":"wp","href":"https:\/\/api.w.org\/{rel}","templated":true}]}}