{"id":23935,"date":"2025-12-12T10:58:49","date_gmt":"2025-12-12T10:58:49","guid":{"rendered":"https:\/\/www.damac.it\/non%20class\u00e9\/new-holland-e215b\/"},"modified":"2026-04-08T09:49:44","modified_gmt":"2026-04-08T09:49:44","slug":"new-holland-e215b","status":"publish","type":"product","link":"https:\/\/www.damac.it\/fr\/pelles-sur-chenilles\/new-holland-e215b-rome\/","title":{"rendered":"NEW HOLLAND E215B"},"content":{"rendered":"\n<p>Le <strong>New Holland E215B<\/strong> est une <a href=\"https:\/\/www.damac.it\/fr\/pelles-sur-chenilles\/\">pelle sur chenilles<\/a> con\u00e7ue pour offrir puissance, fiabilit\u00e9 et hautes performances m\u00eame sur les chantiers les plus exigeants. Avec un poids op\u00e9rationnel de <strong>21 690 kg<\/strong>, ce mod\u00e8le garantit une capacit\u00e9 d&#8217;excavation sup\u00e9rieure et une excellente stabilit\u00e9, le rendant id\u00e9al pour le terrassement, les d\u00e9molitions, les travaux routiers et les excavations de grande envergure. La version propos\u00e9e est \u00e9quip\u00e9e d&#8217;une <strong>cabine ferm\u00e9e<\/strong>, qui assure confort et protection \u00e0 l&#8217;op\u00e9rateur dans toutes les conditions de travail.  <\/p>\n\n<p>Le bras monolithique et les <strong>chenilles en fer \u00e0 60 %<\/strong> offrent r\u00e9sistance et durabilit\u00e9 dans le temps, permettant \u00e0 la machine d&#8217;op\u00e9rer avec pr\u00e9cision m\u00eame sur des terrains difficiles. Gr\u00e2ce \u00e0 l&#8217;<strong>installation marteau<\/strong>, l&#8217;E215B devient encore plus polyvalent, pouvant g\u00e9rer des activit\u00e9s de d\u00e9molition l\u00e9g\u00e8re et moyenne avec une grande efficacit\u00e9. La machine est en outre \u00e9quip\u00e9e d&#8217;un <strong><a href=\"https:\/\/www.damac.it\/fr\/accessoires\/\">godet<\/a> de terrassement<\/strong>, pr\u00eate \u00e0 \u00eatre utilis\u00e9e imm\u00e9diatement sur le chantier.  <\/p>\n\n<p>Avec <strong>11 000 heures de travail<\/strong>, cette pelle d&#8217;occasion a \u00e9t\u00e9 maintenue en bon \u00e9tat g\u00e9n\u00e9ral et constitue une solution rentable pour les entreprises qui recherchent la fiabilit\u00e9 et la performance sans d\u00e9passer leur budget. La certification <strong>CE garantit la<\/strong>conformit\u00e9 avec les r\u00e9glementations europ\u00e9ennes et la s\u00e9curit\u00e9 op\u00e9rationnelle. <\/p>\n\n<p>Disponible dans notre bureau de <strong>Rome<\/strong>, la New Holland E215B est une machine robuste, puissante et pr\u00eate \u00e0 l&#8217;emploi, id\u00e9ale pour ceux qui ont besoin d&#8217;une productivit\u00e9 constante.<\/p>\n\n<p><\/p>\n","protected":false},"excerpt":{"rendered":"<p>Pelle sur chenilles <strong data-start=\"1664\" data-end=\"1685\">New Holland E215B<\/strong>, 2008, 11 000 heures, avec cabine ferm\u00e9e, fl\u00e8che monolithique, chenilles en fer \u00e0 70 % et syst\u00e8me de marteau. Compl\u00e8te avec godet d&#8217;excavation. Machine puissante et fiable, disponible \u00e0 Rome, pr\u00eate \u00e0 travailler.  <\/p>\n","protected":false},"featured_media":23937,"template":"","meta":{"_acf_changed":false},"ubicazione_acf":[],"product_brand":[635],"product_cat":[436],"false":[757],"proprietario":[],"class_list":{"0":"post-23935","1":"product","2":"type-product","3":"status-publish","4":"has-post-thumbnail","6":"product_brand-new-holland","7":"product_cat-pelles-sur-chenilles","8":"product_tag-fr","9":"pa_brand-new-holland","11":"first","12":"outofstock","13":"sold-individually","14":"shipping-taxable","15":"purchasable","16":"product-type-simple"},"acf":[],"_links":{"self":[{"href":"https:\/\/www.damac.it\/fr\/wp-json\/wp\/v2\/product\/23935","targetHints":{"allow":["GET"]}}],"collection":[{"href":"https:\/\/www.damac.it\/fr\/wp-json\/wp\/v2\/product"}],"about":[{"href":"https:\/\/www.damac.it\/fr\/wp-json\/wp\/v2\/types\/product"}],"wp:featuredmedia":[{"embeddable":true,"href":"https:\/\/www.damac.it\/fr\/wp-json\/wp\/v2\/media\/23937"}],"wp:attachment":[{"href":"https:\/\/www.damac.it\/fr\/wp-json\/wp\/v2\/media?parent=23935"}],"wp:term":[{"taxonomy":"ubicazione_acf","embeddable":true,"href":"https:\/\/www.damac.it\/fr\/wp-json\/wp\/v2\/ubicazione_acf?post=23935"},{"taxonomy":"product_brand","embeddable":true,"href":"https:\/\/www.damac.it\/fr\/wp-json\/wp\/v2\/product_brand?post=23935"},{"taxonomy":"product_cat","embeddable":true,"href":"https:\/\/www.damac.it\/fr\/wp-json\/wp\/v2\/product_cat?post=23935"},{"taxonomy":"product_tag","embeddable":true,"href":"https:\/\/www.damac.it\/fr\/wp-json\/wp\/v2\/false?post=23935"},{"taxonomy":"proprietario","embeddable":true,"href":"https:\/\/www.damac.it\/fr\/wp-json\/wp\/v2\/proprietario?post=23935"}],"curies":[{"name":"wp","href":"https:\/\/api.w.org\/{rel}","templated":true}]}}