{"id":24277,"date":"2025-12-15T08:56:02","date_gmt":"2025-12-15T08:56:02","guid":{"rendered":"https:\/\/www.damac.it\/non%20class\u00e9\/caterpillar-314d\/"},"modified":"2026-04-08T09:49:01","modified_gmt":"2026-04-08T09:49:01","slug":"caterpillar-314d","status":"publish","type":"product","link":"https:\/\/www.damac.it\/fr\/pelles-sur-chenilles\/caterpillar-314d-rome\/","title":{"rendered":"CHENILLE 314D"},"content":{"rendered":"\n<p>Le <strong>Caterpillar 314D<\/strong> est une <a href=\"https:\/\/www.damac.it\/fr\/pelles-sur-chenilles\/\">pelle sur chenilles<\/a> compacte et puissante, con\u00e7ue pour offrir des performances \u00e9lev\u00e9es m\u00eame sur les chantiers les plus complexes. Avec un poids op\u00e9rationnel de <strong>16 000 kg<\/strong> et la configuration <strong>\u00e0 rayon court<\/strong>, ce mod\u00e8le permet de travailler dans des espaces restreints tout en maintenant une excellente stabilit\u00e9. C&#8217;est une solution id\u00e9ale pour les travaux urbains, les excavations de pr\u00e9cision, les terrassements et l&#8217;entretien routier.  <\/p>\n\n<p>La machine est \u00e9quip\u00e9e d&#8217;une <strong>cabine ferm\u00e9e avec climatisation<\/strong>, assurant un confort et une visibilit\u00e9 optimaux pour l&#8217;op\u00e9rateur tout au long de la journ\u00e9e de travail. La fl\u00e8che monolithique et les <strong>chenilles en fer \u00e0 60 %<\/strong> garantissent la solidit\u00e9 et la durabilit\u00e9 de la machine, ce qui lui permet d&#8217;op\u00e9rer sur des terrains difficiles avec une fiabilit\u00e9 \u00e0 long terme. Le syst\u00e8me hydraulique, \u00e9quip\u00e9 d&#8217;un <strong>syst\u00e8me de marteau et de vannes de blocage<\/strong>, offre une plus grande polyvalence et une plus grande s\u00e9curit\u00e9 dans les op\u00e9rations de levage et de d\u00e9molition.  <\/p>\n\n<p>Le moteur <strong>Caterpillar C4.2 Acert de 67 kW<\/strong> garantit puissance, efficacit\u00e9 de consommation et excellentes performances sous charge. Avec <strong>7 000 heures de travail<\/strong>, le Caterpillar 314D pr\u00e9sent\u00e9 est en bon \u00e9tat g\u00e9n\u00e9ral et pr\u00eat pour une utilisation imm\u00e9diate. L&#8217;\u00e9quipement comprend le <strong><a href=\"https:\/\/www.damac.it\/fr\/accessoires\/\">godet<\/a> de terrassement<\/strong>, rendant la machine op\u00e9rationnelle d\u00e8s le d\u00e9part.  <\/p>\n\n<p>Disponible aupr\u00e8s de notre bureau de <strong>Rome<\/strong>, cette pelle repr\u00e9sente un investissement solide pour les professionnels qui recherchent la <strong>fiabilit\u00e9, l&#8217;efficacit\u00e9 et la s\u00e9curit\u00e9 op\u00e9rationnelle<\/strong>, avec la garantie de la certification <strong>CE.<\/strong><\/p>\n\n<p><\/p>\n","protected":false},"excerpt":{"rendered":"<p>Pelle sur chenilles <strong data-start=\"1785\" data-end=\"1805\">Caterpillar 314D<\/strong>, 2010, 7 000 heures, d\u00e9port arri\u00e8re nul, cabine climatis\u00e9e, fl\u00e8che monolithique, chenilles en fer \u00e0 60 %, syst\u00e8me de marteau et vannes de blocage. Complet avec godet de creusage. Disponible \u00e0 Rome et pr\u00eat \u00e0 l&#8217;emploi.<\/p>\n","protected":false},"featured_media":24279,"template":"","meta":{"_acf_changed":false},"ubicazione_acf":[],"product_brand":[857],"product_cat":[436],"false":[757],"proprietario":[],"class_list":{"0":"post-24277","1":"product","2":"type-product","3":"status-publish","4":"has-post-thumbnail","6":"product_brand-caterpillar","7":"product_cat-pelles-sur-chenilles","8":"product_tag-fr","9":"pa_brand-caterpillar","11":"first","12":"outofstock","13":"sold-individually","14":"shipping-taxable","15":"purchasable","16":"product-type-simple"},"acf":[],"_links":{"self":[{"href":"https:\/\/www.damac.it\/fr\/wp-json\/wp\/v2\/product\/24277","targetHints":{"allow":["GET"]}}],"collection":[{"href":"https:\/\/www.damac.it\/fr\/wp-json\/wp\/v2\/product"}],"about":[{"href":"https:\/\/www.damac.it\/fr\/wp-json\/wp\/v2\/types\/product"}],"wp:featuredmedia":[{"embeddable":true,"href":"https:\/\/www.damac.it\/fr\/wp-json\/wp\/v2\/media\/24279"}],"wp:attachment":[{"href":"https:\/\/www.damac.it\/fr\/wp-json\/wp\/v2\/media?parent=24277"}],"wp:term":[{"taxonomy":"ubicazione_acf","embeddable":true,"href":"https:\/\/www.damac.it\/fr\/wp-json\/wp\/v2\/ubicazione_acf?post=24277"},{"taxonomy":"product_brand","embeddable":true,"href":"https:\/\/www.damac.it\/fr\/wp-json\/wp\/v2\/product_brand?post=24277"},{"taxonomy":"product_cat","embeddable":true,"href":"https:\/\/www.damac.it\/fr\/wp-json\/wp\/v2\/product_cat?post=24277"},{"taxonomy":"product_tag","embeddable":true,"href":"https:\/\/www.damac.it\/fr\/wp-json\/wp\/v2\/false?post=24277"},{"taxonomy":"proprietario","embeddable":true,"href":"https:\/\/www.damac.it\/fr\/wp-json\/wp\/v2\/proprietario?post=24277"}],"curies":[{"name":"wp","href":"https:\/\/api.w.org\/{rel}","templated":true}]}}