{"id":24457,"date":"2025-12-15T09:40:34","date_gmt":"2025-12-15T09:40:34","guid":{"rendered":"https:\/\/www.damac.it\/non%20class\u00e9\/hitachi-zx240n-3\/"},"modified":"2026-04-08T09:49:12","modified_gmt":"2026-04-08T09:49:12","slug":"hitachi-zx240n-3","status":"publish","type":"product","link":"https:\/\/www.damac.it\/fr\/pelles-sur-chenilles\/hitachi-zx240n-3-rome\/","title":{"rendered":"HITACHI ZX240N-3"},"content":{"rendered":"\n<p>Le <strong>Hitachi ZX240N-3<\/strong> est une <a href=\"https:\/\/www.damac.it\/fr\/pelles-sur-chenilles\/\">pelle sur chenilles<\/a> professionnelle con\u00e7ue pour garantir puissance, pr\u00e9cision et productivit\u00e9 maximale dans tout contexte op\u00e9rationnel. Avec un poids de <strong>23 300 kg<\/strong> et une structure robuste, ce mod\u00e8le de 2008 est id\u00e9al pour les travaux d&#8217;excavation, de terrassement, de d\u00e9molitions l\u00e9g\u00e8res et les activit\u00e9s de chantier n\u00e9cessitant continuit\u00e9 et fiabilit\u00e9. La version <strong>N (narrow)<\/strong> offre un train de roulement plus \u00e9troit par rapport aux mod\u00e8les standard, permettant \u00e0 la machine d&#8217;op\u00e9rer avec plus d&#8217;agilit\u00e9 m\u00eame dans les espaces r\u00e9duits.  <\/p>\n\n<p>La cabine ferm\u00e9e offre un environnement de travail prot\u00e9g\u00e9 et confortable, avec une excellente visibilit\u00e9 et des commandes intuitives. Le bras monobloc assure r\u00e9sistance et durabilit\u00e9 dans le temps, tandis que les <strong>chenilles \u00e0 70 %<\/strong> garantissent une excellente traction et la capacit\u00e9 d&#8217;affronter les terrains irr\u00e9guliers. Le syst\u00e8me hydraulique est \u00e9quip\u00e9 d&#8217;un <strong>circuit brise-roche<\/strong>, \u00e9largissant la polyvalence de la machine pour les applications de d\u00e9molition, de d\u00e9fon\u00e7age et l&#8217;utilisation d&#8217;<a href=\"https:\/\/www.damac.it\/fr\/accessoires\/\">accessoires<\/a> puissants.  <\/p>\n\n<p>\u00c9quip\u00e9e d&#8217;un moteur <strong>Isuzu de 132 kW<\/strong>, l&#8217;Hitachi ZX240N-3 allie une consommation de carburant \u00e9quilibr\u00e9e \u00e0 des performances \u00e9lev\u00e9es en charge continue. Avec <strong>10 000 heures de travail<\/strong>, cette pelle est en bon \u00e9tat et pr\u00eate \u00e0 \u00eatre utilis\u00e9e imm\u00e9diatement sur le site. L&#8217;\u00e9quipement comprend un <strong>godet d&#8217;excavation<\/strong>, ce qui le rend op\u00e9rationnel d\u00e8s le premier jour. Disponible au si\u00e8ge de DAMAC \u00e0 <strong>Rome<\/strong>, certifi\u00e9e <strong>CE<\/strong> et enti\u00e8rement test\u00e9e.   <\/p>\n","protected":false},"excerpt":{"rendered":"<p>2008 Pelle Hitachi ZX240N-3, 23,3 tonnes, 10 000 heures, cabine ferm\u00e9e, chariot \u00e9troit, fl\u00e8che monolithique, 70 % de chenilles, syst\u00e8me de marteau. Moteur Isuzu 132 kW. Compl\u00e8te avec godet d&#8217;excavation, disponible \u00e0 Rome.  <\/p>\n","protected":false},"featured_media":24459,"template":"","meta":{"_acf_changed":false},"ubicazione_acf":[],"product_brand":[694],"product_cat":[436],"false":[757],"proprietario":[],"class_list":{"0":"post-24457","1":"product","2":"type-product","3":"status-publish","4":"has-post-thumbnail","6":"product_brand-hitachi","7":"product_cat-pelles-sur-chenilles","8":"product_tag-fr","9":"pa_brand-hitachi","11":"first","12":"outofstock","13":"sold-individually","14":"shipping-taxable","15":"purchasable","16":"product-type-simple"},"acf":[],"_links":{"self":[{"href":"https:\/\/www.damac.it\/fr\/wp-json\/wp\/v2\/product\/24457","targetHints":{"allow":["GET"]}}],"collection":[{"href":"https:\/\/www.damac.it\/fr\/wp-json\/wp\/v2\/product"}],"about":[{"href":"https:\/\/www.damac.it\/fr\/wp-json\/wp\/v2\/types\/product"}],"wp:featuredmedia":[{"embeddable":true,"href":"https:\/\/www.damac.it\/fr\/wp-json\/wp\/v2\/media\/24459"}],"wp:attachment":[{"href":"https:\/\/www.damac.it\/fr\/wp-json\/wp\/v2\/media?parent=24457"}],"wp:term":[{"taxonomy":"ubicazione_acf","embeddable":true,"href":"https:\/\/www.damac.it\/fr\/wp-json\/wp\/v2\/ubicazione_acf?post=24457"},{"taxonomy":"product_brand","embeddable":true,"href":"https:\/\/www.damac.it\/fr\/wp-json\/wp\/v2\/product_brand?post=24457"},{"taxonomy":"product_cat","embeddable":true,"href":"https:\/\/www.damac.it\/fr\/wp-json\/wp\/v2\/product_cat?post=24457"},{"taxonomy":"product_tag","embeddable":true,"href":"https:\/\/www.damac.it\/fr\/wp-json\/wp\/v2\/false?post=24457"},{"taxonomy":"proprietario","embeddable":true,"href":"https:\/\/www.damac.it\/fr\/wp-json\/wp\/v2\/proprietario?post=24457"}],"curies":[{"name":"wp","href":"https:\/\/api.w.org\/{rel}","templated":true}]}}