{"id":24643,"date":"2025-12-15T11:58:17","date_gmt":"2025-12-15T11:58:17","guid":{"rendered":"https:\/\/www.damac.it\/non%20class\u00e9\/antonelli-vfs42-s\/"},"modified":"2026-04-28T13:55:08","modified_gmt":"2026-04-28T13:55:08","slug":"antonelli-vfa42-s","status":"publish","type":"product","link":"https:\/\/www.damac.it\/fr\/paves-routiers\/antonelli-vfa42-s-rome\/","title":{"rendered":"ANTONELLI VFA42-S"},"content":{"rendered":"\n<p>Le <strong>VFA42-S d&#8217;Antonelli<\/strong> est un finisseur de routes compact et fiable, con\u00e7u pour assurer des performances constantes, m\u00eame sur les chantiers les plus exigeants. Avec son faible poids et sa conception maniable, il constitue une solution id\u00e9ale pour les entreprises qui ont besoin d&#8217;une machine simple, robuste et particuli\u00e8rement \u00e9conomique \u00e0 utiliser. Avec <strong>seulement 506 heures de travail<\/strong>, cette unit\u00e9 de 1988 est en excellent \u00e9tat de fonctionnement malgr\u00e9 son ann\u00e9e de fabrication, signe d&#8217;une utilisation minimale et bien entretenue.  <\/p>\n\n<p>Le finisseur est \u00e9quip\u00e9 de <strong>quatre pneus d&#8217;une usure de 70 %<\/strong>, qui assurent la stabilit\u00e9 lors de la pose du mat\u00e9riau et une bonne adh\u00e9rence m\u00eame sur les surfaces irr\u00e9guli\u00e8res. La m\u00e9canique essentielle permet un entretien rapide et peu co\u00fbteux, ce qui en fait un choix comp\u00e9titif pour ceux qui recherchent la fiabilit\u00e9 sans une complexit\u00e9 \u00e9lectronique excessive. L&#8217;ANTONELLI VFA42-S est particuli\u00e8rement indiqu\u00e9e pour les travaux d&#8217;asphaltage sur les routes communales, les cours, les trottoirs et les petites chauss\u00e9es, o\u00f9 la compacit\u00e9 et la pr\u00e9cision sont essentielles.  <\/p>\n\n<p>Gr\u00e2ce \u00e0 sa simplicit\u00e9 d&#8217;utilisation, il s&#8217;adresse aussi bien aux entrepreneurs sp\u00e9cialis\u00e9s qu&#8217;aux op\u00e9rateurs qui ont besoin d&#8217;un finisseur pr\u00eat \u00e0 l&#8217;emploi pour des travaux cibl\u00e9s. Disponible dans notre chantier de <strong>Rome<\/strong>, il s&#8217;agit d&#8217;une machine test\u00e9e et imm\u00e9diatement op\u00e9rationnelle, id\u00e9ale pour ceux qui veulent un finisseur efficace \u00e0 un prix attractif. <\/p>\n","protected":false},"excerpt":{"rendered":"<p>Finisseur de routes <strong data-start=\"1649\" data-end=\"1670\">Antonelli VFA42-S<\/strong> de 1988 avec seulement <strong data-start=\"1689\" data-end=\"1700\">506 heures<\/strong>, 70% de pneus et un design compact id\u00e9al pour les travaux urbains. Machine simple, fiable et pr\u00eate \u00e0 l&#8217;emploi. Disponible \u00e0 <strong data-start=\"1829\" data-end=\"1837\">Rome<\/strong>, parfaite pour l&#8217;asphaltage de petites et moyennes surfaces.  <\/p>\n","protected":false},"featured_media":24645,"template":"","meta":{"_acf_changed":false},"ubicazione_acf":[],"product_brand":[865],"product_cat":[548],"false":[757],"proprietario":[],"class_list":{"0":"post-24643","1":"product","2":"type-product","3":"status-publish","4":"has-post-thumbnail","6":"product_brand-antonelli","7":"product_cat-paves-routiers","8":"product_tag-fr","9":"pa_brand-antonelli","11":"first","12":"instock","13":"sold-individually","14":"shipping-taxable","15":"purchasable","16":"product-type-simple"},"acf":[],"_links":{"self":[{"href":"https:\/\/www.damac.it\/fr\/wp-json\/wp\/v2\/product\/24643","targetHints":{"allow":["GET"]}}],"collection":[{"href":"https:\/\/www.damac.it\/fr\/wp-json\/wp\/v2\/product"}],"about":[{"href":"https:\/\/www.damac.it\/fr\/wp-json\/wp\/v2\/types\/product"}],"wp:featuredmedia":[{"embeddable":true,"href":"https:\/\/www.damac.it\/fr\/wp-json\/wp\/v2\/media\/24645"}],"wp:attachment":[{"href":"https:\/\/www.damac.it\/fr\/wp-json\/wp\/v2\/media?parent=24643"}],"wp:term":[{"taxonomy":"ubicazione_acf","embeddable":true,"href":"https:\/\/www.damac.it\/fr\/wp-json\/wp\/v2\/ubicazione_acf?post=24643"},{"taxonomy":"product_brand","embeddable":true,"href":"https:\/\/www.damac.it\/fr\/wp-json\/wp\/v2\/product_brand?post=24643"},{"taxonomy":"product_cat","embeddable":true,"href":"https:\/\/www.damac.it\/fr\/wp-json\/wp\/v2\/product_cat?post=24643"},{"taxonomy":"product_tag","embeddable":true,"href":"https:\/\/www.damac.it\/fr\/wp-json\/wp\/v2\/false?post=24643"},{"taxonomy":"proprietario","embeddable":true,"href":"https:\/\/www.damac.it\/fr\/wp-json\/wp\/v2\/proprietario?post=24643"}],"curies":[{"name":"wp","href":"https:\/\/api.w.org\/{rel}","templated":true}]}}