{"id":26458,"date":"2026-02-05T18:19:48","date_gmt":"2026-02-05T18:19:48","guid":{"rendered":"https:\/\/www.damac.it\/non%20class\u00e9\/kubota-u17-3a\/"},"modified":"2026-03-20T15:28:06","modified_gmt":"2026-03-20T15:28:06","slug":"kubota-u17-3a","status":"publish","type":"product","link":"https:\/\/www.damac.it\/fr\/mini-pelles\/kubota-u17-3a-anguillara-sabazia\/","title":{"rendered":"Kubota U17-3a"},"content":{"rendered":"\n<p>La <strong>Kubota U17-3a<\/strong> est une mini-pelle compacte et fiable, con\u00e7ue pour des <strong>performances \u00e9lev\u00e9es dans les espaces restreints<\/strong> et une pr\u00e9cision op\u00e9rationnelle maximale. L&#8217;absence de <strong>d\u00e9port<\/strong> arri\u00e8re vous permet de travailler en toute s\u00e9curit\u00e9 pr\u00e8s des murs, des cl\u00f4tures et des obstacles, ce qui la rend id\u00e9ale pour les travaux de construction urbaine, de r\u00e9novation, d&#8217;entretien et de plantation. <\/p>\n\n<p>Avec un <strong>poids en ordre de marche de 1 730 kg<\/strong> et un <strong>train de roulement variable<\/strong>, cette machine offre un excellent compromis entre la stabilit\u00e9 lors du creusement et la facilit\u00e9 d&#8217;acc\u00e8s dans les passages les plus \u00e9troits. Le <strong>moteur Kubota D902 \u00e0 3 cylindres de 11,3 kW<\/strong> garantit la fiabilit\u00e9, une faible consommation de carburant et un fonctionnement souple, m\u00eame en cas d&#8217;utilisation prolong\u00e9e. <\/p>\n\n<p>La <strong>fl\u00e8che monolithique<\/strong>, combin\u00e9e au<strong>syst\u00e8me de brise-roche<\/strong>, \u00e9largit les possibilit\u00e9s d&#8217;utilisation, permettant la d\u00e9molition l\u00e9g\u00e8re, l&#8217;excavation technique et les travaux de pr\u00e9cision. La pr\u00e9sence de l&#8217;<strong>attache rapide Cangini<\/strong> et des <strong>trois godets, du marteau de d\u00e9molition et de la fraise<\/strong> permet un changement rapide des accessoires, am\u00e9liorant ainsi la productivit\u00e9 et le temps de travail. <\/p>\n\n<p>Avec <strong>706 heures de travail<\/strong>, l&#8217;<strong>ann\u00e9e 2020<\/strong>, <strong>70 % de chenilles en caoutchouc<\/strong> et la <strong>certification CE<\/strong>, cette Kubota U17-3a est une solution pr\u00eate \u00e0 l&#8217;emploi pour les professionnels qui recherchent la compacit\u00e9, la polyvalence et la fiabilit\u00e9 \u00e0 long terme.<\/p>\n\n<div class=\"wp-block-webfactory-map\"><div class=\"wp-block-webfactory-map\"><iframe title=\"Carte\" width=\"100%\" height=\"380px\" src=\"https:\/\/www.google.com\/maps\/embed\/v1\/place?q=anguillara%20sabazia&amp;maptype=roadmap&amp;zoom=7&amp;key=AIzaSyCbpj9Ji_jwudUhfVpTXiPB79zpZZSDW8c\" frameborder=\"0\"><\/iframe><\/div><\/div>\n","protected":false},"excerpt":{"rendered":"<p>Kubota U17-3a zero-tail swing 2020 avec 706 heures, chariot variable et syst\u00e8me de marteau. Compacte, stable et compl\u00e8te avec godets et accessoires. Id\u00e9ale pour les chantiers urbains et les travaux de pr\u00e9cision. Disponible \u00e0 Anguillara Sabazia au prix de 20 500 \u20ac HT.   <\/p>\n","protected":false},"featured_media":30600,"template":"","meta":{"_acf_changed":false},"ubicazione_acf":[],"product_brand":[604],"product_cat":[412],"false":[757],"proprietario":[],"class_list":{"0":"post-26458","1":"product","2":"type-product","3":"status-publish","4":"has-post-thumbnail","6":"product_brand-kubota","7":"product_cat-mini-pelles","8":"product_tag-fr","9":"pa_brand-kubota","11":"first","12":"instock","13":"sold-individually","14":"shipping-taxable","15":"purchasable","16":"product-type-simple"},"acf":[],"_links":{"self":[{"href":"https:\/\/www.damac.it\/fr\/wp-json\/wp\/v2\/product\/26458","targetHints":{"allow":["GET"]}}],"collection":[{"href":"https:\/\/www.damac.it\/fr\/wp-json\/wp\/v2\/product"}],"about":[{"href":"https:\/\/www.damac.it\/fr\/wp-json\/wp\/v2\/types\/product"}],"wp:featuredmedia":[{"embeddable":true,"href":"https:\/\/www.damac.it\/fr\/wp-json\/wp\/v2\/media\/30600"}],"wp:attachment":[{"href":"https:\/\/www.damac.it\/fr\/wp-json\/wp\/v2\/media?parent=26458"}],"wp:term":[{"taxonomy":"ubicazione_acf","embeddable":true,"href":"https:\/\/www.damac.it\/fr\/wp-json\/wp\/v2\/ubicazione_acf?post=26458"},{"taxonomy":"product_brand","embeddable":true,"href":"https:\/\/www.damac.it\/fr\/wp-json\/wp\/v2\/product_brand?post=26458"},{"taxonomy":"product_cat","embeddable":true,"href":"https:\/\/www.damac.it\/fr\/wp-json\/wp\/v2\/product_cat?post=26458"},{"taxonomy":"product_tag","embeddable":true,"href":"https:\/\/www.damac.it\/fr\/wp-json\/wp\/v2\/false?post=26458"},{"taxonomy":"proprietario","embeddable":true,"href":"https:\/\/www.damac.it\/fr\/wp-json\/wp\/v2\/proprietario?post=26458"}],"curies":[{"name":"wp","href":"https:\/\/api.w.org\/{rel}","templated":true}]}}