{"id":26625,"date":"2026-02-05T17:45:45","date_gmt":"2026-02-05T17:45:45","guid":{"rendered":"https:\/\/www.damac.it\/non%20class\u00e9\/wacker-neuson-ez17\/"},"modified":"2026-02-06T17:47:19","modified_gmt":"2026-02-06T17:47:19","slug":"wacker-neuson-ez17","status":"publish","type":"product","link":"https:\/\/www.damac.it\/fr\/mini-pelles\/wacker-neuson-ez17-anguillara-sabazia\/","title":{"rendered":"WACKER NEUSON EZ17"},"content":{"rendered":"\n<p>La <strong>Wacker Neuson EZ17<\/strong> est une mini-pelle compacte con\u00e7ue pour offrir une <strong>efficacit\u00e9 op\u00e9rationnelle maximale dans les espaces restreints<\/strong> sans sacrifier la stabilit\u00e9 et les performances. Comme elle<strong> n&#8217;a pas de<\/strong> d\u00e9port<strong> arri\u00e8re<\/strong>, elle tourne compl\u00e8tement dans le contour du ch\u00e2ssis, ce qui la rend id\u00e9ale pour les travaux urbains, les r\u00e9novations, les chantiers r\u00e9sidentiels et les travaux \u00e0 proximit\u00e9 de murs ou d&#8217;obstacles. <\/p>\n\n<p>Avec un <strong>poids en ordre de marche de 1 780 kg<\/strong> et un <strong>train de roulement variable<\/strong>, l&#8217;EZ17 offre un \u00e9quilibre parfait entre compacit\u00e9 et s\u00e9curit\u00e9 lors des travaux de creusement. Le <strong>moteur Yanmar de 13,8 kW,<\/strong> fiable et \u00e9conome en carburant, assure une puissance constante m\u00eame pendant les travaux les plus exigeants, tandis que la <strong>double vitesse de d\u00e9placement<\/strong> permet de se d\u00e9placer rapidement sur le site. <\/p>\n\n<p>La machine est \u00e9quip\u00e9e d&#8217;un <strong>syst\u00e8me de marteau<\/strong>, ce qui \u00e9largit les possibilit\u00e9s d&#8217;utilisation pour les travaux de d\u00e9molition et d&#8217;entretien l\u00e9gers. Elle est compl\u00e9t\u00e9e par 3 godets d&#8217;excavation. La <strong>lame avant<\/strong> am\u00e9liore les op\u00e9rations de nivellement et accro\u00eet la stabilit\u00e9 lors du creusement. Les <strong>chenilles en caoutchouc<\/strong> permettent \u00e9galement de travailler sur des surfaces d\u00e9licates, en r\u00e9duisant l&#8217;impact sur le sol.   <\/p>\n\n<p>Ce mod\u00e8le <strong>2023<\/strong>, <strong>certifi\u00e9 CE<\/strong>, est une solution fiable et professionnelle pour ceux qui recherchent une mini-pelle polyvalente, moderne et pr\u00eate \u00e0 l&#8217;emploi.<\/p>\n\n<div class=\"wp-block-webfactory-map\"><div class=\"wp-block-webfactory-map\"><iframe title=\"Carte\" width=\"100%\" height=\"380px\" src=\"https:\/\/www.google.com\/maps\/embed\/v1\/place?q=anguillara%20sabazia&amp;maptype=roadmap&amp;zoom=7&amp;key=AIzaSyCbpj9Ji_jwudUhfVpTXiPB79zpZZSDW8c\" frameborder=\"0\"><\/iframe><\/div><\/div>\n","protected":false},"excerpt":{"rendered":"<p><strong data-start=\"1544\" data-end=\"1566\">Wacker Neuson EZ17<\/strong> zero-tail swing mini-excavator, ann\u00e9e 2023, poids 1,780 kg. Compact, puissant et polyvalent, il est id\u00e9al pour les travaux dans les espaces confin\u00e9s, les chantiers urbains et la maintenance professionnelle.<\/p>\n","protected":false},"featured_media":26645,"template":"","meta":{"_acf_changed":false},"ubicazione_acf":[],"product_brand":[673],"product_cat":[412],"false":[757],"proprietario":[],"class_list":{"0":"post-26625","1":"product","2":"type-product","3":"status-publish","4":"has-post-thumbnail","6":"product_brand-wacker-neuson","7":"product_cat-mini-pelles","8":"product_tag-fr","9":"pa_brand-wacker-neuson","11":"first","12":"instock","13":"sold-individually","14":"shipping-taxable","15":"purchasable","16":"product-type-simple"},"acf":[],"_links":{"self":[{"href":"https:\/\/www.damac.it\/fr\/wp-json\/wp\/v2\/product\/26625","targetHints":{"allow":["GET"]}}],"collection":[{"href":"https:\/\/www.damac.it\/fr\/wp-json\/wp\/v2\/product"}],"about":[{"href":"https:\/\/www.damac.it\/fr\/wp-json\/wp\/v2\/types\/product"}],"wp:featuredmedia":[{"embeddable":true,"href":"https:\/\/www.damac.it\/fr\/wp-json\/wp\/v2\/media\/26645"}],"wp:attachment":[{"href":"https:\/\/www.damac.it\/fr\/wp-json\/wp\/v2\/media?parent=26625"}],"wp:term":[{"taxonomy":"ubicazione_acf","embeddable":true,"href":"https:\/\/www.damac.it\/fr\/wp-json\/wp\/v2\/ubicazione_acf?post=26625"},{"taxonomy":"product_brand","embeddable":true,"href":"https:\/\/www.damac.it\/fr\/wp-json\/wp\/v2\/product_brand?post=26625"},{"taxonomy":"product_cat","embeddable":true,"href":"https:\/\/www.damac.it\/fr\/wp-json\/wp\/v2\/product_cat?post=26625"},{"taxonomy":"product_tag","embeddable":true,"href":"https:\/\/www.damac.it\/fr\/wp-json\/wp\/v2\/false?post=26625"},{"taxonomy":"proprietario","embeddable":true,"href":"https:\/\/www.damac.it\/fr\/wp-json\/wp\/v2\/proprietario?post=26625"}],"curies":[{"name":"wp","href":"https:\/\/api.w.org\/{rel}","templated":true}]}}