{"id":26756,"date":"2026-02-05T18:58:38","date_gmt":"2026-02-05T18:58:38","guid":{"rendered":"https:\/\/www.damac.it\/non%20class\u00e9\/caterpillar-311cu\/"},"modified":"2026-02-06T17:44:40","modified_gmt":"2026-02-06T17:44:40","slug":"caterpillar-311cu","status":"publish","type":"product","link":"https:\/\/www.damac.it\/fr\/pelles-sur-chenilles\/caterpillar-311cu-anguillara-sabazia\/","title":{"rendered":"Caterpillar 311CU"},"content":{"rendered":"\n<p>La <strong>Caterpillar 311CU<\/strong> est une pelle sur chenilles con\u00e7ue pour effectuer des <strong>travaux lourds et continus<\/strong> avec fiabilit\u00e9 et une puissance constante. Avec un <strong>poids en ordre de marche de 13 300 kg<\/strong>, cette machine est id\u00e9ale pour l&#8217;excavation de structures, le terrassement, les travaux routiers et les chantiers de taille moyenne \u00e0 grande o\u00f9 la force et la stabilit\u00e9 sont essentielles. <\/p>\n\n<p>La <strong>fl\u00e8che monolithique<\/strong> assure pr\u00e9cision et robustesse, m\u00eame sous de lourdes charges, tandis que les <strong>chenilles en fer<\/strong> assurent une traction optimale sur les terrains difficiles et dans des conditions \u00e9prouvantes. La <strong>cabine ferm\u00e9e<\/strong> offre confort et protection \u00e0 l&#8217;op\u00e9rateur, ce qui am\u00e9liore la productivit\u00e9 pendant les longues journ\u00e9es de travail. La <strong>lame avant<\/strong> facilite les op\u00e9rations de nivellement et augmente la stabilit\u00e9 lors du creusement.  <\/p>\n\n<p>Le <strong>moteur Caterpillar 3064 T de 59 kW<\/strong> est synonyme de fiabilit\u00e9, de couple \u00e9lev\u00e9 et de consommation de carburant \u00e9quilibr\u00e9e, ce qui rend la machine adapt\u00e9e \u00e0 un usage intensif. La pr\u00e9sence d&#8217;un <strong>syst\u00e8me de brise-roche<\/strong> et de <strong>vannes de blocage<\/strong> \u00e9largit les possibilit\u00e9s op\u00e9rationnelles, permettant une d\u00e9molition contr\u00f4l\u00e9e et un travail en toute s\u00e9curit\u00e9. <\/p>\n\n<p>Avec <strong>4 375 heures de travail<\/strong>, l&#8217;<strong>ann\u00e9e 2007<\/strong>, <strong>70 % de chenilles<\/strong> et la <strong>certification CE<\/strong>, cette Caterpillar 311CU est une solution solide et pr\u00eate \u00e0 l&#8217;emploi pour les professionnels \u00e0 la recherche de performances et d&#8217;une durabilit\u00e9 r\u00e9elles.<\/p>\n\n<div class=\"wp-block-webfactory-map\"><div class=\"wp-block-webfactory-map\"><iframe title=\"Carte\" width=\"100%\" height=\"380px\" src=\"https:\/\/www.google.com\/maps\/embed\/v1\/place?q=anguillara%20sabazia&amp;maptype=roadmap&amp;zoom=7&amp;key=AIzaSyCbpj9Ji_jwudUhfVpTXiPB79zpZZSDW8c\" frameborder=\"0\"><\/iframe><\/div><\/div>\n","protected":false},"excerpt":{"rendered":"<p>13 300 kg Pelle sur chenilles <strong data-start=\"1568\" data-end=\"1589\">Caterpillar 311CU<\/strong>, ann\u00e9e 2007, 4 375 heures. Robuste, puissant et fiable, avec une fl\u00e8che monolithique, un syst\u00e8me de marteau et une cabine ferm\u00e9e pour les travaux lourds.<\/p>\n","protected":false},"featured_media":26758,"template":"","meta":{"_acf_changed":false},"ubicazione_acf":[],"product_brand":[857],"product_cat":[436],"false":[757],"proprietario":[],"class_list":{"0":"post-26756","1":"product","2":"type-product","3":"status-publish","4":"has-post-thumbnail","6":"product_brand-caterpillar","7":"product_cat-pelles-sur-chenilles","8":"product_tag-fr","9":"pa_brand-caterpillar","11":"first","12":"instock","13":"sold-individually","14":"shipping-taxable","15":"purchasable","16":"product-type-simple"},"acf":[],"_links":{"self":[{"href":"https:\/\/www.damac.it\/fr\/wp-json\/wp\/v2\/product\/26756","targetHints":{"allow":["GET"]}}],"collection":[{"href":"https:\/\/www.damac.it\/fr\/wp-json\/wp\/v2\/product"}],"about":[{"href":"https:\/\/www.damac.it\/fr\/wp-json\/wp\/v2\/types\/product"}],"wp:featuredmedia":[{"embeddable":true,"href":"https:\/\/www.damac.it\/fr\/wp-json\/wp\/v2\/media\/26758"}],"wp:attachment":[{"href":"https:\/\/www.damac.it\/fr\/wp-json\/wp\/v2\/media?parent=26756"}],"wp:term":[{"taxonomy":"ubicazione_acf","embeddable":true,"href":"https:\/\/www.damac.it\/fr\/wp-json\/wp\/v2\/ubicazione_acf?post=26756"},{"taxonomy":"product_brand","embeddable":true,"href":"https:\/\/www.damac.it\/fr\/wp-json\/wp\/v2\/product_brand?post=26756"},{"taxonomy":"product_cat","embeddable":true,"href":"https:\/\/www.damac.it\/fr\/wp-json\/wp\/v2\/product_cat?post=26756"},{"taxonomy":"product_tag","embeddable":true,"href":"https:\/\/www.damac.it\/fr\/wp-json\/wp\/v2\/false?post=26756"},{"taxonomy":"proprietario","embeddable":true,"href":"https:\/\/www.damac.it\/fr\/wp-json\/wp\/v2\/proprietario?post=26756"}],"curies":[{"name":"wp","href":"https:\/\/api.w.org\/{rel}","templated":true}]}}