{"id":26983,"date":"2026-02-05T19:23:54","date_gmt":"2026-02-05T19:23:54","guid":{"rendered":"https:\/\/www.damac.it\/non%20class\u00e9\/jcb-8018cts\/"},"modified":"2026-03-17T09:50:31","modified_gmt":"2026-03-17T09:50:31","slug":"jcb-8018cts","status":"publish","type":"product","link":"https:\/\/www.damac.it\/fr\/mini-pelles\/jcb-8018cts-rome\/","title":{"rendered":"JCB 8018CTS"},"content":{"rendered":"\n<p>La <strong>JCB 8018CTS<\/strong> est une mini-pelle compacte con\u00e7ue pour offrir un <strong>maximum de maniabilit\u00e9 et de fiabilit\u00e9 op\u00e9rationnelle<\/strong> sur les petits chantiers. L&#8217;absence de<strong> d\u00e9port<\/strong> arri\u00e8re lui permet de travailler en toute s\u00e9curit\u00e9 m\u00eame dans les espaces confin\u00e9s, pr\u00e8s des murs, des cl\u00f4tures et des obstacles, ce qui la rend id\u00e9ale pour les travaux urbains, l&#8217;entretien, la plantation et la r\u00e9novation. <\/p>\n\n<p>Avec un <strong>poids en ordre de marche de 1 500 kg<\/strong> et un <strong>train de roulement variable<\/strong>, cette machine offre une excellente stabilit\u00e9 lors du creusement et un acc\u00e8s facile dans les passages les plus \u00e9troits. Le <strong>moteur Perkins 403D-11 de 14,2 kW<\/strong> garantit des performances fiables, une faible consommation de carburant et une r\u00e9ponse souple, m\u00eame en cas d&#8217;utilisation prolong\u00e9e. <\/p>\n\n<p>La pr\u00e9sence de la <strong>lame de nivellement<\/strong> am\u00e9liore les op\u00e9rations de finition et augmente la stabilit\u00e9 pendant le travail, tandis que le<strong>syst\u00e8me de marteau<\/strong> \u00e9largit les possibilit\u00e9s op\u00e9rationnelles pour les travaux de d\u00e9molition et d&#8217;entretien l\u00e9gers. Les <strong>chenilles en caoutchouc<\/strong> permettent de travailler sur des surfaces d\u00e9licates, en r\u00e9duisant l&#8217;impact sur le sol. <\/p>\n\n<p>La machine est <strong>enti\u00e8rement r\u00e9vis\u00e9e<\/strong>, avec un <strong>nouveau si\u00e8ge, de nouveaux supports de moteur et de cabine<\/strong>, et une <strong>horloge remplac\u00e9e<\/strong>. Bien que les heures ne soient pas lisibles, la machine a travaill\u00e9 <strong>moins de 2 500 heures<\/strong> et est <strong>pr\u00eate \u00e0 travailler imm\u00e9diatement<\/strong>. <\/p>\n\n<p><\/p>\n","protected":false},"excerpt":{"rendered":"<p>Mini-pelle <strong data-start=\"1496\" data-end=\"1511\">JCB 8018CTS<\/strong> compacte et fiable de 1 500 kg \u00e0 d\u00e9port de queue nul. Train de roulement variable, syst\u00e8me de brise-roche et machine de tron\u00e7onnage, pr\u00eate \u00e0 l&#8217;emploi pour les travaux urbains et les espaces confin\u00e9s. <\/p>\n","protected":false},"featured_media":26985,"template":"","meta":{"_acf_changed":false},"ubicazione_acf":[],"product_brand":[607],"product_cat":[412],"false":[757],"proprietario":[],"class_list":{"0":"post-26983","1":"product","2":"type-product","3":"status-publish","4":"has-post-thumbnail","6":"product_brand-jcb","7":"product_cat-mini-pelles","8":"product_tag-fr","9":"pa_brand-jcb","11":"first","12":"outofstock","13":"sale","14":"sold-individually","15":"shipping-taxable","16":"purchasable","17":"product-type-simple"},"acf":[],"_links":{"self":[{"href":"https:\/\/www.damac.it\/fr\/wp-json\/wp\/v2\/product\/26983","targetHints":{"allow":["GET"]}}],"collection":[{"href":"https:\/\/www.damac.it\/fr\/wp-json\/wp\/v2\/product"}],"about":[{"href":"https:\/\/www.damac.it\/fr\/wp-json\/wp\/v2\/types\/product"}],"wp:featuredmedia":[{"embeddable":true,"href":"https:\/\/www.damac.it\/fr\/wp-json\/wp\/v2\/media\/26985"}],"wp:attachment":[{"href":"https:\/\/www.damac.it\/fr\/wp-json\/wp\/v2\/media?parent=26983"}],"wp:term":[{"taxonomy":"ubicazione_acf","embeddable":true,"href":"https:\/\/www.damac.it\/fr\/wp-json\/wp\/v2\/ubicazione_acf?post=26983"},{"taxonomy":"product_brand","embeddable":true,"href":"https:\/\/www.damac.it\/fr\/wp-json\/wp\/v2\/product_brand?post=26983"},{"taxonomy":"product_cat","embeddable":true,"href":"https:\/\/www.damac.it\/fr\/wp-json\/wp\/v2\/product_cat?post=26983"},{"taxonomy":"product_tag","embeddable":true,"href":"https:\/\/www.damac.it\/fr\/wp-json\/wp\/v2\/false?post=26983"},{"taxonomy":"proprietario","embeddable":true,"href":"https:\/\/www.damac.it\/fr\/wp-json\/wp\/v2\/proprietario?post=26983"}],"curies":[{"name":"wp","href":"https:\/\/api.w.org\/{rel}","templated":true}]}}