{"id":28501,"date":"2026-02-26T11:10:00","date_gmt":"2026-02-26T11:10:00","guid":{"rendered":"https:\/\/www.damac.it\/non%20class\u00e9\/turchi-300f-3\/"},"modified":"2026-04-13T10:00:26","modified_gmt":"2026-04-13T10:00:26","slug":"turchi-300f-3","status":"publish","type":"product","link":"https:\/\/www.damac.it\/fr\/marteaux-de-battage-hydrauliques\/turchi-300f-3-parme\/","title":{"rendered":"TURCHI 300F"},"content":{"rendered":"\n<p>Le <strong><a href=\"https:\/\/www.damac.it\/fr\/battipalo-turchi-300f\/\">TURCHI 300F<\/a> neuf ann\u00e9e 2026<\/strong> est une batteuse de pieux professionnelle con\u00e7ue pour offrir <strong>puissance maximale, pr\u00e9cision et productivit\u00e9<\/strong> dans les travaux d&#8217;installation de pieux pour cl\u00f4tures, vignobles, installations photovolta\u00efques et structures agricoles. Disponible en livraison imm\u00e9diate \u00e0 Parme, il repr\u00e9sente une solution id\u00e9ale pour les entreprises recherchant une machine moderne, performante et conforme aux r\u00e9glementations en vigueur. <\/p>\n\n<p>\u00c9quip\u00e9e d&#8217;un <strong>marteau de 1 200 joules<\/strong>, elle garantit une grande capacit\u00e9 de p\u00e9n\u00e9tration, m\u00eame sur des terrains compacts et difficiles. Son<strong>extension jusqu&#8217;\u00e0 une hauteur de 6 m\u00e8tres<\/strong> lui permet de travailler sur des pieux de grande taille, ce qui la rend id\u00e9ale pour les centrales photovolta\u00efques et les structures industrielles. Le syst\u00e8me de <strong>chenilles 100% caoutchouc<\/strong> garantit la stabilit\u00e9, la traction et la r\u00e9duction de l&#8217;impact sur le sol, ce qui le rend id\u00e9al m\u00eame sur des surfaces d\u00e9licates.  <\/p>\n\n<p>Le moteur <strong>Doosan<\/strong> garantit la fiabilit\u00e9, l&#8217;efficacit\u00e9 et la continuit\u00e9 op\u00e9rationnelle pendant les longues sessions de travail. Avec un poids de 4500 kg et une conception compacte, la TURCHI 300F allie robustesse et facilit\u00e9 de transport. L&#8217;<strong>extracteur m\u00e9canique en option<\/strong> \u00e9largit encore les possibilit\u00e9s op\u00e9rationnelles, en permettant de retirer rapidement les poteaux. Avec la certification CE et la documentation technique, c&#8217;est une machine pr\u00eate \u00e0 garantir des <strong>performances professionnelles et un retour sur investissement imm\u00e9diat<\/strong>.   <\/p>\n\n<p><\/p>\n","protected":false},"excerpt":{"rendered":"<p>TURCHI 300F neuf 2026 avec marteau de 1200 joules et extension de 6 m\u00e8tres. Id\u00e9al pour pieux photovolta\u00efques et cl\u00f4tures. Moteur Doosan, chenilles en caoutchouc et livraison imm\u00e9diate \u00e0 Parme. Extracteur m\u00e9canique en option.   <\/p>\n","protected":false},"featured_media":28513,"template":"","meta":{"_acf_changed":false},"ubicazione_acf":[],"product_brand":[597],"product_cat":[416],"false":[757],"proprietario":[],"class_list":{"0":"post-28501","1":"product","2":"type-product","3":"status-publish","4":"has-post-thumbnail","6":"product_brand-turchi","7":"product_cat-marteaux-de-battage-hydrauliques","8":"product_tag-fr","9":"pa_brand-turchi","11":"first","12":"instock","13":"sale","14":"sold-individually","15":"shipping-taxable","16":"purchasable","17":"product-type-simple"},"acf":[],"_links":{"self":[{"href":"https:\/\/www.damac.it\/fr\/wp-json\/wp\/v2\/product\/28501","targetHints":{"allow":["GET"]}}],"collection":[{"href":"https:\/\/www.damac.it\/fr\/wp-json\/wp\/v2\/product"}],"about":[{"href":"https:\/\/www.damac.it\/fr\/wp-json\/wp\/v2\/types\/product"}],"wp:featuredmedia":[{"embeddable":true,"href":"https:\/\/www.damac.it\/fr\/wp-json\/wp\/v2\/media\/28513"}],"wp:attachment":[{"href":"https:\/\/www.damac.it\/fr\/wp-json\/wp\/v2\/media?parent=28501"}],"wp:term":[{"taxonomy":"ubicazione_acf","embeddable":true,"href":"https:\/\/www.damac.it\/fr\/wp-json\/wp\/v2\/ubicazione_acf?post=28501"},{"taxonomy":"product_brand","embeddable":true,"href":"https:\/\/www.damac.it\/fr\/wp-json\/wp\/v2\/product_brand?post=28501"},{"taxonomy":"product_cat","embeddable":true,"href":"https:\/\/www.damac.it\/fr\/wp-json\/wp\/v2\/product_cat?post=28501"},{"taxonomy":"product_tag","embeddable":true,"href":"https:\/\/www.damac.it\/fr\/wp-json\/wp\/v2\/false?post=28501"},{"taxonomy":"proprietario","embeddable":true,"href":"https:\/\/www.damac.it\/fr\/wp-json\/wp\/v2\/proprietario?post=28501"}],"curies":[{"name":"wp","href":"https:\/\/api.w.org\/{rel}","templated":true}]}}