{"id":28662,"date":"2026-02-27T14:30:55","date_gmt":"2026-02-27T14:30:55","guid":{"rendered":"https:\/\/www.damac.it\/non%20class\u00e9\/hamm-hd8\/"},"modified":"2026-03-21T13:53:19","modified_gmt":"2026-03-21T13:53:19","slug":"hamm-hd8","status":"publish","type":"product","link":"https:\/\/www.damac.it\/fr\/rouleaux-compacteurs\/hamm-hd8-livourne\/","title":{"rendered":"HAMM HD8"},"content":{"rendered":"\n<p>Le <strong>HAMM HD8 2010<\/strong> est un rouleau tandem fer-fer con\u00e7u pour assurer un <strong>compactage uniforme, une stabilit\u00e9 et une productivit\u00e9 maximale<\/strong> dans les travaux routiers urbains et l&#8217;entretien de l&#8217;asphalte. Avec <strong>1320 heures de travail<\/strong>, il constitue une solution fiable pour les entreprises \u00e0 la recherche d&#8217;un v\u00e9hicule compact et performant disponible \u00e0 Livourne. <\/p>\n\n<p>Avec une <strong>double vibration sur les deux tambours<\/strong> et une fr\u00e9quence de 65 Hz, le HD8 assure une distribution efficace de la force de compactage sur l&#8217;asphalte et les fondations granulaires. La <strong>largeur de travail de 800 mm<\/strong> le rend id\u00e9al pour les trottoirs, les pistes cyclables, les parkings et le travail dans les espaces confin\u00e9s. Le moteur <strong>Kubota D1005-E3B de 14,8 kW \u00e0 3 cylindres<\/strong> garantit la fiabilit\u00e9, une faible consommation de carburant et des performances constantes, m\u00eame lors des sessions les plus exigeantes.  <\/p>\n\n<p>Avec une <strong>transmission int\u00e9grale 4&#215;4<\/strong>, une vitesse maximale de 11 km\/h et un <strong>arceau de s\u00e9curit\u00e9<\/strong>, le HAMM HD8 offre contr\u00f4le et adh\u00e9rence sur une grande vari\u00e9t\u00e9 de surfaces. Les tambours lisses de 800 mm de large et de 620 mm de diam\u00e8tre garantissent une finition parfaite. Complet avec plaque et documents, il est pr\u00eat \u00e0 travailler imm\u00e9diatement, offrant une <strong>efficacit\u00e9 op\u00e9rationnelle et une qualit\u00e9 de compactage professionnelle<\/strong>.  <\/p>\n","protected":false},"excerpt":{"rendered":"<p>HAMM HD8 2010 avec 1320 heures, double vibration et traction int\u00e9grale 4&#215;4. Moteur Kubota 14,8 kW, largeur de travail 800 mm. Id\u00e9ale pour l&#8217;asphalte et les chantiers urbains. Disponible \u00e0 Livourne.  <\/p>\n","protected":false},"featured_media":28670,"template":"","meta":{"_acf_changed":false},"ubicazione_acf":[],"product_brand":[906],"product_cat":[468],"false":[757],"proprietario":[],"class_list":{"0":"post-28662","1":"product","2":"type-product","3":"status-publish","4":"has-post-thumbnail","6":"product_brand-hamm","7":"product_cat-rouleaux-compacteurs","8":"product_tag-fr","9":"pa_brand-hamm","11":"first","12":"instock","13":"sold-individually","14":"shipping-taxable","15":"purchasable","16":"product-type-simple"},"acf":[],"_links":{"self":[{"href":"https:\/\/www.damac.it\/fr\/wp-json\/wp\/v2\/product\/28662","targetHints":{"allow":["GET"]}}],"collection":[{"href":"https:\/\/www.damac.it\/fr\/wp-json\/wp\/v2\/product"}],"about":[{"href":"https:\/\/www.damac.it\/fr\/wp-json\/wp\/v2\/types\/product"}],"wp:featuredmedia":[{"embeddable":true,"href":"https:\/\/www.damac.it\/fr\/wp-json\/wp\/v2\/media\/28670"}],"wp:attachment":[{"href":"https:\/\/www.damac.it\/fr\/wp-json\/wp\/v2\/media?parent=28662"}],"wp:term":[{"taxonomy":"ubicazione_acf","embeddable":true,"href":"https:\/\/www.damac.it\/fr\/wp-json\/wp\/v2\/ubicazione_acf?post=28662"},{"taxonomy":"product_brand","embeddable":true,"href":"https:\/\/www.damac.it\/fr\/wp-json\/wp\/v2\/product_brand?post=28662"},{"taxonomy":"product_cat","embeddable":true,"href":"https:\/\/www.damac.it\/fr\/wp-json\/wp\/v2\/product_cat?post=28662"},{"taxonomy":"product_tag","embeddable":true,"href":"https:\/\/www.damac.it\/fr\/wp-json\/wp\/v2\/false?post=28662"},{"taxonomy":"proprietario","embeddable":true,"href":"https:\/\/www.damac.it\/fr\/wp-json\/wp\/v2\/proprietario?post=28662"}],"curies":[{"name":"wp","href":"https:\/\/api.w.org\/{rel}","templated":true}]}}