{"id":31574,"date":"2026-03-23T08:53:29","date_gmt":"2026-03-23T08:53:29","guid":{"rendered":"https:\/\/www.damac.it\/non%20class\u00e9\/caterpillar-262c\/"},"modified":"2026-04-17T07:59:41","modified_gmt":"2026-04-17T07:59:41","slug":"caterpillar-262c","status":"publish","type":"product","link":"https:\/\/www.damac.it\/fr\/mini-chargeuses\/caterpillar-262c-foggia\/","title":{"rendered":"CATERPILLAR 262C"},"content":{"rendered":"\n<p>Le <strong>CATERPILLAR 262C d\u2019occasion<\/strong> repr\u00e9sente une solution fiable et performante pour ceux qui recherchent une machine compacte mais puissante pour des travaux de manutention et de pr\u00e9cision. Gr\u00e2ce au moteur <strong>Caterpillar 3044C DIT de 83 CV<\/strong>, il garantit des performances \u00e9lev\u00e9es m\u00eame dans des conditions op\u00e9rationnelles exigeantes, tout en maintenant une consommation r\u00e9duite et une grande efficacit\u00e9 op\u00e9rationnelle. <\/p>\n\n<p>La structure robuste de <strong>4 000 kg de poids<\/strong> assure stabilit\u00e9 et s\u00e9curit\u00e9 durant toutes les phases de travail, tandis que la <strong>capacit\u00e9 de levage jusqu\u2019\u00e0 1 225 kg<\/strong> le rend id\u00e9al pour les chantiers, l\u2019agriculture et la manutention de mat\u00e9riaux. La pr\u00e9sence de la <strong>cabine ferm\u00e9e avec climatisation<\/strong> am\u00e9liore le confort de l\u2019op\u00e9rateur, permettant une utilisation prolong\u00e9e m\u00eame dans des conditions climatiques difficiles. <\/p>\n\n<p>Questo modello \u00e8 particolarmente apprezzato per la sua versatilit\u00e0, grazie alla compatibilit\u00e0 con diversi <a href=\"https:\/\/www.damac.it\/fr\/accessoires\/\">accessori<\/a> come la benna inclusa. La macchina \u00e8 dotata di <strong>certificazione CE, targa e libretto<\/strong>, pronta per l\u2019utilizzo immediato senza ulteriori complicazioni burocratiche.<\/p>\n\n<p>Disponible \u00e0 Foggia, le <strong>CATERPILLAR 262C de 2011 avec 6 000 heures de travail<\/strong> repr\u00e9sente un investissement intelligent pour ceux qui souhaitent qualit\u00e9, durabilit\u00e9 et performances sign\u00e9es Caterpillar \u00e0 un prix comp\u00e9titif.<\/p>\n\n<p><\/p>\n","protected":false},"excerpt":{"rendered":"<p>Compact, puissant et polyvalent : le <strong data-start=\"1453\" data-end=\"1479\">CATERPILLAR 262C d\u2019occasion<\/strong> est id\u00e9al pour les travaux de pr\u00e9cision et la manutention. Avec sa cabine climatis\u00e9e et ses excellentes performances, il est pr\u00eat \u00e0 l\u2019emploi. <\/p>\n","protected":false},"featured_media":31580,"template":"","meta":{"_acf_changed":false},"ubicazione_acf":[],"product_brand":[857],"product_cat":[426],"false":[757],"proprietario":[],"class_list":{"0":"post-31574","1":"product","2":"type-product","3":"status-publish","4":"has-post-thumbnail","6":"product_brand-caterpillar","7":"product_cat-mini-chargeuses","8":"product_tag-fr","9":"pa_brand-caterpillar","11":"first","12":"instock","13":"sold-individually","14":"shipping-taxable","15":"purchasable","16":"product-type-simple"},"acf":[],"_links":{"self":[{"href":"https:\/\/www.damac.it\/fr\/wp-json\/wp\/v2\/product\/31574","targetHints":{"allow":["GET"]}}],"collection":[{"href":"https:\/\/www.damac.it\/fr\/wp-json\/wp\/v2\/product"}],"about":[{"href":"https:\/\/www.damac.it\/fr\/wp-json\/wp\/v2\/types\/product"}],"wp:featuredmedia":[{"embeddable":true,"href":"https:\/\/www.damac.it\/fr\/wp-json\/wp\/v2\/media\/31580"}],"wp:attachment":[{"href":"https:\/\/www.damac.it\/fr\/wp-json\/wp\/v2\/media?parent=31574"}],"wp:term":[{"taxonomy":"ubicazione_acf","embeddable":true,"href":"https:\/\/www.damac.it\/fr\/wp-json\/wp\/v2\/ubicazione_acf?post=31574"},{"taxonomy":"product_brand","embeddable":true,"href":"https:\/\/www.damac.it\/fr\/wp-json\/wp\/v2\/product_brand?post=31574"},{"taxonomy":"product_cat","embeddable":true,"href":"https:\/\/www.damac.it\/fr\/wp-json\/wp\/v2\/product_cat?post=31574"},{"taxonomy":"product_tag","embeddable":true,"href":"https:\/\/www.damac.it\/fr\/wp-json\/wp\/v2\/false?post=31574"},{"taxonomy":"proprietario","embeddable":true,"href":"https:\/\/www.damac.it\/fr\/wp-json\/wp\/v2\/proprietario?post=31574"}],"curies":[{"name":"wp","href":"https:\/\/api.w.org\/{rel}","templated":true}]}}