{"id":32040,"date":"2026-03-24T08:55:24","date_gmt":"2026-03-24T08:55:24","guid":{"rendered":"https:\/\/www.damac.it\/non%20class\u00e9\/wacker-neuson-ez53\/"},"modified":"2026-03-24T09:30:57","modified_gmt":"2026-03-24T09:30:57","slug":"wacker-neuson-ez53","status":"publish","type":"product","link":"https:\/\/www.damac.it\/fr\/mini-pelles\/wacker-neuson-ez53-rome\/","title":{"rendered":"WACKER NEUSON EZ53"},"content":{"rendered":"\n<p>La <strong>Wacker Neuson EZ53<\/strong> est une <a href=\"https:\/\/www.damac.it\/fr\/mini-pelles\/\">mini-pelle<\/a> con\u00e7ue pour garantir une <strong>maniabilit\u00e9 et une s\u00e9curit\u00e9 maximales sur les chantiers urbains<\/strong>, gr\u00e2ce \u00e0 la technologie de <strong>rotation \u00e0 rayon nul<\/strong> qui permet de travailler sans encombrement lat\u00e9ral. Cette caract\u00e9ristique la rend id\u00e9ale pour les travaux dans les espaces restreints, comme les r\u00e9novations, les excavations en ville et les interventions \u00e0 proximit\u00e9 de b\u00e2timents ou de cl\u00f4tures. <\/p>\n\n<p>\u00c9quip\u00e9 d&#8217;un moteur fiable <strong>Perkins 404D-22T de 35,9 kW (49 ch)<\/strong>, il offre des <strong>performances \u00e9lev\u00e9es, une consommation r\u00e9duite et une grande r\u00e9activit\u00e9 hydraulique<\/strong>, assurant une efficacit\u00e9 \u00e0 chaque phase de travail. L&#8217;<strong>installation brise-roche<\/strong> int\u00e9gr\u00e9e \u00e9largit la polyvalence op\u00e9rationnelle, permettant d&#8217;effectuer \u00e9galement des d\u00e9molitions l\u00e9g\u00e8res et des travaux plus exigeants avec facilit\u00e9. <\/p>\n\n<p>La <strong>cabine ferm\u00e9e avec climatisation<\/strong> garantit un environnement de travail confortable en toutes saisons, am\u00e9liorant la productivit\u00e9 de l&#8217;op\u00e9rateur. Le ch\u00e2ssis fixe avec <strong>chenilles en caoutchouc \u00e0 100 %<\/strong> et la double vitesse assurent stabilit\u00e9, traction et facilit\u00e9 de d\u00e9placement sur tout terrain, tout en r\u00e9duisant l&#8217;usure des surfaces. <\/p>\n\n<p>Avec <strong>ann\u00e9e 2019 et 2 282 heures de travail<\/strong>, cette mini-pelle d&#8217;occasion repr\u00e9sente une solution pr\u00eate \u00e0 l&#8217;emploi, id\u00e9ale pour les professionnels recherchant une machine <strong>fiable, compacte et performante<\/strong>, capable d&#8217;optimiser les temps et les co\u00fbts op\u00e9rationnels.<\/p>\n\n<p>Venduto senza <a href=\"https:\/\/www.damac.it\/fr\/accessoires\/\">accessori<\/a>.<\/p>\n\n<p><\/p>\n","protected":false},"excerpt":{"rendered":"<p data-start=\"1406\" data-end=\"1631\">Mini-pelle <strong data-start=\"1421\" data-end=\"1443\">Wacker Neuson EZ53<\/strong> de 2019 avec 2282 heures, \u00e9quip\u00e9e de <strong data-start=\"1477\" data-end=\"1538\">rotation \u00e0 rayon nul, moteur Perkins 49 CV et installation brise-roche<\/strong>. Compacte, puissante et confortable, elle est id\u00e9ale pour les travaux dans les espaces restreints et les chantiers urbains. <\/p>\n","protected":false},"featured_media":32065,"template":"","meta":{"_acf_changed":false},"ubicazione_acf":[],"product_brand":[673],"product_cat":[412],"false":[757],"proprietario":[],"class_list":{"0":"post-32040","1":"product","2":"type-product","3":"status-publish","4":"has-post-thumbnail","6":"product_brand-wacker-neuson","7":"product_cat-mini-pelles","8":"product_tag-fr","9":"pa_brand-wacker-neuson","11":"first","12":"instock","13":"sold-individually","14":"shipping-taxable","15":"purchasable","16":"product-type-simple"},"acf":[],"_links":{"self":[{"href":"https:\/\/www.damac.it\/fr\/wp-json\/wp\/v2\/product\/32040","targetHints":{"allow":["GET"]}}],"collection":[{"href":"https:\/\/www.damac.it\/fr\/wp-json\/wp\/v2\/product"}],"about":[{"href":"https:\/\/www.damac.it\/fr\/wp-json\/wp\/v2\/types\/product"}],"wp:featuredmedia":[{"embeddable":true,"href":"https:\/\/www.damac.it\/fr\/wp-json\/wp\/v2\/media\/32065"}],"wp:attachment":[{"href":"https:\/\/www.damac.it\/fr\/wp-json\/wp\/v2\/media?parent=32040"}],"wp:term":[{"taxonomy":"ubicazione_acf","embeddable":true,"href":"https:\/\/www.damac.it\/fr\/wp-json\/wp\/v2\/ubicazione_acf?post=32040"},{"taxonomy":"product_brand","embeddable":true,"href":"https:\/\/www.damac.it\/fr\/wp-json\/wp\/v2\/product_brand?post=32040"},{"taxonomy":"product_cat","embeddable":true,"href":"https:\/\/www.damac.it\/fr\/wp-json\/wp\/v2\/product_cat?post=32040"},{"taxonomy":"product_tag","embeddable":true,"href":"https:\/\/www.damac.it\/fr\/wp-json\/wp\/v2\/false?post=32040"},{"taxonomy":"proprietario","embeddable":true,"href":"https:\/\/www.damac.it\/fr\/wp-json\/wp\/v2\/proprietario?post=32040"}],"curies":[{"name":"wp","href":"https:\/\/api.w.org\/{rel}","templated":true}]}}