{"id":32876,"date":"2026-03-25T14:28:18","date_gmt":"2026-03-25T14:28:18","guid":{"rendered":"https:\/\/www.damac.it\/non%20class\u00e9\/komatsu-pc26mr-3-2\/"},"modified":"2026-04-27T16:56:36","modified_gmt":"2026-04-27T16:56:36","slug":"komatsu-pc26mr-3-2","status":"publish","type":"product","link":"https:\/\/www.damac.it\/fr\/mini-pelles\/komatsu-pc26mr-3-2-rome\/","title":{"rendered":"KOMATSU PC26MR-3"},"content":{"rendered":"\n<p>Le <strong>Komatsu PC26MR-3<\/strong> est une <a href=\"https:\/\/www.damac.it\/fr\/mini-pelles\/\">minipelle<\/a> compacte con\u00e7ue pour garantir une <strong>efficacit\u00e9 maximale m\u00eame dans les espaces restreints<\/strong>, gr\u00e2ce au syst\u00e8me pratique de <strong>d\u00e9port lat\u00e9ral<\/strong> qui permet de travailler sans encombrement lat\u00e9ral. Avec un poids op\u00e9rationnel de <strong>2 800 kg<\/strong>, elle repr\u00e9sente la solution id\u00e9ale pour chantiers urbains, travaux routiers et interventions de maintenance o\u00f9 pr\u00e9cision et maniabilit\u00e9 sont fondamentales. <\/p>\n\n<p>\u00c9quip\u00e9 d&#8217;un moteur <strong>Komatsu 3076 E de 15,7 kW (21,4 ch)<\/strong>, il offre des <strong>performances fiables et une consommation r\u00e9duite<\/strong>, le rendant parfait pour une utilisation intensive. Le <strong>bras monobloc<\/strong> assure robustesse et stabilit\u00e9 pendant les op\u00e9rations de terrassement, tandis que les <strong>chenilles en caoutchouc<\/strong> (\u00e0 80 %) garantissent une excellente adh\u00e9rence et le respect des surfaces, m\u00eame dans des contextes d\u00e9licats comme les rev\u00eatements urbains. <\/p>\n\n<p>La pr\u00e9sence d&#8217;une <strong>lame bulldozer<\/strong> augmente la polyvalence op\u00e9rationnelle, permettant des nivellements rapides et une meilleure stabilit\u00e9 pendant le terrassement. De plus, l&#8217;<strong>installation marteau d\u00e9j\u00e0 install\u00e9e<\/strong> \u00e9largit les possibilit\u00e9s d&#8217;utilisation, rendant cette machine parfaite \u00e9galement pour les travaux de d\u00e9molition l\u00e9g\u00e8re. <\/p>\n\n<p>Ce mod\u00e8le de <strong>2019, disponible \u00e0 Rome<\/strong>, se pr\u00e9sente en bon \u00e9tat g\u00e9n\u00e9ral et complet avec <strong>attache rapide Cangini<\/strong>, offrant un excellent rapport qualit\u00e9-prix pour ceux qui recherchent un engin <strong>fiable, compact et pr\u00eat \u00e0 l&#8217;emploi<\/strong>.<\/p>\n\n<p><\/p>\n","protected":false},"excerpt":{"rendered":"<p>Minipelle <strong data-start=\"1441\" data-end=\"1461\">Komatsu PC26MR-3<\/strong> compacte et puissante, avec d\u00e9port lat\u00e9ral, installation brise-roche et attache rapide. Id\u00e9ale pour travaux urbains. Ann\u00e9e 2019, disponible \u00e0 Rome, pr\u00eate \u00e0 l&#8217;emploi.  <\/p>\n","protected":false},"featured_media":32899,"template":"","meta":{"_acf_changed":false},"ubicazione_acf":[],"product_brand":[612],"product_cat":[412],"false":[757],"proprietario":[],"class_list":{"0":"post-32876","1":"product","2":"type-product","3":"status-publish","4":"has-post-thumbnail","6":"product_brand-komatsu","7":"product_cat-mini-pelles","8":"product_tag-fr","9":"pa_brand-komatsu","11":"first","12":"instock","13":"sold-individually","14":"shipping-taxable","15":"purchasable","16":"product-type-simple"},"acf":[],"_links":{"self":[{"href":"https:\/\/www.damac.it\/fr\/wp-json\/wp\/v2\/product\/32876","targetHints":{"allow":["GET"]}}],"collection":[{"href":"https:\/\/www.damac.it\/fr\/wp-json\/wp\/v2\/product"}],"about":[{"href":"https:\/\/www.damac.it\/fr\/wp-json\/wp\/v2\/types\/product"}],"wp:featuredmedia":[{"embeddable":true,"href":"https:\/\/www.damac.it\/fr\/wp-json\/wp\/v2\/media\/32899"}],"wp:attachment":[{"href":"https:\/\/www.damac.it\/fr\/wp-json\/wp\/v2\/media?parent=32876"}],"wp:term":[{"taxonomy":"ubicazione_acf","embeddable":true,"href":"https:\/\/www.damac.it\/fr\/wp-json\/wp\/v2\/ubicazione_acf?post=32876"},{"taxonomy":"product_brand","embeddable":true,"href":"https:\/\/www.damac.it\/fr\/wp-json\/wp\/v2\/product_brand?post=32876"},{"taxonomy":"product_cat","embeddable":true,"href":"https:\/\/www.damac.it\/fr\/wp-json\/wp\/v2\/product_cat?post=32876"},{"taxonomy":"product_tag","embeddable":true,"href":"https:\/\/www.damac.it\/fr\/wp-json\/wp\/v2\/false?post=32876"},{"taxonomy":"proprietario","embeddable":true,"href":"https:\/\/www.damac.it\/fr\/wp-json\/wp\/v2\/proprietario?post=32876"}],"curies":[{"name":"wp","href":"https:\/\/api.w.org\/{rel}","templated":true}]}}