{"id":33634,"date":"2026-03-30T11:21:26","date_gmt":"2026-03-30T11:21:26","guid":{"rendered":"https:\/\/www.damac.it\/non%20class\u00e9\/merlo-p40-16-evs\/"},"modified":"2026-05-04T11:34:23","modified_gmt":"2026-05-04T11:34:23","slug":"merlo-p40-16-evs","status":"publish","type":"product","link":"https:\/\/www.damac.it\/fr\/chariot-telescopique\/merlo-p40-16-evs-foggia\/","title":{"rendered":"MERLO P40.16-EVS"},"content":{"rendered":"\n<p>Le <strong>MERLO P40.16-EVS<\/strong> est un chariot t\u00e9lescopique con\u00e7u pour offrir des <strong>performances \u00e9lev\u00e9es, une fiabilit\u00e9 et une polyvalence maximale<\/strong> dans les contextes les plus exigeants. Avec un poids d\u2019environ <strong>10 300 kg<\/strong>, cette machine garantit stabilit\u00e9 et s\u00e9curit\u00e9 m\u00eame lors des op\u00e9rations de levage les plus d\u00e9licates, ce qui la rend id\u00e9ale pour les chantiers de construction, l\u2019agriculture et la manutention industrielle. <\/p>\n\n<p>Gr\u00e2ce au syst\u00e8me <strong>EVS (Eco Power et gestion intelligente de la consommation)<\/strong>, le MERLO P40.16-EVS assure une <strong>r\u00e9duction de la consommation et une optimisation des performances<\/strong>, en adaptant automatiquement la puissance en fonction du travail requis. Cela se traduit par une utilisation plus efficace de la machine, avec des co\u00fbts d\u2019exploitation r\u00e9duits et une plus grande durabilit\u00e9 \u00e0 long terme. <\/p>\n\n<p>La pr\u00e9sence de <strong>fourches standard incluses<\/strong> rend l\u2019engin imm\u00e9diatement op\u00e9rationnel, id\u00e9al pour le levage et la manutention de mat\u00e9riaux lourds jusqu\u2019\u00e0 4 000 kg. La cabine ergonomique et les commandes intuitives offrent <strong>confort et contr\u00f4le total \u00e0 l\u2019op\u00e9rateur<\/strong>, am\u00e9liorant la productivit\u00e9 et r\u00e9duisant la fatigue m\u00eame lors de longues journ\u00e9es de travail. <\/p>\n\n<p>Robuste, fiable et polyvalent, le MERLO P40.16-EVS repr\u00e9sente une solution concr\u00e8te pour ceux qui recherchent <strong>un chariot t\u00e9lescopique professionnel pr\u00eat \u00e0 l\u2019emploi<\/strong>, capable de relever tous les d\u00e9fis op\u00e9rationnels avec efficacit\u00e9 et pr\u00e9cision.<\/p>\n\n<p><\/p>\n","protected":false},"excerpt":{"rendered":"<p data-start=\"1479\" data-end=\"1694\">Le <strong data-start=\"1482\" data-end=\"1502\">MERLO P40.16-EVS<\/strong> est un chariot t\u00e9lescopique puissant et polyvalent, id\u00e9al pour le b\u00e2timent et l\u2019industrie. \u00c9quip\u00e9 de fourches standard, il garantit <strong data-start=\"1624\" data-end=\"1671\">efficacit\u00e9, stabilit\u00e9 et consommation optimis\u00e9e<\/strong> gr\u00e2ce au syst\u00e8me EVS. <\/p>\n","protected":false},"featured_media":33643,"template":"","meta":{"_acf_changed":false},"ubicazione_acf":[],"product_brand":[948],"product_cat":[949],"false":[757],"proprietario":[],"class_list":{"0":"post-33634","1":"product","2":"type-product","3":"status-publish","4":"has-post-thumbnail","6":"product_brand-merlo","7":"product_cat-chariot-telescopique","8":"product_tag-fr","9":"pa_brand-merlo","11":"first","12":"instock","13":"sold-individually","14":"shipping-taxable","15":"purchasable","16":"product-type-simple"},"acf":[],"_links":{"self":[{"href":"https:\/\/www.damac.it\/fr\/wp-json\/wp\/v2\/product\/33634","targetHints":{"allow":["GET"]}}],"collection":[{"href":"https:\/\/www.damac.it\/fr\/wp-json\/wp\/v2\/product"}],"about":[{"href":"https:\/\/www.damac.it\/fr\/wp-json\/wp\/v2\/types\/product"}],"wp:featuredmedia":[{"embeddable":true,"href":"https:\/\/www.damac.it\/fr\/wp-json\/wp\/v2\/media\/33643"}],"wp:attachment":[{"href":"https:\/\/www.damac.it\/fr\/wp-json\/wp\/v2\/media?parent=33634"}],"wp:term":[{"taxonomy":"ubicazione_acf","embeddable":true,"href":"https:\/\/www.damac.it\/fr\/wp-json\/wp\/v2\/ubicazione_acf?post=33634"},{"taxonomy":"product_brand","embeddable":true,"href":"https:\/\/www.damac.it\/fr\/wp-json\/wp\/v2\/product_brand?post=33634"},{"taxonomy":"product_cat","embeddable":true,"href":"https:\/\/www.damac.it\/fr\/wp-json\/wp\/v2\/product_cat?post=33634"},{"taxonomy":"product_tag","embeddable":true,"href":"https:\/\/www.damac.it\/fr\/wp-json\/wp\/v2\/false?post=33634"},{"taxonomy":"proprietario","embeddable":true,"href":"https:\/\/www.damac.it\/fr\/wp-json\/wp\/v2\/proprietario?post=33634"}],"curies":[{"name":"wp","href":"https:\/\/api.w.org\/{rel}","templated":true}]}}