{"id":34334,"date":"2026-03-31T08:04:06","date_gmt":"2026-03-31T08:04:06","guid":{"rendered":"https:\/\/www.damac.it\/non%20class\u00e9\/doonas-dx30z\/"},"modified":"2026-05-11T11:18:22","modified_gmt":"2026-05-11T11:18:22","slug":"doonas-dx30z","status":"publish","type":"product","link":"https:\/\/www.damac.it\/fr\/mini-pelles\/doonas-dx30z-anguillara-sabazia\/","title":{"rendered":"DOOSAN DX30Z"},"content":{"rendered":"\n<p>Le <strong>DOOSAN DX30Z d\u2019occasion<\/strong> est une <a href=\"https:\/\/www.damac.it\/fr\/mini-pelles\/\">mini-pelle<\/a> compacte et performante, id\u00e9ale pour les travaux d\u2019excavation dans les espaces restreints et les contextes urbains. Gr\u00e2ce au syst\u00e8me <strong>z\u00e9ro d\u00e9port<\/strong>, cette machine permet d\u2019op\u00e9rer en toute s\u00e9curit\u00e9 m\u00eame \u00e0 proximit\u00e9 de murs ou d\u2019obstacles, augmentant ainsi la pr\u00e9cision et la productivit\u00e9. Avec un poids op\u00e9rationnel de <strong>3 180 kg<\/strong>, elle repr\u00e9sente l\u2019\u00e9quilibre parfait entre stabilit\u00e9 et maniabilit\u00e9.  <\/p>\n\n<p>\u00c9quip\u00e9e d\u2019un moteur fiable <strong>Yanmar 3TNV82A-PDB de 18,1 kW<\/strong>, la DX30Z garantit une <strong>faible consommation<\/strong>, d\u2019excellentes performances et une grande durabilit\u00e9. Les <strong>4 200 heures de travail<\/strong> t\u00e9moignent d\u2019une utilisation correcte et d\u2019une machine pr\u00eate \u00e0 \u00eatre imm\u00e9diatement op\u00e9rationnelle. La <strong>cabine ferm\u00e9e<\/strong> assure le confort de l\u2019op\u00e9rateur quelles que soient les conditions climatiques, tandis que les <strong>chenilles en caoutchouc \u00e0 70 %<\/strong> offrent une bonne traction et un impact r\u00e9duit sur les surfaces.  <\/p>\n\n<p>D\u2019un point de vue op\u00e9rationnel, la mini-pelle est \u00e9quip\u00e9e d\u2019une <strong>lame frontale<\/strong> et d\u2019une pr\u00e9disposition pour <strong>marteau hydraulique<\/strong>, ce qui la rend extr\u00eamement polyvalente pour les chantiers de construction, les travaux routiers et la maintenance. Le <strong>bras monobloc<\/strong> garantit robustesse et pr\u00e9cision lors de l\u2019excavation. <\/p>\n\n<p>Disponible \u00e0 <strong>Anguillara Sabazia<\/strong>, ce DOOSAN DX30Z certifi\u00e9 CE repr\u00e9sente une solution fiable pour les professionnels recherchant un engin compact, efficace et imm\u00e9diatement op\u00e9rationnel.<\/p>\n\n<div class=\"wp-block-webfactory-map\"><div class=\"wp-block-webfactory-map\"><iframe title=\"Carte\" width=\"100%\" height=\"380px\" src=\"https:\/\/www.google.com\/maps\/embed\/v1\/place?q=anguillara%20sabazia&amp;maptype=roadmap&amp;zoom=7&amp;key=AIzaSyCbpj9Ji_jwudUhfVpTXiPB79zpZZSDW8c\" frameborder=\"0\"><\/iframe><\/div><\/div>\n","protected":false},"excerpt":{"rendered":"<p>Mini-pelle <strong data-start=\"1490\" data-end=\"1506\">DOOSAN DX30Z<\/strong> \u00e0 z\u00e9ro d\u00e9port, cabine ferm\u00e9e et moteur Yanmar. Compacte, fiable et pr\u00eate \u00e0 l\u2019emploi. Id\u00e9ale pour les chantiers urbains et les espaces restreints.   Disponible \u00e0 Anguillara Sabazia.<\/p>\n","protected":false},"featured_media":35444,"template":"","meta":{"_acf_changed":false},"ubicazione_acf":[],"product_brand":[619],"product_cat":[412],"false":[757],"proprietario":[],"class_list":{"0":"post-34334","1":"product","2":"type-product","3":"status-publish","4":"has-post-thumbnail","6":"product_brand-doosan","7":"product_cat-mini-pelles","8":"product_tag-fr","9":"pa_brand-doosan","11":"first","12":"instock","13":"sold-individually","14":"shipping-taxable","15":"purchasable","16":"product-type-simple"},"acf":[],"_links":{"self":[{"href":"https:\/\/www.damac.it\/fr\/wp-json\/wp\/v2\/product\/34334","targetHints":{"allow":["GET"]}}],"collection":[{"href":"https:\/\/www.damac.it\/fr\/wp-json\/wp\/v2\/product"}],"about":[{"href":"https:\/\/www.damac.it\/fr\/wp-json\/wp\/v2\/types\/product"}],"wp:featuredmedia":[{"embeddable":true,"href":"https:\/\/www.damac.it\/fr\/wp-json\/wp\/v2\/media\/35444"}],"wp:attachment":[{"href":"https:\/\/www.damac.it\/fr\/wp-json\/wp\/v2\/media?parent=34334"}],"wp:term":[{"taxonomy":"ubicazione_acf","embeddable":true,"href":"https:\/\/www.damac.it\/fr\/wp-json\/wp\/v2\/ubicazione_acf?post=34334"},{"taxonomy":"product_brand","embeddable":true,"href":"https:\/\/www.damac.it\/fr\/wp-json\/wp\/v2\/product_brand?post=34334"},{"taxonomy":"product_cat","embeddable":true,"href":"https:\/\/www.damac.it\/fr\/wp-json\/wp\/v2\/product_cat?post=34334"},{"taxonomy":"product_tag","embeddable":true,"href":"https:\/\/www.damac.it\/fr\/wp-json\/wp\/v2\/false?post=34334"},{"taxonomy":"proprietario","embeddable":true,"href":"https:\/\/www.damac.it\/fr\/wp-json\/wp\/v2\/proprietario?post=34334"}],"curies":[{"name":"wp","href":"https:\/\/api.w.org\/{rel}","templated":true}]}}