{"id":36650,"date":"2026-04-08T10:33:21","date_gmt":"2026-04-08T10:33:21","guid":{"rendered":"https:\/\/www.damac.it\/non%20class\u00e9\/new-holland-e35-2-sr\/"},"modified":"2026-04-08T11:32:15","modified_gmt":"2026-04-08T11:32:15","slug":"new-holland-e35-2sr","status":"publish","type":"product","link":"https:\/\/www.damac.it\/fr\/mini-pelles\/new-holland-e35-2sr-anguillara-sabazia\/","title":{"rendered":"NEW HOLLAND E35.2SR"},"content":{"rendered":"\n<p><br\/>Le <strong>NEW HOLLAND E35.2SR<\/strong> est une <a href=\"https:\/\/www.damac.it\/fr\/mini-pelles\/\">mini-pelle<\/a> compacte con\u00e7ue pour garantir une <strong>efficacit\u00e9 maximale sur les chantiers urbains et dans les espaces restreints<\/strong>. Gr\u00e2ce \u00e0 sa conception <strong>\u00e0 rayon de rotation r\u00e9duit<\/strong>, elle permet de travailler en toute s\u00e9curit\u00e9 m\u00eame \u00e0 proximit\u00e9 de murs et d&#8217;obstacles, en r\u00e9duisant au minimum l&#8217;encombrement op\u00e9rationnel. Avec un poids de <strong>3 840 kg<\/strong> et des dimensions \u00e9quilibr\u00e9es, elle repr\u00e9sente la solution id\u00e9ale pour les entreprises de construction et les professionnels recherchant polyvalence et fiabilit\u00e9.  <\/p>\n\n<p>\u00c9quip\u00e9 d&#8217;un moteur <strong>Yanmar fiable de 22 kW (30 ch)<\/strong>, ce mod\u00e8le offre des <strong>performances constantes et une consommation r\u00e9duite<\/strong>, ce qui le rend parfait pour les travaux continus. La pr\u00e9sence de la <strong>double vitesse<\/strong> et du <strong>bras monobloc<\/strong> garantit pr\u00e9cision dans les mouvements et rapidit\u00e9 dans les d\u00e9placements sur chantier. Le circuit hydraulique pr\u00e9vu pour marteau et les <strong>valves de blocage<\/strong> augmentent encore davantage la s\u00e9curit\u00e9 et la productivit\u00e9 op\u00e9rationnelle.  <\/p>\n\n<p>Le New Holland E35.2SR, avec sa <strong>cabine ferm\u00e9e climatis\u00e9e<\/strong>, assure un confort optimal m\u00eame lors des journ\u00e9es les plus exigeantes, am\u00e9liorant ainsi l\u2019exp\u00e9rience de l\u2019op\u00e9rateur. Les <strong>chenilles en caoutchouc avec une usure de 80 %<\/strong> et la lame frontale compl\u00e8tent une machine pr\u00eate \u00e0 l\u2019emploi, id\u00e9ale pour les fouilles, les nivellements et les travaux de pr\u00e9cision. <\/p>\n\n<p>Disponible \u00e0 <strong>Anguillara Sabazia<\/strong>, cette mini-pelle d&#8217;occasion repr\u00e9sente un investissement intelligent pour ceux qui recherchent <strong>qualit\u00e9, performances et fiabilit\u00e9 \u00e0 un prix comp\u00e9titif<\/strong>.<\/p>\n\n<div class=\"wp-block-webfactory-map\"><div class=\"wp-block-webfactory-map\"><iframe title=\"Carte\" width=\"100%\" height=\"380px\" src=\"https:\/\/www.google.com\/maps\/embed\/v1\/place?q=anguillara%20sabazia&amp;maptype=roadmap&amp;zoom=7&amp;key=AIzaSyCbpj9Ji_jwudUhfVpTXiPB79zpZZSDW8c\" frameborder=\"0\"><\/iframe><\/div><\/div>\n","protected":false},"excerpt":{"rendered":"<p>Minipelle <strong data-start=\"1590\" data-end=\"1614\">NEW HOLLAND E35.2 SR<\/strong> \u00e0 rayon court de 3840 kg, puissante et compacte. Moteur Yanmar, cabine avec climatisation, double vitesse et ligne marteau. Id\u00e9ale pour les chantiers urbains. Pr\u00eate \u00e0 l\u2019emploi, disponible \u00e0 Anguillara Sabazia.   <\/p>\n","protected":false},"featured_media":36683,"template":"","meta":{"_acf_changed":false},"ubicazione_acf":[],"product_brand":[635],"product_cat":[412],"false":[757],"proprietario":[],"class_list":{"0":"post-36650","1":"product","2":"type-product","3":"status-publish","4":"has-post-thumbnail","6":"product_brand-new-holland","7":"product_cat-mini-pelles","8":"product_tag-fr","9":"pa_brand-new-holland","11":"first","12":"instock","13":"sold-individually","14":"shipping-taxable","15":"purchasable","16":"product-type-simple"},"acf":[],"_links":{"self":[{"href":"https:\/\/www.damac.it\/fr\/wp-json\/wp\/v2\/product\/36650","targetHints":{"allow":["GET"]}}],"collection":[{"href":"https:\/\/www.damac.it\/fr\/wp-json\/wp\/v2\/product"}],"about":[{"href":"https:\/\/www.damac.it\/fr\/wp-json\/wp\/v2\/types\/product"}],"wp:featuredmedia":[{"embeddable":true,"href":"https:\/\/www.damac.it\/fr\/wp-json\/wp\/v2\/media\/36683"}],"wp:attachment":[{"href":"https:\/\/www.damac.it\/fr\/wp-json\/wp\/v2\/media?parent=36650"}],"wp:term":[{"taxonomy":"ubicazione_acf","embeddable":true,"href":"https:\/\/www.damac.it\/fr\/wp-json\/wp\/v2\/ubicazione_acf?post=36650"},{"taxonomy":"product_brand","embeddable":true,"href":"https:\/\/www.damac.it\/fr\/wp-json\/wp\/v2\/product_brand?post=36650"},{"taxonomy":"product_cat","embeddable":true,"href":"https:\/\/www.damac.it\/fr\/wp-json\/wp\/v2\/product_cat?post=36650"},{"taxonomy":"product_tag","embeddable":true,"href":"https:\/\/www.damac.it\/fr\/wp-json\/wp\/v2\/false?post=36650"},{"taxonomy":"proprietario","embeddable":true,"href":"https:\/\/www.damac.it\/fr\/wp-json\/wp\/v2\/proprietario?post=36650"}],"curies":[{"name":"wp","href":"https:\/\/api.w.org\/{rel}","templated":true}]}}