{"id":38056,"date":"2026-04-14T10:29:46","date_gmt":"2026-04-14T10:29:46","guid":{"rendered":"https:\/\/www.damac.it\/non%20class\u00e9\/evoquip-bison-280\/"},"modified":"2026-04-14T10:38:36","modified_gmt":"2026-04-14T10:38:36","slug":"evoquip-bison-280","status":"publish","type":"product","link":"https:\/\/www.damac.it\/fr\/concasseurs\/evoquip-bison-280\/","title":{"rendered":"EVOQUIP BISON 280"},"content":{"rendered":"\n<p>L\u2019<strong>EvoQuip Bison 280<\/strong> est un concasseur \u00e0 m\u00e2choires mobile con\u00e7u pour offrir des performances \u00e9lev\u00e9es dans les applications de carri\u00e8re, de recyclage et de d\u00e9molition. Gr\u00e2ce \u00e0 son <strong>ouverture de chargement de 900&#215;600 mm<\/strong>, il est capable de g\u00e9rer des mat\u00e9riaux de grandes dimensions, garantissant un concassage efficace et constant m\u00eame dans les conditions les plus exigeantes. <\/p>\n\n<p>Avec une <strong>production jusqu\u2019\u00e0 200 t\/h<\/strong>, cette installation repr\u00e9sente une solution id\u00e9ale pour les entreprises recherchant productivit\u00e9 et continuit\u00e9 op\u00e9rationnelle. Le syst\u00e8me \u00e0 m\u00e2choire avec r\u00e9glage hydraulique permet d\u2019adapter rapidement la granulom\u00e9trie du mat\u00e9riau en sortie, am\u00e9liorant la qualit\u00e9 du produit fini et r\u00e9duisant les temps d\u2019arr\u00eat. <\/p>\n\n<p>Le design compact et le <strong>train de roulement \u00e0 chenilles 100 % fer<\/strong> assurent stabilit\u00e9 et facilit\u00e9 de d\u00e9placement sur le chantier, tandis que le <strong>moteur Caterpillar<\/strong> garantit fiabilit\u00e9 et performances \u00e9lev\u00e9es sur le long terme. La machine est con\u00e7ue pour \u00eatre intuitive, avec des commandes simples permettant \u00e0 l\u2019op\u00e9rateur de travailler en toute s\u00e9curit\u00e9 et avec pr\u00e9cision. <\/p>\n\n<p>Neuf, certifi\u00e9 CE et complet avec documentation, le Bison 280 est le choix parfait pour ceux qui recherchent une installation <strong>professionnelle, puissante et pr\u00eate \u00e0 l\u2019emploi<\/strong>, capable d\u2019optimiser les processus de concassage et d\u2019augmenter la productivit\u00e9.<\/p>\n","protected":false},"excerpt":{"rendered":"<p>EvoQuip Bison 280 concasseur mobile \u00e0 m\u00e2choires avec production jusqu\u2019\u00e0 200 t\/h. Ouverture 900&#215;600 mm, moteur Caterpillar et chenilles en fer. Id\u00e9al pour carri\u00e8res et recyclage.  <\/p>\n","protected":false},"featured_media":38058,"template":"","meta":{"_acf_changed":false},"ubicazione_acf":[],"product_brand":[1020],"product_cat":[1021],"false":[757],"proprietario":[],"class_list":{"0":"post-38056","1":"product","2":"type-product","3":"status-publish","4":"has-post-thumbnail","6":"product_brand-evoquip","7":"product_cat-concasseurs","8":"product_tag-fr","9":"pa_brand-evoquip","11":"first","12":"instock","13":"sold-individually","14":"shipping-taxable","15":"product-type-simple"},"acf":[],"_links":{"self":[{"href":"https:\/\/www.damac.it\/fr\/wp-json\/wp\/v2\/product\/38056","targetHints":{"allow":["GET"]}}],"collection":[{"href":"https:\/\/www.damac.it\/fr\/wp-json\/wp\/v2\/product"}],"about":[{"href":"https:\/\/www.damac.it\/fr\/wp-json\/wp\/v2\/types\/product"}],"wp:featuredmedia":[{"embeddable":true,"href":"https:\/\/www.damac.it\/fr\/wp-json\/wp\/v2\/media\/38058"}],"wp:attachment":[{"href":"https:\/\/www.damac.it\/fr\/wp-json\/wp\/v2\/media?parent=38056"}],"wp:term":[{"taxonomy":"ubicazione_acf","embeddable":true,"href":"https:\/\/www.damac.it\/fr\/wp-json\/wp\/v2\/ubicazione_acf?post=38056"},{"taxonomy":"product_brand","embeddable":true,"href":"https:\/\/www.damac.it\/fr\/wp-json\/wp\/v2\/product_brand?post=38056"},{"taxonomy":"product_cat","embeddable":true,"href":"https:\/\/www.damac.it\/fr\/wp-json\/wp\/v2\/product_cat?post=38056"},{"taxonomy":"product_tag","embeddable":true,"href":"https:\/\/www.damac.it\/fr\/wp-json\/wp\/v2\/false?post=38056"},{"taxonomy":"proprietario","embeddable":true,"href":"https:\/\/www.damac.it\/fr\/wp-json\/wp\/v2\/proprietario?post=38056"}],"curies":[{"name":"wp","href":"https:\/\/api.w.org\/{rel}","templated":true}]}}