{"id":38097,"date":"2026-04-14T11:59:33","date_gmt":"2026-04-14T11:59:33","guid":{"rendered":"https:\/\/www.damac.it\/non%20class\u00e9\/evoquip-bison-220r\/"},"modified":"2026-04-14T16:21:05","modified_gmt":"2026-04-14T16:21:05","slug":"evoquip-bison-220r","status":"publish","type":"product","link":"https:\/\/www.damac.it\/fr\/concasseurs\/evoquip-bison-220r\/","title":{"rendered":"EVOQUIP BISON 220R"},"content":{"rendered":"\n<p>Le concasseur \u00e0 m\u00e2choires <strong>EvoQuip Bison 220R<\/strong> repr\u00e9sente une solution hautement performante pour le <strong>concassage primaire de mat\u00e9riaux durs<\/strong>, id\u00e9al dans les secteurs de la carri\u00e8re, de la d\u00e9molition et du recyclage. Gr\u00e2ce \u00e0 sa <strong>production \u00e9lev\u00e9e jusqu\u2019\u00e0 180 000 kg\/h<\/strong>, cette machine garantit des r\u00e9sultats concrets m\u00eame dans les applications les plus exigeantes, optimisant les temps et les co\u00fbts op\u00e9rationnels. <\/p>\n\n<p>Dot\u00e9 d\u2019une <strong>ouverture d\u2019alimentation de 820&#215;550 mm<\/strong> et d\u2019un syst\u00e8me \u00e0 m\u00e2choires \u00e0 simple effet, le Bison 220R assure un traitement efficace et constant. Deux options de motorisation, <strong>Caterpillar 7.1<\/strong> ou <strong>Caterpillar C4.4, tous deux de 140 kW (188 hp)<\/strong>, offrent une puissance fiable, tandis que le syst\u00e8me hydrostatique permet un <strong>contr\u00f4le pr\u00e9cis, l\u2019inversion de marche et le d\u00e9blocage rapide de la chambre<\/strong>, am\u00e9liorant la productivit\u00e9 sur chantier. Le r\u00e9glage hydraulique du CSS permet d\u2019adapter rapidement la granulom\u00e9trie du mat\u00e9riau.  <\/p>\n\n<p>Le point fort de la version \u00ab R \u00bb est le <strong>syst\u00e8me de recirculation int\u00e9gr\u00e9<\/strong>, qui permet de r\u00e9introduire automatiquement les mat\u00e9riaux surdimensionn\u00e9s dans le cycle de concassage ou de les stocker, garantissant un produit fini plus uniforme et conforme aux sp\u00e9cifications requises. Cela se traduit par une <strong>meilleure qualit\u00e9 du mat\u00e9riau et une r\u00e9duction des d\u00e9chets<\/strong>. <\/p>\n\n<p>Robuste, facile \u00e0 transporter et rapide \u00e0 configurer, l\u2019EvoQuip Bison 220R est con\u00e7u pour offrir une <strong>efficacit\u00e9 op\u00e9rationnelle maximale, fiabilit\u00e9 et simplicit\u00e9 d\u2019utilisation<\/strong>, ce qui en fait le choix id\u00e9al pour les professionnels recherchant des performances \u00e9lev\u00e9es et une continuit\u00e9 de travail.<\/p>\n\n<p><\/p>\n","protected":false},"excerpt":{"rendered":"<p>Concasseur \u00e0 m\u00e2choires <strong data-start=\"1679\" data-end=\"1701\">EvoQuip Bison 220R<\/strong> avec recirculation int\u00e9gr\u00e9e, production jusqu\u2019\u00e0 180 000 kg\/h et moteur Caterpillar de 140 kW. Id\u00e9al pour la carri\u00e8re et le recyclage, il garantit une productivit\u00e9 \u00e9lev\u00e9e, la qualit\u00e9 du mat\u00e9riau et une efficacit\u00e9 op\u00e9rationnelle maximale sur chaque chantier. <\/p>\n","protected":false},"featured_media":38107,"template":"","meta":{"_acf_changed":false},"ubicazione_acf":[],"product_brand":[1020],"product_cat":[1021],"false":[757],"proprietario":[],"class_list":{"0":"post-38097","1":"product","2":"type-product","3":"status-publish","4":"has-post-thumbnail","6":"product_brand-evoquip","7":"product_cat-concasseurs","8":"product_tag-fr","9":"pa_brand-evoquip","11":"first","12":"instock","13":"sold-individually","14":"shipping-taxable","15":"product-type-simple"},"acf":[],"_links":{"self":[{"href":"https:\/\/www.damac.it\/fr\/wp-json\/wp\/v2\/product\/38097","targetHints":{"allow":["GET"]}}],"collection":[{"href":"https:\/\/www.damac.it\/fr\/wp-json\/wp\/v2\/product"}],"about":[{"href":"https:\/\/www.damac.it\/fr\/wp-json\/wp\/v2\/types\/product"}],"wp:featuredmedia":[{"embeddable":true,"href":"https:\/\/www.damac.it\/fr\/wp-json\/wp\/v2\/media\/38107"}],"wp:attachment":[{"href":"https:\/\/www.damac.it\/fr\/wp-json\/wp\/v2\/media?parent=38097"}],"wp:term":[{"taxonomy":"ubicazione_acf","embeddable":true,"href":"https:\/\/www.damac.it\/fr\/wp-json\/wp\/v2\/ubicazione_acf?post=38097"},{"taxonomy":"product_brand","embeddable":true,"href":"https:\/\/www.damac.it\/fr\/wp-json\/wp\/v2\/product_brand?post=38097"},{"taxonomy":"product_cat","embeddable":true,"href":"https:\/\/www.damac.it\/fr\/wp-json\/wp\/v2\/product_cat?post=38097"},{"taxonomy":"product_tag","embeddable":true,"href":"https:\/\/www.damac.it\/fr\/wp-json\/wp\/v2\/false?post=38097"},{"taxonomy":"proprietario","embeddable":true,"href":"https:\/\/www.damac.it\/fr\/wp-json\/wp\/v2\/proprietario?post=38097"}],"curies":[{"name":"wp","href":"https:\/\/api.w.org\/{rel}","templated":true}]}}