{"id":38225,"date":"2026-04-14T12:18:28","date_gmt":"2026-04-14T12:18:28","guid":{"rendered":"https:\/\/www.damac.it\/non%20class\u00e9\/evoquip-bison-340\/"},"modified":"2026-04-14T16:07:16","modified_gmt":"2026-04-14T16:07:16","slug":"evoquip-bison-340","status":"publish","type":"product","link":"https:\/\/www.damac.it\/fr\/concasseurs\/evoquip-bison-340\/","title":{"rendered":"EVOQUIP BISON 340"},"content":{"rendered":"\n<p>Le concasseur mobile <strong>EVOQUIP BISON 340<\/strong> repr\u00e9sente une solution \u00e0 hautes performances pour les op\u00e9rations de concassage primaire en carri\u00e8res, d\u00e9molitions, recyclage et activit\u00e9s mini\u00e8res. Con\u00e7u pour garantir une <strong>productivit\u00e9 maximale jusqu\u2019\u00e0 280 000 kg\/h<\/strong>, cette installation \u00e0 m\u00e2choire unique combine puissance et fiabilit\u00e9. Deux options de motorisation sont disponibles, le <strong>Caterpillar C7.1 de 205 kW<\/strong> ou le <strong>John Deere 6068 de 212 kW<\/strong>, tous deux avec un syst\u00e8me de transmission hydrostatique \u00e0 faible consommation.  <\/p>\n\n<p>La <strong>bouche de chargement de 1000 x 600 mm<\/strong> permet de traiter des mat\u00e9riaux de grandes dimensions, tandis que le syst\u00e8me de r\u00e9glage hydraulique du CSS (de 40 \u00e0 125 mm) permet un contr\u00f4le pr\u00e9cis de la granulom\u00e9trie finale. Le <strong>grizzly vibrant autonettoyant<\/strong> et le syst\u00e8me d&#8217;alimentation optimis\u00e9 am\u00e9liorent le flux du mat\u00e9riau, r\u00e9duisant les temps d&#8217;arr\u00eat et augmentant l&#8217;efficacit\u00e9 op\u00e9rationnelle. <\/p>\n\n<p>Con\u00e7u pour une utilisation sur chantier, l\u2019EVOQUIP BISON 340 offre une <strong>mobilit\u00e9 sur chenilles<\/strong>, une installation rapide et des commandes intuitives via PLC avec d\u00e9marrage automatique et contr\u00f4le \u00e0 distance. Le syst\u00e8me de suppression des poussi\u00e8res et la t\u00e9l\u00e9m\u00e9trie int\u00e9gr\u00e9e EvoQuip T-Link garantissent s\u00e9curit\u00e9 et suivi constant des performances. <\/p>\n\n<p>Gr\u00e2ce \u00e0 sa structure heavy-duty et \u00e0 ses composants r\u00e9sistants \u00e0 l&#8217;usure, ce concasseur est id\u00e9al pour ceux qui recherchent <strong>durabilit\u00e9, hautes performances et co\u00fbts op\u00e9rationnels r\u00e9duits<\/strong>, m\u00eame dans les conditions de travail les plus exigeantes.<\/p>\n","protected":false},"excerpt":{"rendered":"<p data-start=\"1568\" data-end=\"1818\">Concasseur mobile <strong data-start=\"1584\" data-end=\"1605\">EVOQUIP BISON 340<\/strong> \u00e0 hautes performances, id\u00e9al pour les carri\u00e8res et le recyclage. Production jusqu\u2019\u00e0 280 000 kg\/h, ouverture 1000&#215;600 mm, r\u00e9glage hydraulique. Efficacit\u00e9 maximale, mobilit\u00e9 sur chenilles et contr\u00f4le pr\u00e9cis du mat\u00e9riel.  <\/p>\n","protected":false},"featured_media":38231,"template":"","meta":{"_acf_changed":false},"ubicazione_acf":[],"product_brand":[1020],"product_cat":[1021],"false":[757],"proprietario":[],"class_list":{"0":"post-38225","1":"product","2":"type-product","3":"status-publish","4":"has-post-thumbnail","6":"product_brand-evoquip","7":"product_cat-concasseurs","8":"product_tag-fr","9":"pa_brand-evoquip","11":"first","12":"instock","13":"sold-individually","14":"shipping-taxable","15":"product-type-simple"},"acf":[],"_links":{"self":[{"href":"https:\/\/www.damac.it\/fr\/wp-json\/wp\/v2\/product\/38225","targetHints":{"allow":["GET"]}}],"collection":[{"href":"https:\/\/www.damac.it\/fr\/wp-json\/wp\/v2\/product"}],"about":[{"href":"https:\/\/www.damac.it\/fr\/wp-json\/wp\/v2\/types\/product"}],"wp:featuredmedia":[{"embeddable":true,"href":"https:\/\/www.damac.it\/fr\/wp-json\/wp\/v2\/media\/38231"}],"wp:attachment":[{"href":"https:\/\/www.damac.it\/fr\/wp-json\/wp\/v2\/media?parent=38225"}],"wp:term":[{"taxonomy":"ubicazione_acf","embeddable":true,"href":"https:\/\/www.damac.it\/fr\/wp-json\/wp\/v2\/ubicazione_acf?post=38225"},{"taxonomy":"product_brand","embeddable":true,"href":"https:\/\/www.damac.it\/fr\/wp-json\/wp\/v2\/product_brand?post=38225"},{"taxonomy":"product_cat","embeddable":true,"href":"https:\/\/www.damac.it\/fr\/wp-json\/wp\/v2\/product_cat?post=38225"},{"taxonomy":"product_tag","embeddable":true,"href":"https:\/\/www.damac.it\/fr\/wp-json\/wp\/v2\/false?post=38225"},{"taxonomy":"proprietario","embeddable":true,"href":"https:\/\/www.damac.it\/fr\/wp-json\/wp\/v2\/proprietario?post=38225"}],"curies":[{"name":"wp","href":"https:\/\/api.w.org\/{rel}","templated":true}]}}