{"id":38339,"date":"2026-04-14T12:56:16","date_gmt":"2026-04-14T12:56:16","guid":{"rendered":"https:\/\/www.damac.it\/non%20class\u00e9\/evoquip-cobra-230r\/"},"modified":"2026-04-14T14:47:41","modified_gmt":"2026-04-14T14:47:41","slug":"evoquip-cobra-230r","status":"publish","type":"product","link":"https:\/\/www.damac.it\/fr\/concasseurs\/evoquip-cobra-230r\/","title":{"rendered":"EVOQUIP COBRA 230R"},"content":{"rendered":"\n<p>Le concasseur EvoQuip COBRA 230R repr\u00e9sente une solution avanc\u00e9e pour ceux qui recherchent de <strong>hautes performances de concassage dans une installation compacte et polyvalente<\/strong>. Con\u00e7u pour 2026, ce mod\u00e8le int\u00e8gre un <strong>syst\u00e8me \u00e0 percussion avec rotor \u00e0 marteaux et recyclage<\/strong> efficace, id\u00e9al pour obtenir des mat\u00e9riaux de qualit\u00e9 uniforme m\u00eame dans des contextes op\u00e9rationnels intensifs. La <strong>bouche d\u2019alimentation de 860 \u00d7 720 mm<\/strong> permet de g\u00e9rer des mat\u00e9riaux de dimensions importantes, r\u00e9duisant les temps de traitement et augmentant la productivit\u00e9.  <\/p>\n\n<p>Gr\u00e2ce \u00e0 une <strong>production horaire allant jusqu\u2019\u00e0 250 t\/h<\/strong>, le COBRA 230R se distingue par sa capacit\u00e9 \u00e0 travailler en continu avec d\u2019excellents r\u00e9sultats. Le puissant <strong>moteur Volvo Penta \u00e0 6 cylindres<\/strong> garantit fiabilit\u00e9, consommation optimis\u00e9e et performances constantes m\u00eame dans les conditions les plus exigeantes, ce qui le rend parfait pour les carri\u00e8res, la d\u00e9molition et le recyclage. <\/p>\n\n<p>Sa conception robuste, avec des <strong>chenilles en fer \u00e0 100 %<\/strong>, assure stabilit\u00e9 et mobilit\u00e9 sur le chantier, tandis que ses dimensions optimis\u00e9es (13 300 \u00d7 2 500 \u00d7 3 000 mm) permettent un transport relativement ais\u00e9. Avec un poids de 29 100 kg, ce concasseur allie solidit\u00e9 structurelle et facilit\u00e9 op\u00e9rationnelle. <\/p>\n\n<p>Con\u00e7u pour les professionnels exigeants, l\u2019EVOQUIP COBRA 230R offre une <strong>efficacit\u00e9 op\u00e9rationnelle maximale, une r\u00e9duction des co\u00fbts et une polyvalence d\u2019utilisation<\/strong>, avec certification CE et documentation compl\u00e8te pour une utilisation imm\u00e9diate et s\u00fbre.<\/p>\n","protected":false},"excerpt":{"rendered":"<p>Concasseur <span class=\"hover:entity-accent entity-underline inline cursor-pointer align-baseline\"><span class=\"whitespace-normal\">EvoQuip<\/span><\/span> COBRA 230R neuf (2026), avec syst\u00e8me \u00e0 percussion et production jusqu\u2019\u00e0 250 000 kg\/h. Puissant, fiable et id\u00e9al pour les chantiers, les d\u00e9molitions et le recyclage. Performances \u00e9lev\u00e9es et efficacit\u00e9 op\u00e9rationnelle maximale.  <\/p>\n","protected":false},"featured_media":38345,"template":"","meta":{"_acf_changed":false},"ubicazione_acf":[],"product_brand":[1020],"product_cat":[1021],"false":[757],"proprietario":[],"class_list":{"0":"post-38339","1":"product","2":"type-product","3":"status-publish","4":"has-post-thumbnail","6":"product_brand-evoquip","7":"product_cat-concasseurs","8":"product_tag-fr","9":"pa_brand-evoquip","11":"first","12":"instock","13":"sold-individually","14":"shipping-taxable","15":"product-type-simple"},"acf":[],"_links":{"self":[{"href":"https:\/\/www.damac.it\/fr\/wp-json\/wp\/v2\/product\/38339","targetHints":{"allow":["GET"]}}],"collection":[{"href":"https:\/\/www.damac.it\/fr\/wp-json\/wp\/v2\/product"}],"about":[{"href":"https:\/\/www.damac.it\/fr\/wp-json\/wp\/v2\/types\/product"}],"wp:featuredmedia":[{"embeddable":true,"href":"https:\/\/www.damac.it\/fr\/wp-json\/wp\/v2\/media\/38345"}],"wp:attachment":[{"href":"https:\/\/www.damac.it\/fr\/wp-json\/wp\/v2\/media?parent=38339"}],"wp:term":[{"taxonomy":"ubicazione_acf","embeddable":true,"href":"https:\/\/www.damac.it\/fr\/wp-json\/wp\/v2\/ubicazione_acf?post=38339"},{"taxonomy":"product_brand","embeddable":true,"href":"https:\/\/www.damac.it\/fr\/wp-json\/wp\/v2\/product_brand?post=38339"},{"taxonomy":"product_cat","embeddable":true,"href":"https:\/\/www.damac.it\/fr\/wp-json\/wp\/v2\/product_cat?post=38339"},{"taxonomy":"product_tag","embeddable":true,"href":"https:\/\/www.damac.it\/fr\/wp-json\/wp\/v2\/false?post=38339"},{"taxonomy":"proprietario","embeddable":true,"href":"https:\/\/www.damac.it\/fr\/wp-json\/wp\/v2\/proprietario?post=38339"}],"curies":[{"name":"wp","href":"https:\/\/api.w.org\/{rel}","templated":true}]}}