{"id":38449,"date":"2026-04-14T13:06:49","date_gmt":"2026-04-14T13:06:49","guid":{"rendered":"https:\/\/www.damac.it\/non%20class\u00e9\/evoquip-cobra-290r\/"},"modified":"2026-04-14T15:25:58","modified_gmt":"2026-04-14T15:25:58","slug":"evoquip-cobra-290r","status":"publish","type":"product","link":"https:\/\/www.damac.it\/fr\/concasseurs\/evoquip-cobra-290r\/","title":{"rendered":"EVOQUIP COBRA 290R"},"content":{"rendered":"\n<p>L\u2019EVOQUIP COBRA 290R est un concasseur \u00e0 percussion de nouvelle g\u00e9n\u00e9ration con\u00e7u pour offrir des <strong>performances \u00e9lev\u00e9es et une polyvalence maximale sur les chantiers de concassage<\/strong>. Gr\u00e2ce \u00e0 sa structure robuste et \u00e0 son puissant moteur Volvo \u00e0 6 cylindres, cette machine garantit une <strong>production horaire allant jusqu\u2019\u00e0 290 000 kg\/h<\/strong>, ce qui la rend id\u00e9ale pour les travaux intensifs sur les mat\u00e9riaux de d\u00e9molition, la pierre naturelle et le recyclage. <\/p>\n\n<p>La pr\u00e9sence du syst\u00e8me de concassage \u00e0 percussion avec <strong>rotor \u00e0 marteaux et recyclage int\u00e9gr\u00e9<\/strong> permet d\u2019obtenir un produit fini homog\u00e8ne et de qualit\u00e9, tout en minimisant les d\u00e9chets. L\u2019<strong>ouverture d\u2019alimentation de 1030 x 790 mm<\/strong> permet l\u2019introduction de mat\u00e9riaux volumineux, am\u00e9liorant la productivit\u00e9 et r\u00e9duisant les temps de traitement. Les chenilles en fer \u00e0 100 % garantissent stabilit\u00e9 et mobilit\u00e9, m\u00eame dans les contextes les plus exigeants.  <\/p>\n\n<p>Sur le plan op\u00e9rationnel, le COBRA 290R se distingue par sa <strong>facilit\u00e9 d\u2019utilisation et d\u2019entretien<\/strong>, avec des acc\u00e8s rapides aux composants principaux et une documentation compl\u00e8te incluse. Ses dimensions compactes par rapport \u00e0 sa capacit\u00e9 de production en font une solution parfaite pour ceux qui recherchent <strong>efficacit\u00e9, fiabilit\u00e9 et r\u00e9duction des co\u00fbts d\u2019exploitation<\/strong>. <\/p>\n\n<p>Pens\u00e9 pour les professionnels du secteur, l\u2019EVOQUIP COBRA 290R repr\u00e9sente un choix strat\u00e9gique pour ceux qui souhaitent augmenter leur productivit\u00e9 sans renoncer \u00e0 la qualit\u00e9 et au contr\u00f4le du processus.<\/p>\n","protected":false},"excerpt":{"rendered":"<p>Concasseur \u00e0 percussion EVOQUIP COBRA 290R avec production jusqu&#8217;\u00e0 290 t\/h, rotor \u00e0 marteaux et recirculation. Puissant, efficace et id\u00e9al pour les d\u00e9molitions et le recyclage sur chantier. <\/p>\n","protected":false},"featured_media":38454,"template":"","meta":{"_acf_changed":false},"ubicazione_acf":[],"product_brand":[1020],"product_cat":[1021],"false":[757],"proprietario":[],"class_list":{"0":"post-38449","1":"product","2":"type-product","3":"status-publish","4":"has-post-thumbnail","6":"product_brand-evoquip","7":"product_cat-concasseurs","8":"product_tag-fr","9":"pa_brand-evoquip","11":"first","12":"instock","13":"sold-individually","14":"shipping-taxable","15":"product-type-simple"},"acf":[],"_links":{"self":[{"href":"https:\/\/www.damac.it\/fr\/wp-json\/wp\/v2\/product\/38449","targetHints":{"allow":["GET"]}}],"collection":[{"href":"https:\/\/www.damac.it\/fr\/wp-json\/wp\/v2\/product"}],"about":[{"href":"https:\/\/www.damac.it\/fr\/wp-json\/wp\/v2\/types\/product"}],"wp:featuredmedia":[{"embeddable":true,"href":"https:\/\/www.damac.it\/fr\/wp-json\/wp\/v2\/media\/38454"}],"wp:attachment":[{"href":"https:\/\/www.damac.it\/fr\/wp-json\/wp\/v2\/media?parent=38449"}],"wp:term":[{"taxonomy":"ubicazione_acf","embeddable":true,"href":"https:\/\/www.damac.it\/fr\/wp-json\/wp\/v2\/ubicazione_acf?post=38449"},{"taxonomy":"product_brand","embeddable":true,"href":"https:\/\/www.damac.it\/fr\/wp-json\/wp\/v2\/product_brand?post=38449"},{"taxonomy":"product_cat","embeddable":true,"href":"https:\/\/www.damac.it\/fr\/wp-json\/wp\/v2\/product_cat?post=38449"},{"taxonomy":"product_tag","embeddable":true,"href":"https:\/\/www.damac.it\/fr\/wp-json\/wp\/v2\/false?post=38449"},{"taxonomy":"proprietario","embeddable":true,"href":"https:\/\/www.damac.it\/fr\/wp-json\/wp\/v2\/proprietario?post=38449"}],"curies":[{"name":"wp","href":"https:\/\/api.w.org\/{rel}","templated":true}]}}