{"id":38759,"date":"2026-04-15T10:40:39","date_gmt":"2026-04-15T10:40:39","guid":{"rendered":"https:\/\/www.damac.it\/non%20class\u00e9\/c4-t15\/"},"modified":"2026-04-15T10:59:29","modified_gmt":"2026-04-15T10:59:29","slug":"c4-t15","status":"publish","type":"product","link":"https:\/\/www.damac.it\/fr\/tarieres\/c4-t15-anguillara-sabazia\/","title":{"rendered":"C4 T15"},"content":{"rendered":"\n<p>La foreuse hydraulique <strong>C4 T15 S\u00e9rie T<\/strong> est une solution professionnelle con\u00e7ue pour garantir des <strong>forages pr\u00e9cis, rapides et efficaces<\/strong> dans de multiples contextes op\u00e9rationnels. Id\u00e9ale pour le b\u00e2timent, l&#8217;agriculture et les travaux sp\u00e9cialis\u00e9s, elle se distingue par sa compatibilit\u00e9 avec les pelles de 1,5 \u00e0 10,5 tonnes, offrant un \u00e9quilibre parfait entre <strong>puissance, contr\u00f4le et polyvalence<\/strong> m\u00eame dans les utilisations les plus intensives. <\/p>\n\n<p>Le c\u0153ur de la machine est le <strong>moteur hydraulique int\u00e9gr\u00e9 et prot\u00e9g\u00e9<\/strong>, con\u00e7u pour r\u00e9sister aux chocs et aux sollicitations. Cette configuration am\u00e9liore la fiabilit\u00e9 dans le temps et r\u00e9duit les co\u00fbts de maintenance, faisant de la foreuse un choix strat\u00e9gique pour ceux qui recherchent une <strong>continuit\u00e9 op\u00e9rationnelle et une productivit\u00e9 maximale<\/strong> sur chantier. <\/p>\n\n<p>Un atout majeur est le <strong>syst\u00e8me \u00e0 double articulation avec bagues autolubrifiantes<\/strong>, qui maintient automatiquement la perpendicularit\u00e9 pendant le forage. Cela permet d&#8217;obtenir des <strong>trous plus pr\u00e9cis<\/strong>, m\u00eame sur des terrains difficiles ou irr\u00e9guliers, am\u00e9liorant l&#8217;efficacit\u00e9 et la facilit\u00e9 d&#8217;utilisation pour l&#8217;op\u00e9rateur. <\/p>\n\n<p>La <strong>polyvalence op\u00e9rationnelle<\/strong> est garantie par la compatibilit\u00e9 avec de nombreuses m\u00e8ches interchangeables, id\u00e9ales pour le terrain, la roche, les souches et le bois. Avec la C4 T15, il est possible d&#8217;effectuer diff\u00e9rents travaux avec un seul \u00e9quipement, optimisant temps, co\u00fbts et performances dans chaque application professionnelle. <\/p>\n\n<p><\/p>\n","protected":false},"excerpt":{"rendered":"<p>Tari\u00e8re hydraulique <strong data-start=\"1461\" data-end=\"1479\">C4 T15 S\u00e9rie T<\/strong> puissante et compacte, id\u00e9ale pour pelles 1,5\u201310,5 t. Garantit des forages pr\u00e9cis gr\u00e2ce au double articulation et une polyvalence maximale avec des m\u00e8ches interchangeables. <\/p>\n","protected":false},"featured_media":38767,"template":"","meta":{"_acf_changed":false},"ubicazione_acf":[],"product_brand":[817],"product_cat":[1028],"false":[757],"proprietario":[],"class_list":{"0":"post-38759","1":"product","2":"type-product","3":"status-publish","4":"has-post-thumbnail","6":"product_brand-c4","7":"product_cat-tarieres","8":"product_tag-fr","9":"pa_brand-c4","11":"first","12":"instock","13":"sold-individually","14":"shipping-taxable","15":"purchasable","16":"product-type-simple"},"acf":[],"_links":{"self":[{"href":"https:\/\/www.damac.it\/fr\/wp-json\/wp\/v2\/product\/38759","targetHints":{"allow":["GET"]}}],"collection":[{"href":"https:\/\/www.damac.it\/fr\/wp-json\/wp\/v2\/product"}],"about":[{"href":"https:\/\/www.damac.it\/fr\/wp-json\/wp\/v2\/types\/product"}],"wp:featuredmedia":[{"embeddable":true,"href":"https:\/\/www.damac.it\/fr\/wp-json\/wp\/v2\/media\/38767"}],"wp:attachment":[{"href":"https:\/\/www.damac.it\/fr\/wp-json\/wp\/v2\/media?parent=38759"}],"wp:term":[{"taxonomy":"ubicazione_acf","embeddable":true,"href":"https:\/\/www.damac.it\/fr\/wp-json\/wp\/v2\/ubicazione_acf?post=38759"},{"taxonomy":"product_brand","embeddable":true,"href":"https:\/\/www.damac.it\/fr\/wp-json\/wp\/v2\/product_brand?post=38759"},{"taxonomy":"product_cat","embeddable":true,"href":"https:\/\/www.damac.it\/fr\/wp-json\/wp\/v2\/product_cat?post=38759"},{"taxonomy":"product_tag","embeddable":true,"href":"https:\/\/www.damac.it\/fr\/wp-json\/wp\/v2\/false?post=38759"},{"taxonomy":"proprietario","embeddable":true,"href":"https:\/\/www.damac.it\/fr\/wp-json\/wp\/v2\/proprietario?post=38759"}],"curies":[{"name":"wp","href":"https:\/\/api.w.org\/{rel}","templated":true}]}}