{"id":39134,"date":"2026-04-16T17:17:12","date_gmt":"2026-04-16T17:17:12","guid":{"rendered":"https:\/\/www.damac.it\/non%20class\u00e9\/wacker-neuson-803\/"},"modified":"2026-04-16T17:37:54","modified_gmt":"2026-04-16T17:37:54","slug":"wacker-neuson-803","status":"publish","type":"product","link":"https:\/\/www.damac.it\/fr\/mini-pelles\/wacker-neuson-803-anguillara-sabazia\/","title":{"rendered":"WACKER NEUSON 803"},"content":{"rendered":"\n<p>Il <a href=\"https:\/\/www.damac.it\/miniescavatori\/\">miniescavatore<\/a> <strong>Wacker Neuson 803<\/strong> \u00e8 la soluzione ideale per lavori in spazi ristretti, grazie al suo design <strong>compatto con girosagoma<\/strong> che consente di operare senza ingombri anche nei cantieri pi\u00f9 difficili. Con un peso di circa <strong>1000 kg<\/strong> e dimensioni contenute, \u00e8 perfetto per interventi urbani, manutenzioni e lavori di precisione dove agilit\u00e0 e controllo fanno la differenza.<\/p>\n\n<p>\u00c9quip\u00e9e d\u2019un moteur fiable <strong>Yanmar 3TNV70 de 9,6 kW (13,1 ch)<\/strong>, elle garantit <strong>efficacit\u00e9 \u00e9nerg\u00e9tique et performances constantes<\/strong>, permettant de travailler longtemps sans baisse de rendement. Le <strong>ch\u00e2ssis variable \u00e0 double vitesse<\/strong> am\u00e9liore la stabilit\u00e9 et facilite le transport, tandis que les <strong>chenilles en caoutchouc \u00e0 100 %<\/strong> assurent l\u2019adh\u00e9rence et un impact r\u00e9duit sur les surfaces d\u00e9licates. <\/p>\n\n<p>La pr\u00e9sence d\u2019une <strong>ligne pour marteau hydraulique<\/strong> \u00e9largit les possibilit\u00e9s op\u00e9rationnelles, rendant ce mod\u00e8le polyvalent pour les d\u00e9molitions l\u00e9g\u00e8res, les excavations et les travaux de finition. La <strong>lame avant<\/strong> ajoute des fonctionnalit\u00e9s pour le nivellement et le remblayage, augmentant ainsi la productivit\u00e9 sur le chantier. <\/p>\n\n<p>Cette <strong>Wacker Neuson 803 d\u2019occasion, ann\u00e9e 2012<\/strong>, disponible \u00e0 Anguillara Sabazia, repr\u00e9sente une opportunit\u00e9 concr\u00e8te pour ceux qui recherchent une machine <strong>fiable, pr\u00eate \u00e0 l\u2019emploi et certifi\u00e9e CE<\/strong>, id\u00e9ale pour les professionnels du secteur de la construction et de la maintenance.<\/p>\n","protected":false},"excerpt":{"rendered":"<p data-start=\"1383\" data-end=\"1552\">Mini-pelle <strong data-start=\"1398\" data-end=\"1419\">Wacker Neuson 803<\/strong> compacte et puissante, id\u00e9ale pour les espaces restreints. Moteur Yanmar, ch\u00e2ssis variable, installation marteau et chenilles neuves. Pr\u00eate au travail.  <\/p>\n","protected":false},"featured_media":39136,"template":"","meta":{"_acf_changed":false},"ubicazione_acf":[],"product_brand":[673],"product_cat":[412],"false":[757],"proprietario":[],"class_list":{"0":"post-39134","1":"product","2":"type-product","3":"status-publish","4":"has-post-thumbnail","6":"product_brand-wacker-neuson","7":"product_cat-mini-pelles","8":"product_tag-fr","9":"pa_brand-wacker-neuson","11":"first","12":"instock","13":"sale","14":"sold-individually","15":"shipping-taxable","16":"purchasable","17":"product-type-simple"},"acf":[],"_links":{"self":[{"href":"https:\/\/www.damac.it\/fr\/wp-json\/wp\/v2\/product\/39134","targetHints":{"allow":["GET"]}}],"collection":[{"href":"https:\/\/www.damac.it\/fr\/wp-json\/wp\/v2\/product"}],"about":[{"href":"https:\/\/www.damac.it\/fr\/wp-json\/wp\/v2\/types\/product"}],"wp:featuredmedia":[{"embeddable":true,"href":"https:\/\/www.damac.it\/fr\/wp-json\/wp\/v2\/media\/39136"}],"wp:attachment":[{"href":"https:\/\/www.damac.it\/fr\/wp-json\/wp\/v2\/media?parent=39134"}],"wp:term":[{"taxonomy":"ubicazione_acf","embeddable":true,"href":"https:\/\/www.damac.it\/fr\/wp-json\/wp\/v2\/ubicazione_acf?post=39134"},{"taxonomy":"product_brand","embeddable":true,"href":"https:\/\/www.damac.it\/fr\/wp-json\/wp\/v2\/product_brand?post=39134"},{"taxonomy":"product_cat","embeddable":true,"href":"https:\/\/www.damac.it\/fr\/wp-json\/wp\/v2\/product_cat?post=39134"},{"taxonomy":"product_tag","embeddable":true,"href":"https:\/\/www.damac.it\/fr\/wp-json\/wp\/v2\/false?post=39134"},{"taxonomy":"proprietario","embeddable":true,"href":"https:\/\/www.damac.it\/fr\/wp-json\/wp\/v2\/proprietario?post=39134"}],"curies":[{"name":"wp","href":"https:\/\/api.w.org\/{rel}","templated":true}]}}