{"id":39247,"date":"2026-04-16T17:53:54","date_gmt":"2026-04-16T17:53:54","guid":{"rendered":"https:\/\/www.damac.it\/non%20class\u00e9\/takeuchi-tb153\/"},"modified":"2026-04-16T18:07:41","modified_gmt":"2026-04-16T18:07:41","slug":"takeuchi-tb153","status":"publish","type":"product","link":"https:\/\/www.damac.it\/fr\/mini-pelles\/takeuchi-tb153-deliceto\/","title":{"rendered":"TAKEUCHI TB153"},"content":{"rendered":"\n<p>Il Takeuchi TB153 \u00e8 un miniescavatore compatto progettato per offrire <strong>prestazioni elevate e massima versatilit\u00e0<\/strong> nei cantieri di piccole e medie dimensioni. Con un peso operativo di 5600 kg e struttura <strong>girosagoma<\/strong>, garantisce un\u2019eccellente manovrabilit\u00e0 anche in spazi ristretti, rendendolo ideale per lavori urbani, scavi di precisione e interventi in aree limitate. Il motore Yanmar da 29,3 kW assicura <strong>potenza costante e affidabilit\u00e0 operativa<\/strong>, anche dopo molte ore di lavoro.<\/p>\n\n<p>La machine est \u00e9quip\u00e9e d\u2019une <strong>cabine ferm\u00e9e avec climatisation<\/strong>, offrant un confort \u00e0 l\u2019op\u00e9rateur en toutes saisons. Le ch\u00e2ssis fixe avec chenilles en caoutchouc en excellent \u00e9tat (80 %) garantit stabilit\u00e9 et r\u00e9duction des vibrations lors de l\u2019utilisation. La pr\u00e9sence de la <strong>double vitesse<\/strong> permet des d\u00e9placements rapides sur le chantier, augmentant la productivit\u00e9 globale.  <\/p>\n\n<p>D\u2019un point de vue op\u00e9rationnel, la fl\u00e8che monobloc et le circuit hydraulique pr\u00e9dispos\u00e9 pour brise-roche rendent ce mod\u00e8le extr\u00eamement polyvalent pour les d\u00e9molitions l\u00e9g\u00e8res, les excavations et la manutention de mat\u00e9riaux. Les clapets de s\u00e9curit\u00e9 augmentent la s\u00e9curit\u00e9 lors des op\u00e9rations les plus d\u00e9licates, tandis que la lame frontale am\u00e9liore la stabilit\u00e9 et les op\u00e9rations de nivellement. <\/p>\n\n<p>Avec 6 300 heures de travail et certification CE, ce TB153 est une solution robuste pour ceux qui recherchent un engin d\u2019occasion fiable, pr\u00eat \u00e0 l\u2019emploi et avec un excellent rapport qualit\u00e9-prix, disponible imm\u00e9diatement \u00e0 Deliceto.<\/p>\n","protected":false},"excerpt":{"rendered":"<p>Mini-pelle <span class=\"hover:entity-accent entity-underline inline cursor-pointer align-baseline\"><span class=\"whitespace-normal\">Takeuchi<\/span><\/span> TB153 d\u2019occasion, compacte et puissante. Z\u00e9ro d\u00e9port, cabine avec clim, ligne marteau et excellente maniabilit\u00e9. Id\u00e9ale pour les chantiers urbains et les travaux de pr\u00e9cision.  <\/p>\n","protected":false},"featured_media":39306,"template":"","meta":{"_acf_changed":false},"ubicazione_acf":[],"product_brand":[687],"product_cat":[412],"false":[757],"proprietario":[],"class_list":{"0":"post-39247","1":"product","2":"type-product","3":"status-publish","4":"has-post-thumbnail","6":"product_brand-takeuchi","7":"product_cat-mini-pelles","8":"product_tag-fr","9":"pa_brand-takeuchi","11":"first","12":"instock","13":"sold-individually","14":"shipping-taxable","15":"purchasable","16":"product-type-simple"},"acf":[],"_links":{"self":[{"href":"https:\/\/www.damac.it\/fr\/wp-json\/wp\/v2\/product\/39247","targetHints":{"allow":["GET"]}}],"collection":[{"href":"https:\/\/www.damac.it\/fr\/wp-json\/wp\/v2\/product"}],"about":[{"href":"https:\/\/www.damac.it\/fr\/wp-json\/wp\/v2\/types\/product"}],"wp:featuredmedia":[{"embeddable":true,"href":"https:\/\/www.damac.it\/fr\/wp-json\/wp\/v2\/media\/39306"}],"wp:attachment":[{"href":"https:\/\/www.damac.it\/fr\/wp-json\/wp\/v2\/media?parent=39247"}],"wp:term":[{"taxonomy":"ubicazione_acf","embeddable":true,"href":"https:\/\/www.damac.it\/fr\/wp-json\/wp\/v2\/ubicazione_acf?post=39247"},{"taxonomy":"product_brand","embeddable":true,"href":"https:\/\/www.damac.it\/fr\/wp-json\/wp\/v2\/product_brand?post=39247"},{"taxonomy":"product_cat","embeddable":true,"href":"https:\/\/www.damac.it\/fr\/wp-json\/wp\/v2\/product_cat?post=39247"},{"taxonomy":"product_tag","embeddable":true,"href":"https:\/\/www.damac.it\/fr\/wp-json\/wp\/v2\/false?post=39247"},{"taxonomy":"proprietario","embeddable":true,"href":"https:\/\/www.damac.it\/fr\/wp-json\/wp\/v2\/proprietario?post=39247"}],"curies":[{"name":"wp","href":"https:\/\/api.w.org\/{rel}","templated":true}]}}