{"id":39894,"date":"2026-04-20T13:15:16","date_gmt":"2026-04-20T13:15:16","guid":{"rendered":"https:\/\/www.damac.it\/non%20class\u00e9\/fiat-hitachi-fh200e\/"},"modified":"2026-04-20T13:35:11","modified_gmt":"2026-04-20T13:35:11","slug":"fiat-hitachi-fh200e","status":"publish","type":"product","link":"https:\/\/www.damac.it\/fr\/pelles-sur-chenilles\/fiat-hitachi-fh200e-anguillara-sabazia\/","title":{"rendered":"FIAT HITACHI FH200E"},"content":{"rendered":"\n<p>L\u2019<a href=\"https:\/\/www.damac.it\/fr\/pelles-sur-chenilles\/\">excavatrice sur chenilles<\/a> <strong>FIAT HITACHI FH200E<\/strong> repr\u00e9sente une solution fiable pour les travaux de terrassement, d\u2019excavation et les chantiers structur\u00e9s. Avec un <strong>poids op\u00e9rationnel de 19 000 kg<\/strong> et une construction robuste, cette machine garantit stabilit\u00e9 et performances constantes m\u00eame sur des terrains difficiles. Le <strong>moteur Fiat 8065 T de 125 ch<\/strong> assure une bonne puissance op\u00e9rationnelle, id\u00e9ale pour affronter des cycles de travail intensifs avec continuit\u00e9 et s\u00e9curit\u00e9.  <\/p>\n\n<p>\u00c9quip\u00e9e d\u2019une <strong>transmission hydrostatique<\/strong>, l\u2019FH200E offre une gestion fluide des mouvements et une r\u00e9ponse pr\u00e9cise aux commandes, am\u00e9liorant la productivit\u00e9 quotidienne. La <strong>fl\u00e8che monobloc<\/strong> et la pr\u00e9sence de la <strong>ligne marteau<\/strong> rendent la machine polyvalente, parfaite aussi bien pour les excavations traditionnelles que pour les travaux de d\u00e9molition l\u00e9g\u00e8re. Les <strong>chenilles en fer avec un \u00e9tat \u00e0 80 %<\/strong> garantissent traction et durabilit\u00e9 dans le temps, r\u00e9duisant les co\u00fbts de maintenance.  <\/p>\n\n<p>La <strong>cabine ferm\u00e9e<\/strong> permet \u00e0 l\u2019op\u00e9rateur de travailler dans le confort et la s\u00e9curit\u00e9, m\u00eame dans des conditions environnementales difficiles. Avec seulement <strong>4 017 heures de travail<\/strong>, cette excavatrice d\u2019occasion repr\u00e9sente un choix int\u00e9ressant pour ceux qui recherchent une machine solide, imm\u00e9diatement op\u00e9rationnelle et avec un excellent rapport qualit\u00e9-prix. Disponible \u00e0 <strong>Anguillara Sabazia<\/strong>, elle est pr\u00eate \u00e0 \u00eatre int\u00e9gr\u00e9e \u00e0 votre parc de machines.  <\/p>\n\n<div class=\"wp-block-webfactory-map\"><div class=\"wp-block-webfactory-map\"><iframe title=\"Carte\" width=\"100%\" height=\"380px\" src=\"https:\/\/www.google.com\/maps\/embed\/v1\/place?q=anguillara%20sabazia&amp;maptype=roadmap&amp;zoom=7&amp;key=AIzaSyCbpj9Ji_jwudUhfVpTXiPB79zpZZSDW8c\" frameborder=\"0\"><\/iframe><\/div><\/div>\n","protected":false},"excerpt":{"rendered":"<p data-start=\"1357\" data-end=\"1570\">Excavatrice sur chenilles FIAT HITACHI FH200E de 19 tonnes, puissante et fiable, avec circuit marteau et chenilles en excellent \u00e9tat. Id\u00e9ale pour les excavations et les travaux lourds, disponible imm\u00e9diatement. <\/p>\n<p data-start=\"1572\" data-end=\"1579\">\n","protected":false},"featured_media":39919,"template":"","meta":{"_acf_changed":false},"ubicazione_acf":[],"product_brand":[638],"product_cat":[436],"false":[757],"proprietario":[],"class_list":{"0":"post-39894","1":"product","2":"type-product","3":"status-publish","4":"has-post-thumbnail","6":"product_brand-fiat-hitachi","7":"product_cat-pelles-sur-chenilles","8":"product_tag-fr","9":"pa_brand-fiat-hitachi","11":"first","12":"instock","13":"sold-individually","14":"shipping-taxable","15":"product-type-simple"},"acf":[],"_links":{"self":[{"href":"https:\/\/www.damac.it\/fr\/wp-json\/wp\/v2\/product\/39894","targetHints":{"allow":["GET"]}}],"collection":[{"href":"https:\/\/www.damac.it\/fr\/wp-json\/wp\/v2\/product"}],"about":[{"href":"https:\/\/www.damac.it\/fr\/wp-json\/wp\/v2\/types\/product"}],"wp:featuredmedia":[{"embeddable":true,"href":"https:\/\/www.damac.it\/fr\/wp-json\/wp\/v2\/media\/39919"}],"wp:attachment":[{"href":"https:\/\/www.damac.it\/fr\/wp-json\/wp\/v2\/media?parent=39894"}],"wp:term":[{"taxonomy":"ubicazione_acf","embeddable":true,"href":"https:\/\/www.damac.it\/fr\/wp-json\/wp\/v2\/ubicazione_acf?post=39894"},{"taxonomy":"product_brand","embeddable":true,"href":"https:\/\/www.damac.it\/fr\/wp-json\/wp\/v2\/product_brand?post=39894"},{"taxonomy":"product_cat","embeddable":true,"href":"https:\/\/www.damac.it\/fr\/wp-json\/wp\/v2\/product_cat?post=39894"},{"taxonomy":"product_tag","embeddable":true,"href":"https:\/\/www.damac.it\/fr\/wp-json\/wp\/v2\/false?post=39894"},{"taxonomy":"proprietario","embeddable":true,"href":"https:\/\/www.damac.it\/fr\/wp-json\/wp\/v2\/proprietario?post=39894"}],"curies":[{"name":"wp","href":"https:\/\/api.w.org\/{rel}","templated":true}]}}