{"id":40452,"date":"2026-04-23T06:48:52","date_gmt":"2026-04-23T06:48:52","guid":{"rendered":"https:\/\/www.damac.it\/non%20class\u00e9\/merlo-p40-9\/"},"modified":"2026-04-23T06:59:53","modified_gmt":"2026-04-23T06:59:53","slug":"merlo-p40-9","status":"publish","type":"product","link":"https:\/\/www.damac.it\/fr\/chariot-telescopique\/merlo-p40-9-anguillara-sabazia\/","title":{"rendered":"MERLO P40.9"},"content":{"rendered":"\n<p>Le <strong>Merlo P40.9 de 2010<\/strong> repr\u00e9sente une solution id\u00e9ale pour ceux qui recherchent un chariot t\u00e9lescopique fiable, puissant et pr\u00eat \u00e0 l\u2019emploi. Avec seulement <strong>1 113 heures de travail<\/strong>, cette machine se distingue par son excellent \u00e9tat g\u00e9n\u00e9ral et sa capacit\u00e9 \u00e0 g\u00e9rer efficacement les activit\u00e9s quotidiennes sur les chantiers, dans l\u2019agriculture et la logistique. La <strong>capacit\u00e9 maximale de 4 000 kg<\/strong> et la <strong>hauteur de levage jusqu\u2019\u00e0 9 m\u00e8tres<\/strong> permettent de manipuler des charges importantes en toute s\u00e9curit\u00e9, m\u00eame dans des contextes op\u00e9rationnels complexes.  <\/p>\n\n<p>Gr\u00e2ce au moteur <strong>Perkins 1104D-44T de 61 kW<\/strong>, le Merlo P40.9 garantit des performances constantes et une consommation r\u00e9duite, assurant productivit\u00e9 et continuit\u00e9 op\u00e9rationnelle. La pr\u00e9sence d\u2019une <strong>cabine ferm\u00e9e aux normes ROPS et FOPS<\/strong> offre confort et protection \u00e0 l\u2019op\u00e9rateur, rendant la machine adapt\u00e9e aux travaux prolong\u00e9s et aux conditions difficiles. Le ch\u00e2ssis compact et la tourelle fixe assurent stabilit\u00e9 et pr\u00e9cision dans les mouvements.  <\/p>\n\n<p>Dotato di\u00a0<strong>forche e <a href=\"https:\/\/www.damac.it\/fr\/accessoires\/\">benna<\/a> standard<\/strong>, questo sollevatore telescopico \u00e8 estremamente versatile e pronto per diverse applicazioni. Nonostante i pneumatici al 20%, la macchina \u00e8 immediatamente operativa e rappresenta un\u2019ottima opportunit\u00e0 per chi cerca un mezzo performante ad un prezzo competitivo. Disponibile ad Anguillara Sabazia, \u00e8 completo di documenti e pronto all\u2019impiego.<\/p>\n\n<div class=\"wp-block-webfactory-map\"><div class=\"wp-block-webfactory-map\"><iframe title=\"Carte\" width=\"100%\" height=\"380px\" src=\"https:\/\/www.google.com\/maps\/embed\/v1\/place?q=anguillara%20sabazia&amp;maptype=roadmap&amp;zoom=7&amp;key=AIzaSyCbpj9Ji_jwudUhfVpTXiPB79zpZZSDW8c\" frameborder=\"0\"><\/iframe><\/div><\/div>\n","protected":false},"excerpt":{"rendered":"<p>Merlo P40.9 d\u2019occasion de 2010 avec 1 113 heures, capacit\u00e9 de 4 000 kg et hauteur de 9 m\u00e8tres. Chariot t\u00e9lescopique fiable, avec cabine ferm\u00e9e et accessoires inclus. Id\u00e9al pour les chantiers et la manutention de mat\u00e9riaux.   Disponible \u00e0 Anguillara Sabazia.<\/p>\n","protected":false},"featured_media":40454,"template":"","meta":{"_acf_changed":false},"ubicazione_acf":[],"product_brand":[948],"product_cat":[949],"false":[757],"proprietario":[],"class_list":{"0":"post-40452","1":"product","2":"type-product","3":"status-publish","4":"has-post-thumbnail","6":"product_brand-merlo","7":"product_cat-chariot-telescopique","8":"product_tag-fr","9":"pa_brand-merlo","11":"first","12":"instock","13":"sold-individually","14":"shipping-taxable","15":"purchasable","16":"product-type-simple"},"acf":[],"_links":{"self":[{"href":"https:\/\/www.damac.it\/fr\/wp-json\/wp\/v2\/product\/40452","targetHints":{"allow":["GET"]}}],"collection":[{"href":"https:\/\/www.damac.it\/fr\/wp-json\/wp\/v2\/product"}],"about":[{"href":"https:\/\/www.damac.it\/fr\/wp-json\/wp\/v2\/types\/product"}],"wp:featuredmedia":[{"embeddable":true,"href":"https:\/\/www.damac.it\/fr\/wp-json\/wp\/v2\/media\/40454"}],"wp:attachment":[{"href":"https:\/\/www.damac.it\/fr\/wp-json\/wp\/v2\/media?parent=40452"}],"wp:term":[{"taxonomy":"ubicazione_acf","embeddable":true,"href":"https:\/\/www.damac.it\/fr\/wp-json\/wp\/v2\/ubicazione_acf?post=40452"},{"taxonomy":"product_brand","embeddable":true,"href":"https:\/\/www.damac.it\/fr\/wp-json\/wp\/v2\/product_brand?post=40452"},{"taxonomy":"product_cat","embeddable":true,"href":"https:\/\/www.damac.it\/fr\/wp-json\/wp\/v2\/product_cat?post=40452"},{"taxonomy":"product_tag","embeddable":true,"href":"https:\/\/www.damac.it\/fr\/wp-json\/wp\/v2\/false?post=40452"},{"taxonomy":"proprietario","embeddable":true,"href":"https:\/\/www.damac.it\/fr\/wp-json\/wp\/v2\/proprietario?post=40452"}],"curies":[{"name":"wp","href":"https:\/\/api.w.org\/{rel}","templated":true}]}}