{"id":40615,"date":"2026-04-23T07:04:22","date_gmt":"2026-04-23T07:04:22","guid":{"rendered":"https:\/\/www.damac.it\/non%20class\u00e9\/wacker-neuson-1501s\/"},"modified":"2026-04-23T07:12:03","modified_gmt":"2026-04-23T07:12:03","slug":"wacker-neuson-1501s","status":"publish","type":"product","link":"https:\/\/www.damac.it\/fr\/dechargeur\/wacker-neuson-1501s-rome\/","title":{"rendered":"Wacker Neuson 1501S"},"content":{"rendered":"\n<p>Il\u00a0<strong>Wacker Neuson 1501S\u00a0del 2024<\/strong>\u00a0\u00e8 un <a href=\"https:\/\/www.damac.it\/fr\/dechargeur\/\">dumper<\/a> compatto di ultima generazione, ideale per chi cerca una macchina praticamente nuova e pronta all\u2019uso. Con sole\u00a0<strong>7 ore di lavoro<\/strong>, rappresenta un\u2019opportunit\u00e0 unica per ottenere prestazioni elevate con l\u2019affidabilit\u00e0 di un mezzo quasi inutilizzato. Grazie alla\u00a0<strong>portata utile di 1500 kg<\/strong>\u00a0e al sistema\u00a0<strong>ribaltabile rotativo<\/strong>, consente operazioni rapide ed efficienti anche in spazi ristretti.<\/p>\n\n<p>\u00c9quip\u00e9 d&#8217;une <strong>transmission int\u00e9grale permanente (AWD)<\/strong> et d&#8217;un ch\u00e2ssis articul\u00e9, il garantit une stabilit\u00e9 et une maniabilit\u00e9 maximales sur tout type de terrain, m\u00eame sur les chantiers les plus difficiles. Le moteur de ce Wacker Neuson 1501S est un <strong>Yanmar 3TNV76 de 25,7 CV<\/strong> qui assure d&#8217;excellentes performances avec une consommation ma\u00eetris\u00e9e, tandis que la <strong>transmission hydrostatique<\/strong> permet une conduite fluide et pr\u00e9cise, am\u00e9liorant la productivit\u00e9 quotidienne. <\/p>\n\n<p>Les <strong>pneumatiques \u00e0 100 %<\/strong> et la structure compacte rendent ce dumper parfait pour les travaux de construction, la maintenance urbaine et la manutention de mat\u00e9riaux. La qualit\u00e9 de fabrication Wacker Neuson garantit une durabilit\u00e9 dans le temps et de faibles co\u00fbts de gestion. Disponible \u00e0 Rome et complet avec certification CE, c&#8217;est le choix id\u00e9al pour ceux qui veulent un engin efficace, moderne et imm\u00e9diatement op\u00e9rationnel.  <\/p>\n","protected":false},"excerpt":{"rendered":"<p>Wacker Neuson 1501S de 2024 avec seulement 7 heures. Dumper compact avec charge utile 1500 kg, benne rotative basculante et transmission int\u00e9grale. Machine comme neuve, id\u00e9ale pour chantiers et travaux urbains.   Disponible \u00e0 Rome.<\/p>\n","protected":false},"featured_media":40617,"template":"","meta":{"_acf_changed":false},"ubicazione_acf":[],"product_brand":[673],"product_cat":[919],"false":[757],"proprietario":[],"class_list":{"0":"post-40615","1":"product","2":"type-product","3":"status-publish","4":"has-post-thumbnail","6":"product_brand-wacker-neuson","7":"product_cat-dechargeur","8":"product_tag-fr","9":"pa_brand-wacker-neuson","11":"first","12":"instock","13":"sold-individually","14":"shipping-taxable","15":"product-type-simple"},"acf":[],"_links":{"self":[{"href":"https:\/\/www.damac.it\/fr\/wp-json\/wp\/v2\/product\/40615","targetHints":{"allow":["GET"]}}],"collection":[{"href":"https:\/\/www.damac.it\/fr\/wp-json\/wp\/v2\/product"}],"about":[{"href":"https:\/\/www.damac.it\/fr\/wp-json\/wp\/v2\/types\/product"}],"wp:featuredmedia":[{"embeddable":true,"href":"https:\/\/www.damac.it\/fr\/wp-json\/wp\/v2\/media\/40617"}],"wp:attachment":[{"href":"https:\/\/www.damac.it\/fr\/wp-json\/wp\/v2\/media?parent=40615"}],"wp:term":[{"taxonomy":"ubicazione_acf","embeddable":true,"href":"https:\/\/www.damac.it\/fr\/wp-json\/wp\/v2\/ubicazione_acf?post=40615"},{"taxonomy":"product_brand","embeddable":true,"href":"https:\/\/www.damac.it\/fr\/wp-json\/wp\/v2\/product_brand?post=40615"},{"taxonomy":"product_cat","embeddable":true,"href":"https:\/\/www.damac.it\/fr\/wp-json\/wp\/v2\/product_cat?post=40615"},{"taxonomy":"product_tag","embeddable":true,"href":"https:\/\/www.damac.it\/fr\/wp-json\/wp\/v2\/false?post=40615"},{"taxonomy":"proprietario","embeddable":true,"href":"https:\/\/www.damac.it\/fr\/wp-json\/wp\/v2\/proprietario?post=40615"}],"curies":[{"name":"wp","href":"https:\/\/api.w.org\/{rel}","templated":true}]}}