{"id":41052,"date":"2026-04-28T12:15:15","date_gmt":"2026-04-28T12:15:15","guid":{"rendered":"https:\/\/www.damac.it\/non%20class\u00e9\/merlo-p34-10\/"},"modified":"2026-04-28T12:24:50","modified_gmt":"2026-04-28T12:24:50","slug":"merlo-p34-10","status":"publish","type":"product","link":"https:\/\/www.damac.it\/fr\/chariot-telescopique\/merlo-p34-10-anguillara-sabazia\/","title":{"rendered":"MERLO P34.10"},"content":{"rendered":"\n<p>Le <strong>Merlo P34.10 de 2010<\/strong> est un chariot t\u00e9lescopique polyvalent et fiable, id\u00e9al pour les chantiers de construction, les travaux agricoles et la manutention de mat\u00e9riaux. Avec seulement <strong>1113 heures de travail<\/strong>, cette machine repr\u00e9sente une excellente opportunit\u00e9 pour ceux qui recherchent des performances \u00e9lev\u00e9es avec un investissement limit\u00e9. La <strong>capacit\u00e9 maximale de 3 400 kg<\/strong> et la <strong>hauteur de levage jusqu&#8217;\u00e0 10 m\u00e8tres<\/strong> permettent d&#8217;op\u00e9rer avec efficacit\u00e9 m\u00eame dans des contextes complexes et en hauteur.  <\/p>\n\n<p>Gr\u00e2ce \u00e0 sa structure compacte et \u00e0 son ch\u00e2ssis robuste, le Merlo P34.10 garantit stabilit\u00e9 et pr\u00e9cision pendant les op\u00e9rations. La <strong>cabine ferm\u00e9e avec normes ROPS et FOPS<\/strong> assure protection et confort \u00e0 l&#8217;op\u00e9rateur, rendant la machine adapt\u00e9e m\u00eame aux utilisations intensives. Le bras t\u00e9lescopique avec <strong>port\u00e9e horizontale de 6,3 m\u00e8tres<\/strong> offre une grande flexibilit\u00e9 op\u00e9rationnelle, facilitant le positionnement des charges.  <\/p>\n\n<p>Completo di\u00a0<strong>forche e <a href=\"https:\/\/www.damac.it\/fr\/accessoires\/\">benna<\/a><\/strong>, questo sollevatore \u00e8 pronto per diverse applicazioni, dalla movimentazione pallet ai lavori di carico. Nonostante gli pneumatici al 20%, la macchina \u00e8 funzionante e subito operativa. Disponibile ad Anguillara Sabazia, con documentazione completa, rappresenta una soluzione concreta per chi cerca un mezzo affidabile, versatile e pronto all\u2019uso.<\/p>\n\n<p><\/p>\n","protected":false},"excerpt":{"rendered":"<p>Merlo P34.10 de 2010 avec 1 113 heures, capacit\u00e9 3 400 kg et hauteur 10 m. Chariot t\u00e9lescopique fiable, complet avec fourches et godet. Id\u00e9al pour les chantiers et la manutention de mat\u00e9riaux.   Disponible \u00e0 Anguillara Sabazia.<\/p>\n","protected":false},"featured_media":40454,"template":"","meta":{"_acf_changed":false},"ubicazione_acf":[],"product_brand":[948],"product_cat":[949],"false":[757],"proprietario":[],"class_list":{"0":"post-41052","1":"product","2":"type-product","3":"status-publish","4":"has-post-thumbnail","6":"product_brand-merlo","7":"product_cat-chariot-telescopique","8":"product_tag-fr","9":"pa_brand-merlo","11":"first","12":"instock","13":"sold-individually","14":"shipping-taxable","15":"purchasable","16":"product-type-simple"},"acf":[],"_links":{"self":[{"href":"https:\/\/www.damac.it\/fr\/wp-json\/wp\/v2\/product\/41052","targetHints":{"allow":["GET"]}}],"collection":[{"href":"https:\/\/www.damac.it\/fr\/wp-json\/wp\/v2\/product"}],"about":[{"href":"https:\/\/www.damac.it\/fr\/wp-json\/wp\/v2\/types\/product"}],"wp:featuredmedia":[{"embeddable":true,"href":"https:\/\/www.damac.it\/fr\/wp-json\/wp\/v2\/media\/40454"}],"wp:attachment":[{"href":"https:\/\/www.damac.it\/fr\/wp-json\/wp\/v2\/media?parent=41052"}],"wp:term":[{"taxonomy":"ubicazione_acf","embeddable":true,"href":"https:\/\/www.damac.it\/fr\/wp-json\/wp\/v2\/ubicazione_acf?post=41052"},{"taxonomy":"product_brand","embeddable":true,"href":"https:\/\/www.damac.it\/fr\/wp-json\/wp\/v2\/product_brand?post=41052"},{"taxonomy":"product_cat","embeddable":true,"href":"https:\/\/www.damac.it\/fr\/wp-json\/wp\/v2\/product_cat?post=41052"},{"taxonomy":"product_tag","embeddable":true,"href":"https:\/\/www.damac.it\/fr\/wp-json\/wp\/v2\/false?post=41052"},{"taxonomy":"proprietario","embeddable":true,"href":"https:\/\/www.damac.it\/fr\/wp-json\/wp\/v2\/proprietario?post=41052"}],"curies":[{"name":"wp","href":"https:\/\/api.w.org\/{rel}","templated":true}]}}