{"id":41560,"date":"2026-04-29T15:58:42","date_gmt":"2026-04-29T15:58:42","guid":{"rendered":"https:\/\/www.damac.it\/non%20class\u00e9\/malhotra-10-16-5\/"},"modified":"2026-04-29T16:06:17","modified_gmt":"2026-04-29T16:06:17","slug":"malhotra-10-16-5","status":"publish","type":"product","link":"https:\/\/www.damac.it\/fr\/pneumatiques\/malhotra-10-16-5-foggia\/","title":{"rendered":"MALHOTRA 10-16.5"},"content":{"rendered":"\n<p>Il\u00a0<strong>Malhotra 10-16.5 ML2-482 HULK<\/strong>\u00a0\u00e8 uno pneumatico professionale progettato per garantire\u00a0<strong>massima resistenza, trazione e affidabilit\u00e0<\/strong>\u00a0nelle applicazioni pi\u00f9 impegnative. Nuovo e con condizioni al\u00a0<strong>100%<\/strong>, \u00e8 la scelta ideale per <a href=\"https:\/\/www.damac.it\/minipale\/\">minipale<\/a> utilizzate in edilizia, agricoltura e movimentazione materiali. La struttura\u00a0<strong>diagonale (bias)<\/strong>\u00a0con carcassa rinforzata da\u00a0<strong>12PR<\/strong>\u00a0assicura robustezza e durata nel tempo, anche su terreni difficili e in presenza di carichi elevati.<\/p>\n\n<p>La bande de roulement \u00e0 <strong>blocs profonds<\/strong> est con\u00e7ue pour offrir une <strong>adh\u00e9rence optimale et une stabilit\u00e9<\/strong>, am\u00e9liorant la s\u00e9curit\u00e9 op\u00e9rationnelle sur surfaces irr\u00e9guli\u00e8res comme le gravier, la terre et la boue. La configuration <strong>tubeless<\/strong> r\u00e9duit le risque de crevaisons soudaines et simplifie l&#8217;entretien, garantissant une continuit\u00e9 de travail et des temps d&#8217;arr\u00eat machine r\u00e9duits. <\/p>\n\n<p>Avec un indice de charge <strong>138\/130<\/strong> et une pression op\u00e9rationnelle de <strong>6,2 bar<\/strong>, ce pneu est con\u00e7u pour supporter des utilisations intensives tout en maintenant des performances constantes. Id\u00e9al pour ceux qui recherchent un produit fiable et performant, le Malhotra 10-16.5 ML2-482 HULK repr\u00e9sente un investissement intelligent pour am\u00e9liorer productivit\u00e9 et efficacit\u00e9. <\/p>\n\n<p>Disponible \u00e0 Foggia avec livraison incluse dans toute l&#8217;Italie, il est pr\u00eat \u00e0 \u00eatre mont\u00e9 et utilis\u00e9 imm\u00e9diatement.<\/p>\n","protected":false},"excerpt":{"rendered":"<p>Pneu Malhotra 10-16.5 neuf \u00e0 100 %, id\u00e9al pour mini-chargeuse. Structure renforc\u00e9e 12PR, excellente traction et r\u00e9sistance sur terrains difficiles. Fiable et pr\u00eat \u00e0 l&#8217;emploi, avec livraison incluse.   Disponible \u00e0 Foggia.<\/p>\n","protected":false},"featured_media":41565,"template":"","meta":{"_acf_changed":false},"ubicazione_acf":[],"product_brand":[1052],"product_cat":[1053],"false":[757],"proprietario":[],"class_list":{"0":"post-41560","1":"product","2":"type-product","3":"status-publish","4":"has-post-thumbnail","6":"product_brand-malhotra","7":"product_cat-pneumatiques","8":"product_tag-fr","9":"pa_brand-malhotra","11":"first","12":"instock","13":"sold-individually","14":"shipping-taxable","15":"purchasable","16":"product-type-simple"},"acf":[],"_links":{"self":[{"href":"https:\/\/www.damac.it\/fr\/wp-json\/wp\/v2\/product\/41560","targetHints":{"allow":["GET"]}}],"collection":[{"href":"https:\/\/www.damac.it\/fr\/wp-json\/wp\/v2\/product"}],"about":[{"href":"https:\/\/www.damac.it\/fr\/wp-json\/wp\/v2\/types\/product"}],"wp:featuredmedia":[{"embeddable":true,"href":"https:\/\/www.damac.it\/fr\/wp-json\/wp\/v2\/media\/41565"}],"wp:attachment":[{"href":"https:\/\/www.damac.it\/fr\/wp-json\/wp\/v2\/media?parent=41560"}],"wp:term":[{"taxonomy":"ubicazione_acf","embeddable":true,"href":"https:\/\/www.damac.it\/fr\/wp-json\/wp\/v2\/ubicazione_acf?post=41560"},{"taxonomy":"product_brand","embeddable":true,"href":"https:\/\/www.damac.it\/fr\/wp-json\/wp\/v2\/product_brand?post=41560"},{"taxonomy":"product_cat","embeddable":true,"href":"https:\/\/www.damac.it\/fr\/wp-json\/wp\/v2\/product_cat?post=41560"},{"taxonomy":"product_tag","embeddable":true,"href":"https:\/\/www.damac.it\/fr\/wp-json\/wp\/v2\/false?post=41560"},{"taxonomy":"proprietario","embeddable":true,"href":"https:\/\/www.damac.it\/fr\/wp-json\/wp\/v2\/proprietario?post=41560"}],"curies":[{"name":"wp","href":"https:\/\/api.w.org\/{rel}","templated":true}]}}