{"id":41654,"date":"2026-04-29T18:37:23","date_gmt":"2026-04-29T18:37:23","guid":{"rendered":"https:\/\/www.damac.it\/non%20class\u00e9\/simex-rw-500\/"},"modified":"2026-04-29T18:44:43","modified_gmt":"2026-04-29T18:44:43","slug":"simex-rw-500","status":"publish","type":"product","link":"https:\/\/www.damac.it\/fr\/excavateurs-a-roue\/simex-rw-500-foggia\/","title":{"rendered":"SIMEX RW500"},"content":{"rendered":"\n<p>La <strong>Simex RW500<\/strong> est une roue de tranchage professionnelle con\u00e7ue pour garantir <strong>pr\u00e9cision, efficacit\u00e9 et continuit\u00e9 op\u00e9rationnelle<\/strong> dans les travaux d\u2019excavation lin\u00e9aire. Ce mod\u00e8le de 2021 repr\u00e9sente une solution id\u00e9ale pour des applications telles que la pose de c\u00e2bles, de canalisations et les travaux d\u2019infrastructure, gr\u00e2ce \u00e0 sa <strong>profondeur de fouille allant jusqu\u2019\u00e0 500 mm<\/strong> et \u00e0 sa largeur de disque de <strong>50 mm<\/strong>, parfaite pour des tranch\u00e9es \u00e9troites et pr\u00e9cises. <\/p>\n\n<p>Dotata di\u00a0<strong>traslazione laterale idraulica<\/strong>\u00a0e regolazione della profondit\u00e0 idraulica, consente un controllo accurato durante le operazioni, migliorando la produttivit\u00e0 anche in contesti complessi. La struttura robusta e il sistema a ruota segmentata garantiscono durata nel tempo e prestazioni costanti anche su terreni impegnativi. Le\u00a0<strong>5 linee idrauliche<\/strong>\u00a0e la portata olio di\u00a0<strong>100\u2013160 l\/min<\/strong>\u00a0assicurano compatibilit\u00e0 e funzionamento ottimale con <a href=\"https:\/\/www.damac.it\/minipale\/\">minipale<\/a> professionali.<\/p>\n\n<p>Avec un poids de <strong>1 365 kg<\/strong> et une pression maximale de 300 bar, la Simex RW500 est con\u00e7ue pour travailler dans des conditions s\u00e9v\u00e8res tout en maintenant une grande fiabilit\u00e9. Id\u00e9ale pour les entreprises de construction et les op\u00e9rateurs sp\u00e9cialis\u00e9s, elle constitue une solution concr\u00e8te pour accro\u00eetre la pr\u00e9cision et la rapidit\u00e9 des travaux d\u2019excavation. <\/p>\n\n<p>La Simex RW500 est disponible \u00e0 Foggia, certifi\u00e9e CE et pr\u00eate \u00e0 \u00eatre utilis\u00e9e sur chantier.<\/p>\n\n<p><\/p>\n","protected":false},"excerpt":{"rendered":"<p>Simex RW 500 de 2021, roue de tranchage professionnelle pour mini-chargeuses. Profondeur 500 mm, haute pr\u00e9cision et translation hydraulique. Id\u00e9ale pour excavations lin\u00e9aires et pose de canalisations.   Disponible \u00e0 Foggia.<\/p>\n","protected":false},"featured_media":41656,"template":"","meta":{"_acf_changed":false},"ubicazione_acf":[],"product_brand":[1058],"product_cat":[1059],"false":[757],"proprietario":[],"class_list":{"0":"post-41654","1":"product","2":"type-product","3":"status-publish","4":"has-post-thumbnail","6":"product_brand-simex","7":"product_cat-excavateurs-a-roue","8":"product_tag-fr","9":"pa_brand-simex","11":"first","12":"instock","13":"sold-individually","14":"shipping-taxable","15":"product-type-simple"},"acf":[],"_links":{"self":[{"href":"https:\/\/www.damac.it\/fr\/wp-json\/wp\/v2\/product\/41654","targetHints":{"allow":["GET"]}}],"collection":[{"href":"https:\/\/www.damac.it\/fr\/wp-json\/wp\/v2\/product"}],"about":[{"href":"https:\/\/www.damac.it\/fr\/wp-json\/wp\/v2\/types\/product"}],"wp:featuredmedia":[{"embeddable":true,"href":"https:\/\/www.damac.it\/fr\/wp-json\/wp\/v2\/media\/41656"}],"wp:attachment":[{"href":"https:\/\/www.damac.it\/fr\/wp-json\/wp\/v2\/media?parent=41654"}],"wp:term":[{"taxonomy":"ubicazione_acf","embeddable":true,"href":"https:\/\/www.damac.it\/fr\/wp-json\/wp\/v2\/ubicazione_acf?post=41654"},{"taxonomy":"product_brand","embeddable":true,"href":"https:\/\/www.damac.it\/fr\/wp-json\/wp\/v2\/product_brand?post=41654"},{"taxonomy":"product_cat","embeddable":true,"href":"https:\/\/www.damac.it\/fr\/wp-json\/wp\/v2\/product_cat?post=41654"},{"taxonomy":"product_tag","embeddable":true,"href":"https:\/\/www.damac.it\/fr\/wp-json\/wp\/v2\/false?post=41654"},{"taxonomy":"proprietario","embeddable":true,"href":"https:\/\/www.damac.it\/fr\/wp-json\/wp\/v2\/proprietario?post=41654"}],"curies":[{"name":"wp","href":"https:\/\/api.w.org\/{rel}","templated":true}]}}