{"id":41792,"date":"2026-04-30T07:40:31","date_gmt":"2026-04-30T07:40:31","guid":{"rendered":"https:\/\/www.damac.it\/non%20class\u00e9\/kubota-kc70sl-4p\/"},"modified":"2026-04-30T07:48:29","modified_gmt":"2026-04-30T07:48:29","slug":"kubota-kc70sl-4p","status":"publish","type":"product","link":"https:\/\/www.damac.it\/fr\/motocarrioles\/kubota-kc70sl-4p-rome\/","title":{"rendered":"KUBOTA KC70SL-4P"},"content":{"rendered":"\n<p>Il\u00a0<strong>Kubota KC70SL-4P\u00a0del 2022<\/strong>\u00a0\u00e8 un <a href=\"https:\/\/www.damac.it\/dumper\/\">dumper<\/a> cingolato compatto progettato per garantire\u00a0<strong>massima efficienza, maneggevolezza e versatilit\u00e0<\/strong>\u00a0nei cantieri pi\u00f9 impegnativi. Con\u00a0<strong>505 ore di lavoro<\/strong>\u00a0e una portata utile di\u00a0<strong>700 kg<\/strong>, rappresenta una soluzione ideale per movimentazione materiali, lavori edili e manutenzioni in spazi ristretti.<\/p>\n\n<p>Gr\u00e2ce au syst\u00e8me <strong>autochargeur<\/strong>, ce dumper permet de charger le mat\u00e9riau en autonomie, r\u00e9duisant ainsi les temps et les co\u00fbts op\u00e9rationnels. Le moteur <strong>Honda GX270 de 8,3 kW<\/strong> avec <strong>d\u00e9marrage \u00e9lectrique<\/strong> assure fiabilit\u00e9, facilit\u00e9 d\u2019utilisation et performances constantes m\u00eame lors d\u2019utilisations intensives. Les <strong>chenilles en caoutchouc \u00e0 80 %<\/strong> garantissent une excellente adh\u00e9rence sur les terrains accident\u00e9s et la protection des surfaces les plus d\u00e9licates.  <\/p>\n\n<p>Sa structure compacte, d\u2019une largeur de seulement <strong>758 mm<\/strong>, le rend parfait pour les passages \u00e9troits et les travaux en milieux urbains ou int\u00e9rieurs. La pr\u00e9sence de la <strong>double vitesse<\/strong> am\u00e9liore encore l\u2019efficacit\u00e9 des d\u00e9placements, augmentant ainsi la productivit\u00e9 quotidienne. La <a href=\"https:\/\/www.damac.it\/accessori\/\">benne<\/a> robuste et spacieuse permet un transport s\u00fbr et rapide des mat\u00e9riaux.  <\/p>\n\n<p>Disponible \u00e0 Rome, le Kubota KC70SL-4P est une machine pr\u00eate \u00e0 l\u2019emploi, id\u00e9ale pour ceux qui recherchent fiabilit\u00e9, compacit\u00e9 et performance en un seul engin.<\/p>\n\n<p><\/p>\n","protected":false},"excerpt":{"rendered":"<p>Kubota KC70SL-4P de 2022 avec 505 heures, dumper sur chenilles autochargeur de 700 kg. Compact, puissant et id\u00e9al pour les espaces restreints. Moteur Honda avec d\u00e9marrage \u00e9lectrique.   Disponible \u00e0 Rome.<\/p>\n","protected":false},"featured_media":41794,"template":"","meta":{"_acf_changed":false},"ubicazione_acf":[],"product_brand":[604],"product_cat":[1068],"false":[757],"proprietario":[],"class_list":{"0":"post-41792","1":"product","2":"type-product","3":"status-publish","4":"has-post-thumbnail","6":"product_brand-kubota","7":"product_cat-motocarrioles","8":"product_tag-fr","10":"first","11":"instock","12":"sold-individually","13":"shipping-taxable","14":"product-type-simple"},"acf":[],"_links":{"self":[{"href":"https:\/\/www.damac.it\/fr\/wp-json\/wp\/v2\/product\/41792","targetHints":{"allow":["GET"]}}],"collection":[{"href":"https:\/\/www.damac.it\/fr\/wp-json\/wp\/v2\/product"}],"about":[{"href":"https:\/\/www.damac.it\/fr\/wp-json\/wp\/v2\/types\/product"}],"wp:featuredmedia":[{"embeddable":true,"href":"https:\/\/www.damac.it\/fr\/wp-json\/wp\/v2\/media\/41794"}],"wp:attachment":[{"href":"https:\/\/www.damac.it\/fr\/wp-json\/wp\/v2\/media?parent=41792"}],"wp:term":[{"taxonomy":"ubicazione_acf","embeddable":true,"href":"https:\/\/www.damac.it\/fr\/wp-json\/wp\/v2\/ubicazione_acf?post=41792"},{"taxonomy":"product_brand","embeddable":true,"href":"https:\/\/www.damac.it\/fr\/wp-json\/wp\/v2\/product_brand?post=41792"},{"taxonomy":"product_cat","embeddable":true,"href":"https:\/\/www.damac.it\/fr\/wp-json\/wp\/v2\/product_cat?post=41792"},{"taxonomy":"product_tag","embeddable":true,"href":"https:\/\/www.damac.it\/fr\/wp-json\/wp\/v2\/false?post=41792"},{"taxonomy":"proprietario","embeddable":true,"href":"https:\/\/www.damac.it\/fr\/wp-json\/wp\/v2\/proprietario?post=41792"}],"curies":[{"name":"wp","href":"https:\/\/api.w.org\/{rel}","templated":true}]}}